{"id":827,"date":"2018-08-28T15:32:04","date_gmt":"2018-08-28T15:32:04","guid":{"rendered":"http:\/\/akademie.dw.de\/tunisiamedia\/?page_id=827"},"modified":"2020-06-16T13:32:51","modified_gmt":"2020-06-16T13:32:51","slug":"jury","status":"publish","type":"page","link":"https:\/\/akademie.dw.de\/tunisiamedia\/jury\/","title":{"rendered":"JURY"},"content":{"rendered":"<h1><b>Jury final 2019<\/b><\/h1>\n<h1><img loading=\"lazy\" decoding=\"async\" class=\"wp-image-1471 size-medium alignleft\" src=\"http:\/\/akademie.dw.de\/tunisiamedia\/wp-content\/uploads\/2018\/10\/noomane_fehri-263x350.jpg\" alt=\"\" width=\"263\" height=\"350\" \/>Noomane Fehri<\/h1>\n<p>\u00e9tait ministre de l&rsquo;\u00c9conomie num\u00e9rique en Tunisie en 2015 et 2016. Il est connu pour \u00eatre un r\u00e9formateur et un leader de l&rsquo;\u00e9conomie num\u00e9rique. Son mandat a initi\u00e9 l&rsquo;\u00e9mergence d&rsquo;un \u00e9cosyst\u00e8me de startups tunisiennes que Noomane a d\u00e9cid\u00e9 de soutenir par le biais de la \u00ab carte de paiement technologique \u00bb et de la loi \u00ab Startup Act \u00bb.<\/p>\n<p>Apr\u00e8s 20 ans de carri\u00e8re internationale dans l&rsquo;\u00e9nergie et la technologie, dans 10 pays, il a d\u00e9cid\u00e9 de se consacrer \u00e0 la politique. Il a \u00e9t\u00e9 \u00e9lu en 2011 \u00e0 l&rsquo;Assembl\u00e9e constituante et r\u00e9\u00e9lu \u00e0 l&rsquo;Assembl\u00e9e des repr\u00e9sentants du peuple en 2014. En 2017, Noomane a quitt\u00e9 la politique et a fond\u00e9 B@Labs, un incubateur de start-up lanc\u00e9 avec la BIAT, la premi\u00e8re banque priv\u00e9e en Tunisie. \u00c0 l&rsquo;automne 2019, il est nomm\u00e9 haut-commissaire au World Business Angels Investment Forum.<\/p>\n<p>Noomane est titulaire d&rsquo;un master en g\u00e9ophysique de l&rsquo;ENS-ULM et d&rsquo;un dipl\u00f4me d&rsquo;ing\u00e9nieur de l&rsquo;Institut fran\u00e7ais du p\u00e9trole.<\/p>\n<h1><img loading=\"lazy\" decoding=\"async\" class=\"alignleft wp-image-1734\" src=\"http:\/\/akademie.dw.de\/tunisiamedia\/wp-content\/uploads\/2018\/11\/malek_khadraoui-350x271.jpg\" alt=\"\" width=\"350\" height=\"271\" srcset=\"https:\/\/akademie.dw.de\/tunisiamedia\/wp-content\/uploads\/2018\/11\/malek_khadraoui-350x271.jpg 350w, https:\/\/akademie.dw.de\/tunisiamedia\/wp-content\/uploads\/2018\/11\/malek_khadraoui-768x594.jpg 768w, https:\/\/akademie.dw.de\/tunisiamedia\/wp-content\/uploads\/2018\/11\/malek_khadraoui-1024x792.jpg 1024w\" sizes=\"auto, (max-width: 350px) 100vw, 350px\" \/>Malek Khadhraoui<\/h1>\n<p>est le pr\u00e9sident et le cofondateur de l\u2019ONG Al Khatt. Il est aussi \u00a0le directeur de publication du m\u00e9dia Inkyfada, projet phare de l\u2019organisation, centr\u00e9 sur \u00a0le journalisme long-format, le datajournalisme et l\u2019investigation. Il a cofond\u00e9 l\u2019association Nawaat en 2011 et a \u00e9t\u00e9 \u00a0\u00e9diteur en chef de Nawaat.org jusqu\u2019en octobre 2013.<\/p>\n<p>Dipl\u00f4m\u00e9 en Administration des Affaires , Malek a un int\u00e9r\u00eat particulier pour le journalisme d&rsquo;investigation, le datajournalisme et la photographie.<\/p>\n<h1><img loading=\"lazy\" decoding=\"async\" class=\"wp-image-1358 size-medium alignleft\" src=\"http:\/\/akademie.dw.de\/tunisiamedia\/wp-content\/uploads\/2018\/10\/Vera_Moeller_Holtkamp-350x233.jpg\" alt=\"\" width=\"350\" height=\"233\" \/>Vera M\u00f6ller-Holtkamp<\/h1>\n<p>est journaliste et chef de projet \u00e0 la DW Akademie. Elle est responsable de l&rsquo;impl\u00e9mentation de projets de d\u00e9veloppement des m\u00e9dias en Tunisie.<\/p>\n<p>Forte de 15 ans d&rsquo;exp\u00e9rience en journalisme et en d\u00e9veloppement des m\u00e9dias, elle a occup\u00e9 les postes de journaliste, de formatrice journalistique et de responsable de projet dans plusieurs pays, notamment le Vietnam, la Colombie, le P\u00e9rou, le Guatemala, le Salvador, le Burkina Faso, le Nig\u00e9ria, le Maroc et la Tunisie.<\/p>\n<h1><img loading=\"lazy\" decoding=\"async\" class=\"alignleft wp-image-1473\" src=\"http:\/\/akademie.dw.de\/tunisiamedia\/wp-content\/uploads\/2018\/10\/amel_saidane.jpg\" alt=\"\" width=\"350\" height=\"263\" \/>Amel Saidane<\/h1>\n<p>est entrepreneuse, b\u00e2tisseuse d&rsquo;\u00e9cosyst\u00e8me et experte en transformation num\u00e9rique. Elle est pr\u00e9sidente de TunisianStartups, une association qui donne la parole aux startups tunisiennes. Elle est co-fondatrice d&rsquo;une startup qui construit une base de connaissances et une plateforme de gestion de carri\u00e8re.<\/p>\n<p>Elle est \u00e9galement active en tant que consultante en gestion sp\u00e9cialis\u00e9e dans la transformation num\u00e9rique et la strat\u00e9gie d&rsquo;entreprise. C&rsquo;est une militante de l&rsquo;innovation et de la transformation num\u00e9rique qui agit par exemple comme ambassadrice du r\u00e9seau Digital Arabia Network pour la Tunisie. Cette plateforme soutient la transformation num\u00e9rique dans le monde arabe, mais aussi le concours de jeunes pousses et les World Summit Awards pour l&rsquo;innovation num\u00e9rique. Elle est \u00e9galement membre du BMW Responsible Leaders Network.<\/p>\n<p>Auparavant, elle a occup\u00e9 diff\u00e9rents postes dans le domaine de la vente et de la gestion des relations avec la client\u00e8le. Collaborant en Tunisie pour les plus grandes multinationales (Microsoft, Siemens, Nokia Siemens), Amel jouit d\u2019une connaissance approfondie du march\u00e9 tunisien et des pratiques de gestion des ventes et du marketing.<\/p>\n<p>Amel est ing\u00e9nieure en \u00e9lectrotechnique, dipl\u00f4m\u00e9e de l&rsquo;Universit\u00e9 Leibniz de Hanovre (Allemagne) et est \u00e9galement titulaire d&rsquo;un Master of Science in Business in Digital Economy de l&rsquo;Universit\u00e9 du Maryland.<\/p>\n","protected":false},"excerpt":{"rendered":"<p>Jury final 2019 Noomane Fehri \u00e9tait ministre de l&rsquo;\u00c9conomie num\u00e9rique en Tunisie en 2015 et 2016. Il est connu pour \u00eatre un r\u00e9formateur et un leader de l&rsquo;\u00e9conomie num\u00e9rique. Son mandat a initi\u00e9 l&rsquo;\u00e9mergence d&rsquo;un \u00e9cosyst\u00e8me de startups tunisiennes que Noomane a d\u00e9cid\u00e9 de soutenir par le biais de la \u00ab carte de paiement technologique &hellip; <\/p>\n<p class=\"link-more\"><a href=\"https:\/\/akademie.dw.de\/tunisiamedia\/jury\/\" class=\"more-link\">Continuer la lecture<span class=\"screen-reader-text\"> de &laquo;&nbsp;JURY&nbsp;&raquo;<\/span><\/a><\/p>\n","protected":false},"author":5,"featured_media":0,"parent":0,"menu_order":0,"comment_status":"closed","ping_status":"closed","template":"","meta":{"_monsterinsights_skip_tracking":false,"_monsterinsights_sitenote_active":false,"_monsterinsights_sitenote_note":"","_monsterinsights_sitenote_category":0,"footnotes":""},"class_list":["post-827","page","type-page","status-publish","hentry"],"_links":{"self":[{"href":"https:\/\/akademie.dw.de\/tunisiamedia\/wp-json\/wp\/v2\/pages\/827","targetHints":{"allow":["GET"]}}],"collection":[{"href":"https:\/\/akademie.dw.de\/tunisiamedia\/wp-json\/wp\/v2\/pages"}],"about":[{"href":"https:\/\/akademie.dw.de\/tunisiamedia\/wp-json\/wp\/v2\/types\/page"}],"author":[{"embeddable":true,"href":"https:\/\/akademie.dw.de\/tunisiamedia\/wp-json\/wp\/v2\/users\/5"}],"replies":[{"embeddable":true,"href":"https:\/\/akademie.dw.de\/tunisiamedia\/wp-json\/wp\/v2\/comments?post=827"}],"version-history":[{"count":28,"href":"https:\/\/akademie.dw.de\/tunisiamedia\/wp-json\/wp\/v2\/pages\/827\/revisions"}],"predecessor-version":[{"id":3516,"href":"https:\/\/akademie.dw.de\/tunisiamedia\/wp-json\/wp\/v2\/pages\/827\/revisions\/3516"}],"wp:attachment":[{"href":"https:\/\/akademie.dw.de\/tunisiamedia\/wp-json\/wp\/v2\/media?parent=827"}],"curies":[{"name":"wp","href":"https:\/\/api.w.org\/{rel}","templated":true}]}}