{"id":7406,"date":"2024-03-06T12:33:00","date_gmt":"2024-03-06T12:33:00","guid":{"rendered":"https:\/\/akademie.dw.de\/tunisiamedia\/?page_id=7406"},"modified":"2026-04-15T15:09:22","modified_gmt":"2026-04-15T15:09:22","slug":"sma-call","status":"publish","type":"page","link":"https:\/\/akademie.dw.de\/tunisiamedia\/sma-call\/","title":{"rendered":"SMART MEDIA ACCELERATOR 2026 &#8211; Appel \u00e0 candidatures"},"content":{"rendered":"\n<figure class=\"wp-block-image size-full\"><img loading=\"lazy\" decoding=\"async\" width=\"768\" height=\"432\" src=\"https:\/\/akademie.dw.de\/tunisiamedia\/wp-content\/uploads\/2024\/03\/DWA-SMA-Video_Abspanntafel_1024x576-EN-EU_Logo.png\" alt=\"\" class=\"wp-image-7815\" srcset=\"https:\/\/akademie.dw.de\/tunisiamedia\/wp-content\/uploads\/2024\/03\/DWA-SMA-Video_Abspanntafel_1024x576-EN-EU_Logo.png 768w, https:\/\/akademie.dw.de\/tunisiamedia\/wp-content\/uploads\/2024\/03\/DWA-SMA-Video_Abspanntafel_1024x576-EN-EU_Logo-350x197.png 350w\" sizes=\"auto, (max-width: 767px) 89vw, (max-width: 1000px) 54vw, (max-width: 1071px) 543px, 580px\" \/><\/figure>\n\n\n\n<h2 class=\"wp-block-heading has-text-align-center\"><mark style=\"background-color:rgba(0, 0, 0, 0);color:#00659f\" class=\"has-inline-color\">Que vous d\u00e9veloppiez un nouveau projet dans le domaine des m\u00e9dias ou que vous souhaitiez consolider un projet existant, le SMART MEDIA ACCELERATOR est con\u00e7u pour vous accompagner dans votre prochaine \u00e9tape. Les candidatures sont ouvertes du 24 mars au 19 avril 2026.\n<\/mark><\/h2>\n\n\n\n<div class=\"wp-block-columns is-layout-flex wp-container-core-columns-is-layout-9d6595d7 wp-block-columns-is-layout-flex\">\n<div class=\"wp-block-column is-layout-flow wp-block-column-is-layout-flow\">\n<div class=\"wp-block-image\">\n<figure class=\"aligncenter size-full is-resized\"><img decoding=\"async\" src=\"https:\/\/akademie.dw.de\/tunisiamedia\/wp-content\/uploads\/2026\/03\/SMA_Call_2026-1.jpg\" alt=\"\" class=\"wp-image-8604\" style=\"width:850px\"\/><\/figure>\n<\/div>\n\n<h2 class=\"wp-block-heading\">\u00cates-vous pr\u00eat \u00e0 faire passer votre m\u00e9dia au niveau sup\u00e9rieur ?<\/h2>\n\n\n\n<h2 class=\"wp-block-heading\">Rejoignez le SMART MEDIA ACCELERATOR.<\/h2>\n\n\n\n<p><\/p>\n\n\n\n<p>SMART MEDIA ACCELERATOR est une initiative de la DW Akademie d\u00e9di\u00e9e au renforcement du journalisme de qualit\u00e9 en Afrique du Nord.<\/p>\n\n\n\n<p>\u00c0 travers deux programmes compl\u00e9mentaires \u2014 MEDIA LOVES TECH et MEDIA PARCOURS \u2014 les projets m\u00e9diatiques en phase pr\u00e9coce comme les m\u00e9dias \u00e9tablis b\u00e9n\u00e9ficient d\u2019un accompagnement personnalis\u00e9, intelligent et pratique, con\u00e7u pour r\u00e9pondre \u00e0 leurs v\u00e9ritables d\u00e9fis \u00e9ditoriaux, organisationnels et strat\u00e9giques.<\/p>\n\n\n\n<h2 class=\"wp-block-heading\">De quoi s\u2019agit-il ?&nbsp;<\/h2>\n\n\n\n<p>Le SMART MEDIA ACCELERATOR r\u00e9unit deux programmes d\u2019excellence : MEDIA LOVES TECH, le programme d\u2019incubation pour les projets m\u00e9diatiques \u00e9mergents, et MEDIA PARCOURS, le programme d\u2019acc\u00e9l\u00e9ration destin\u00e9 aux organisations m\u00e9diatiques \u00e9tablies.<\/p>\n\n\n\n<p>Les deux programmes offrent un acc\u00e8s \u00e0 un environnement riche et bienveillant, con\u00e7u autour des besoins r\u00e9els des m\u00e9dias participants. Nous travaillons en \u00e9troite collaboration avec chaque \u00e9quipe afin de comprendre leurs d\u00e9fis, mobiliser la bonne expertise au bon moment, cr\u00e9er des connexions et des synergies, partager des opportunit\u00e9s et soutenir le d\u00e9veloppement de nouvelles id\u00e9es qui renforcent durablement leur m\u00e9dia.<\/p>\n\n\n\n<figure class=\"wp-block-table\"><table class=\"has-fixed-layout\"><tbody><tr><td class=\"has-text-align-center\" data-align=\"center\"><img loading=\"lazy\" decoding=\"async\" width=\"176\" height=\"176\" src=\"https:\/\/akademie.dw.de\/tunisiamedia\/wp-content\/uploads\/2024\/02\/image-1.png\"><\/td><td class=\"has-text-align-center\" data-align=\"center\"><img loading=\"lazy\" decoding=\"async\" width=\"173\" height=\"175\" src=\"https:\/\/akademie.dw.de\/tunisiamedia\/wp-content\/uploads\/2024\/02\/image-2.png\"><\/td><\/tr><tr><td class=\"has-text-align-center\" data-align=\"center\"><a href=\"https:\/\/akademie.dw.de\/tunisiamedia\/media-loves-tech\/?lang=en\"><strong>MEDIA LOVES TECH<br><\/strong><em><br><\/em><\/a>MEDIA LOVES TECH s\u2019adresse aux porteurs de projets m\u00e9diatiques et aux initiatives technologiques au service du journalisme. Le programme accompagne des \u00e9quipes d\u2019Afrique du Nord dans la validation de leurs id\u00e9es et leur pr\u00e9paration \u00e0 l\u2019entr\u00e9e sur le march\u00e9.Les candidats s\u00e9lectionn\u00e9s commencent par une phase de pr\u00e9\u2011incubation de trois mois, enti\u00e8rement en ligne, ax\u00e9e sur un apprentissage structur\u00e9 via des cours s\u00e9lectionn\u00e9s et des sessions en ligne. Elle est suivie d\u2019une phase d\u2019incubation suppl\u00e9mentaire de trois mois, combinant acc\u00e8s \u00e0 la plateforme en ligne et accompagnement individualis\u00e9 par des experts, adapt\u00e9 aux besoins sp\u00e9cifiques de chaque projet.Le programme aide les \u00e9quipes \u00e0 passer du concept \u00e0 la clart\u00e9 \u2014 prendre des d\u00e9cisions \u00e9clair\u00e9es, affiner leurs solutions et poser des bases solides pour la suite de leur d\u00e9veloppement.<\/td><td class=\"has-text-align-center\" data-align=\"center\"><strong><a href=\"https:\/\/akademie.dw.de\/tunisiamedia\/media-parcours\/?lang=en\">MEDIA PARCOURS<\/a><br><\/strong><br>Le programme d\u2019acc\u00e9l\u00e9ration du SMART MEDIA ACCELERATOR, MEDIA PARCOURS, s\u2019\u00e9tend sur neuf mois et s\u2019adresse aux organisations m\u00e9diatiques marocaines et tunisiennes \u00e9tablies \u2014 ind\u00e9pendantes, associatives ou priv\u00e9es \u2014 souhaitant renforcer et optimiser leurs op\u00e9rations.MEDIA PARCOURS accompagne les m\u00e9dias participants en partageant des pratiques \u00e9prouv\u00e9es et en r\u00e9pondant \u00e0 leurs besoins sp\u00e9cifiques. Avec chaque organisation, un parcours personnalis\u00e9 est d\u00e9fini, combinant expertise, renforcement de capacit\u00e9s, soutien organisationnel et acc\u00e8s \u00e0 des opportunit\u00e9s.&nbsp;Nous recherchons des acteurs m\u00e9diatiques engag\u00e9s pour renforcer le journalisme de qualit\u00e9 et pr\u00eats \u00e0 s\u2019investir dans un parcours de croissance structur\u00e9.<\/td><\/tr><\/tbody><\/table><\/figure>\n\n\n\n<p>Candidatez maintenant et rejoignez le hub d\u2019excellence du SMART MEDIA ACCELERATOR.<\/p>\n\n\n\n<h2 class=\"wp-block-heading\"><em>\u00c9tapes des programmes<\/em><\/h2>\n\n\n\n<p><\/p>\n\n\n\n<p><strong>MEDIA LOVES TECH<\/strong><\/p>\n\n\n\n<figure class=\"wp-block-image size-full\"><img loading=\"lazy\" decoding=\"async\" width=\"1426\" height=\"833\" src=\"https:\/\/akademie.dw.de\/tunisiamedia\/wp-content\/uploads\/2026\/03\/MLT-Timeline-2026.jpg\" alt=\"\" class=\"wp-image-8676\" srcset=\"https:\/\/akademie.dw.de\/tunisiamedia\/wp-content\/uploads\/2026\/03\/MLT-Timeline-2026.jpg 1426w, https:\/\/akademie.dw.de\/tunisiamedia\/wp-content\/uploads\/2026\/03\/MLT-Timeline-2026-350x204.jpg 350w, https:\/\/akademie.dw.de\/tunisiamedia\/wp-content\/uploads\/2026\/03\/MLT-Timeline-2026-1024x598.jpg 1024w, https:\/\/akademie.dw.de\/tunisiamedia\/wp-content\/uploads\/2026\/03\/MLT-Timeline-2026-768x449.jpg 768w\" sizes=\"auto, (max-width: 767px) 89vw, (max-width: 1000px) 54vw, (max-width: 1071px) 543px, 580px\" \/><\/figure>\n\n\n\n<p><strong>MEDIA PARCOURS<\/strong><\/p>\n\n\n\n<figure class=\"wp-block-image size-full\"><img decoding=\"async\" src=\"https:\/\/akademie.dw.de\/tunisiamedia\/wp-content\/uploads\/2026\/03\/MP-timeline-2026_V02_SchPau-2048x860.png\" alt=\"\" class=\"wp-image-8679\"\/><\/figure>\n\n\n\n<h2 class=\"wp-block-heading\">Suis-je \u00e9ligible et comment postuler ?<\/h2>\n\n\n\n<p>Avant de postuler, nous vous encourageons \u00e0 consulter attentivement les informations disponibles sur les pages <a href=\"https:\/\/akademie.dw.de\/tunisiamedia\/media-loves-tech\/\">MEDIA LOVES TECH<\/a> et <a href=\"https:\/\/akademie.dw.de\/tunisiamedia\/media-parcours\/\">MEDIA PARCOURS<\/a> afin de v\u00e9rifier que votre projet ou m\u00e9dia correspond aux objectifs et crit\u00e8res d\u2019\u00e9ligibilit\u00e9.<\/p>\n\n\n\n<p>Les candidatures au SMART MEDIA ACCELERATOR se font via un formulaire unique.<\/p>\n\n\n\n<p>Au tout d\u00e9but du formulaire, les candidats s\u00e9lectionnent le programme auquel ils souhaitent postuler \u2014 MEDIA LOVES TECH ou MEDIA PARCOURS \u2014 selon leur pays de r\u00e9sidence. Ils compl\u00e8tent ensuite int\u00e9gralement la partie correspondante.<\/p>\n\n\n\n<p>Comment postuler :<\/p>\n\n\n\n<ol class=\"wp-block-list\">\n<li><strong>Remplissez le formulaire disponible en haut de cette page.<\/strong><\/li>\n\n\n\n<li><strong>S\u00e9lectionnez MEDIA LOVES TECH ou MEDIA PARCOURS au d\u00e9but du formulaire, selon les crit\u00e8res requis.<\/strong><\/li>\n\n\n\n<li><strong>Soumettez votre candidature.<\/strong><\/li>\n<\/ol>\n\n\n\n<p>Ce qu&rsquo;il se passe ensuite :<\/p>\n\n\n\n<ul class=\"wp-block-list\">\n<li>Tous les candidats re\u00e7oivent une confirmation apr\u00e8s soumission.<\/li>\n\n\n\n<li>Les candidats s\u00e9lectionn\u00e9s pour MEDIA LOVES TECH seront contact\u00e9s avec les instructions concernant l\u2019acc\u00e8s \u00e0 la plateforme d\u2019apprentissage en ligne.<\/li>\n\n\n\n<li>Les candidats s\u00e9lectionn\u00e9s pour MEDIA PARCOURS seront contact\u00e9s pour planifier un entretien.<\/li>\n<\/ul>\n\n\n\n<p>&nbsp;Les candidatures sont ouvertes du 24 mars au 19 avril 2026.<\/p>\n\n\n\n<h2 class=\"wp-block-heading\">Contact<\/h2>\n\n\n\n<p><em><br><\/em>Une question ? Contactez-nous :<br>medialovestech@dw.com<br>mediaparcours@dw.com<br><br>Suivez-nous :<em><br><\/em><a href=\"https:\/\/www.facebook.com\/SmartMediaAccelerator\">Facebook\/SmartMediaAccelerator<br><\/a><a href=\"https:\/\/www.youtube.com\/@SmartMediaAccelerator\">Youtube.com\/@SmartMediaAccelerator<\/a><\/p>\n\n\n\n<p><strong><em>Le SMART MEDIA ACCELERATOR est une initiative de la DW Akademie, le centre de d\u00e9veloppement m\u00e9diatique international, de formation journalistique et de transfert de connaissances de Deutsche Welle, en coop\u00e9ration avec l\u2019ONG m\u00e9diatique tunisienne Al Khatt. Al Khatt se veut un think tank et un espace de r\u00e9flexion sur l\u2019avenir du journalisme \u00e0 l\u2019\u00e8re d\u2019Internet.<\/em><\/strong><\/p>\n\n\n\n<p><strong><em>Ce programme est financ\u00e9 par l\u2019Union europ\u00e9enne, le minist\u00e8re f\u00e9d\u00e9ral allemand de la Coop\u00e9ration \u00e9conomique et du D\u00e9veloppement (BMZ).<\/em><\/strong><\/p>\n\n<\/div>\n\n\n\n<div class=\"wp-block-column is-layout-flow wp-block-column-is-layout-flow\">\n<iframe loading=\"lazy\" src=\"https:\/\/docs.google.com\/forms\/d\/e\/1FAIpQLSe8H_TGlJR6s3meIRF3IcavYdDfJDHWCQ0LloPXLC2ngO8XLQ\/viewform?embedded=true\" width=\"640\" height=\"2000\" frameborder=\"0\" marginheight=\"0\" marginwidth=\"0\">Wird geladen\u2026<\/iframe>\n<\/div>\n<\/div>\n<!-- \/wp:post-content -->","protected":false},"excerpt":{"rendered":"<p>Que vous d\u00e9veloppiez un nouveau projet dans le domaine des m\u00e9dias ou que vous souhaitiez consolider un projet existant, le SMART MEDIA ACCELERATOR est con\u00e7u pour vous accompagner dans votre prochaine \u00e9tape. Les candidatures sont ouvertes du 24 mars au 19 avril 2026. \u00cates-vous pr\u00eat \u00e0 faire passer votre m\u00e9dia au niveau sup\u00e9rieur ? Rejoignez &hellip; <\/p>\n<p class=\"link-more\"><a href=\"https:\/\/akademie.dw.de\/tunisiamedia\/sma-call\/\" class=\"more-link\">Continuer la lecture<span class=\"screen-reader-text\"> de &laquo;&nbsp;SMART MEDIA ACCELERATOR 2026 &#8211; Appel \u00e0 candidatures&nbsp;&raquo;<\/span><\/a><\/p>\n","protected":false},"author":3,"featured_media":0,"parent":0,"menu_order":0,"comment_status":"closed","ping_status":"closed","template":"","meta":{"_monsterinsights_skip_tracking":false,"_monsterinsights_sitenote_active":false,"_monsterinsights_sitenote_note":"","_monsterinsights_sitenote_category":0,"footnotes":""},"class_list":["post-7406","page","type-page","status-publish","hentry"],"_links":{"self":[{"href":"https:\/\/akademie.dw.de\/tunisiamedia\/wp-json\/wp\/v2\/pages\/7406","targetHints":{"allow":["GET"]}}],"collection":[{"href":"https:\/\/akademie.dw.de\/tunisiamedia\/wp-json\/wp\/v2\/pages"}],"about":[{"href":"https:\/\/akademie.dw.de\/tunisiamedia\/wp-json\/wp\/v2\/types\/page"}],"author":[{"embeddable":true,"href":"https:\/\/akademie.dw.de\/tunisiamedia\/wp-json\/wp\/v2\/users\/3"}],"replies":[{"embeddable":true,"href":"https:\/\/akademie.dw.de\/tunisiamedia\/wp-json\/wp\/v2\/comments?post=7406"}],"version-history":[{"count":98,"href":"https:\/\/akademie.dw.de\/tunisiamedia\/wp-json\/wp\/v2\/pages\/7406\/revisions"}],"predecessor-version":[{"id":8974,"href":"https:\/\/akademie.dw.de\/tunisiamedia\/wp-json\/wp\/v2\/pages\/7406\/revisions\/8974"}],"wp:attachment":[{"href":"https:\/\/akademie.dw.de\/tunisiamedia\/wp-json\/wp\/v2\/media?parent=7406"}],"curies":[{"name":"wp","href":"https:\/\/api.w.org\/{rel}","templated":true}]}}