{"id":7013,"date":"2023-10-02T12:08:43","date_gmt":"2023-10-02T12:08:43","guid":{"rendered":"https:\/\/akademie.dw.de\/tunisiamedia\/?page_id=7013"},"modified":"2026-03-17T09:48:14","modified_gmt":"2026-03-17T09:48:14","slug":"ai-ressources","status":"publish","type":"page","link":"https:\/\/akademie.dw.de\/tunisiamedia\/ai-ressources\/?lang=en","title":{"rendered":"AI Ressources"},"content":{"rendered":"\n<h1 class=\"wp-block-heading\">Journalism Design<\/h1>\n\n\n\n<p><a href=\"https:\/\/journaldesignit.gumroad.com\/l\/IANewsrooms\">L\u2019AI dans les r\u00e9dactions<\/a><\/p>\n\n\n\n<p><a href=\"https:\/\/akademie.dw.de\/tunisiamedia\/ai-ressources\/r%C3%A9dactionhttps:\/www.emi.coop\/chatgpt-et-les-medias\/\">ChatGPT et les m\u00e9dias : anticiper l\u2019arriv\u00e9e de l\u2019IA dans une<\/a><\/p>\n\n\n\n<p><a href=\"https:\/\/www.meta-media.fr\/wp-content\/uploads\/sites\/33\/2023\/07\/metamedia-22-pages.pdf\">MedIAs dans les r\u00e9dactions<\/a><\/p>\n\n\n\n<p><a href=\"https:\/\/docs.google.com\/document\/d\/1kGhvIYIBnqPMIcMaHiIpKFsocySo7FL_EvB3kucF1Dc\/edit\">21 ateliers sur l\u2019IA pour les enseignants \u2013 Google Docs<\/a><\/p>\n\n\n\n<p><a href=\"https:\/\/larevuedesmedias.ina.fr\/chatgpt-intelligence-artificielle-medias-utilisations\">Intelligence artificielle et m\u00e9dias : cinq utilisations, au-del\u00e0 de ChatGPT | la revue des m\u00e9dias<\/a><\/p>\n\n\n\n<p><a href=\"https:\/\/ijnet.org\/fr\/story\/les-meilleurs-outils-d%E2%80%99ia-pour-lutter-contre-les-deepfakes\">Les meilleurs outils d\u2019IA pour lutter contre les deepfakes | R\u00e9seau international des journalistes<\/a><\/p>\n\n\n\n<p><a href=\"https:\/\/rsf.org\/fr\/rsf-lance-avec-ses-partenaires-une-commission-internationale-pour-une-charte-de-lia-dans-les\">RSF lance avec ses partenaires une commission internationale pour une \u201cCharte de l\u2019IA dans les m\u00e9dias\u201d<\/a><\/p>\n\n\n\n<h1 class=\"wp-block-heading\">Journalism AI<\/h1>\n\n\n\n<p><a href=\"https:\/\/www.lse.ac.uk\/media-and-communications\/polis\/JournalismAI\">About Journalism AI<\/a><\/p>\n\n\n\n<p><a href=\"https:\/\/www.journalismai.info\/research\/2023-generating-change\">JournalismAI\u2019s Generating Change Report 2023<\/a><\/p>\n\n\n\n<p><a href=\"https:\/\/www.ftstrategies.com\/journalismai-report-launch-recording\">JournalismAI Report Launch Recording | FT Strategies \u2013 Subscriptions consultancy from the Financial Times<\/a><\/p>\n\n\n\n<p><a href=\"https:\/\/rsf.org\/en\/ai-charter-media-10-individuals-and-6-additional-partner-organisations-join-rsf-first-working\">AI Charter for media RSF, DW et al<\/a><\/p>\n\n\n\n<p><a href=\"https:\/\/reutersinstitute.politics.ox.ac.uk\/news\/ai-and-journalism-whats-next\">AI and journalism: What\u2019s next? | Reuters Institute for the Study of Journalism<\/a><\/p>\n\n\n\n<h1 class=\"wp-block-heading\">Regional<\/h1>\n\n\n\n<p><a href=\"https:\/\/www.youtube.com\/watch?v=3E2UgM9Y5Lo\">Elyes Manai \u2013 The current state of AI in Tunisia<\/a><\/p>\n\n\n\n<p><a href=\"https:\/\/blog.witness.org\/wp-content\/uploads\/2023\/05\/Public-Report_-Fortifying-Community-Truth-in-the-Age-of-Generative-AI-and-Synthetic-Media-in-Africa-1.pdf\">Fortifying Community Truth in the Age of Generative AI and Synthetic Media in Africa<\/a><\/p>\n\n\n\n<p><a href=\"https:\/\/researchictafrica.net\/2023\/06\/27\/generating-buzz-how-can-local-newsrooms-in-africa-use-generative-ai-to-stay-ahead-of-the-curve\">How Can Local Newsrooms in Africa Use Generative AI to Stay Ahead of the Curve?<\/a><\/p>\n\n\n\n<p><a href=\"https:\/\/www.dw.com\/de\/wie-geht-die-deutsche-welle-mit-generativer-ki-um\/a-66867285\">How does Deutsche Welle deal with generative AI (German)?<\/a><\/p>\n\n\n\n<h1 class=\"wp-block-heading\">Regulation<\/h1>\n\n\n\n<p><a href=\"https:\/\/algorithmwatch.org\/en\/algorithmwatch-demands-regulation-of-general-purpose-ai\/\">AlgorithmWatch demands the regulation of General Purpose AI in the AI Act<\/a><\/p>\n\n\n\n<p><a href=\"https:\/\/www.mckinsey.com\/capabilities\/quantumblack\/our-insights\/the-state-of-ai-in-2023-generative-ais-breakout-year\">Statistics: Generative AI\u2019s breakout year<\/a><\/p>\n\n\n\n<p><a href=\"https:\/\/www.rollingstone.com\/culture\/culture-features\/women-warnings-ai-danger-risk-before-chatgpt-1234804367\/\">These Women Tried to Warn Us About AI<\/a><\/p>\n\n\n\n<p><a href=\"https:\/\/dl.acm.org\/doi\/pdf\/10.1145\/3442188.3445922\">Gebrus Paper<\/a><\/p>\n\n\n\n<p><a href=\"https:\/\/llm-attacks.org\/\">Attacks on Large Language Models<\/a><\/p>\n\n\n\n<p><a href=\"https:\/\/blog.witness.org\/2023\/06\/using-generative-ai-for-human-rights-advocacy\/\">AI for Human Rights Advocacy<\/a><\/p>\n\n\n\n<p><a href=\"https:\/\/www.niemanlab.org\/2023\/07\/writing-guidelines-for-the-role-of-ai-in-your-newsroom-here-are-some-er-guidelines-for-that\/\">Guidelines for the role of AI in your newsroom<\/a><\/p>\n\n\n\n<h1 class=\"wp-block-heading\">Bias<\/h1>\n\n\n\n<p><a href=\"https:\/\/www.linkedin.com\/feed\/update\/urn:li:activity:7093201019790077952\/\">How AI Image Generators Make Bias Worse<\/a><\/p>\n\n\n\n<h1 class=\"wp-block-heading\">FACTS &amp; FUNDINGS<\/h1>\n\n\n\n<p><strong>Here you will find a selection of useful resources, background information, and funding opportunities to support the economic viability of media startups in the Maghreb.<\/strong><\/p>\n\n\n\n<h2 class=\"wp-block-heading\">RESSOURCES<\/h2>\n\n\n\n<figure class=\"wp-block-image size-full is-resized\"><img loading=\"lazy\" decoding=\"async\" width=\"238\" height=\"212\" src=\"https:\/\/akademie.dw.de\/tunisiamedia\/wp-content\/uploads\/2026\/03\/image-5.png\" alt=\"\" class=\"wp-image-8620\" style=\"width:250px\"\/><\/figure>\n\n\n\n<h2 class=\"wp-block-heading\"><a href=\"https:\/\/www.startupact.tn\/\">Startup Act Tunisie<\/a><\/h2>\n\n\n\n<p>Le portail regroupant toutes les informations relatives au Start Up Act en Tunisie.<\/p>\n\n\n\n<figure class=\"wp-block-image size-full is-resized\"><img loading=\"lazy\" decoding=\"async\" width=\"533\" height=\"533\" src=\"https:\/\/akademie.dw.de\/tunisiamedia\/wp-content\/uploads\/2026\/03\/image-6.png\" alt=\"\" class=\"wp-image-8621\" style=\"width:250px\" srcset=\"https:\/\/akademie.dw.de\/tunisiamedia\/wp-content\/uploads\/2026\/03\/image-6.png 533w, https:\/\/akademie.dw.de\/tunisiamedia\/wp-content\/uploads\/2026\/03\/image-6-350x350.png 350w, https:\/\/akademie.dw.de\/tunisiamedia\/wp-content\/uploads\/2026\/03\/image-6-150x150.png 150w, https:\/\/akademie.dw.de\/tunisiamedia\/wp-content\/uploads\/2026\/03\/image-6-100x100.png 100w\" sizes=\"auto, (max-width: 533px) 100vw, 533px\" \/><\/figure>\n\n\n\n<h2 class=\"wp-block-heading\"><a href=\"https:\/\/digitalmediaviability.com\/digital-media-startup-companies-in-the-arab-world-2019\/\"><strong>Entrepreneurs Of Tunisia<\/strong><\/a><\/h2>\n\n\n\n<p>La plateforme de l\u2019\u00e9cosyst\u00e8me entrepreneurial tunisien.<\/p>\n\n\n\n<h2 class=\"wp-block-heading\"><a href=\"https:\/\/digitalmediaviability.com\/digital-media-startup-companies-in-the-arab-world-2019\/\">Algerian entrepreneurial ecosystem mapping by Sylabs<\/a><\/h2>\n\n\n\n<p>Sylabs, le hub d\u2019entrepreneuriat et de technologie alg\u00e9rien, a r\u00e9alis\u00e9 une cartographie de l\u2019\u00e9cosyst\u00e8me entrepreneurial alg\u00e9rien.<\/p>\n\n\n\n<h2 class=\"wp-block-heading\"><a href=\"https:\/\/innovation.dw.com\/\">DW Innovation<\/a><\/h2>\n\n\n\n<p>DW Innovation explore les technologies \u00e9mergentes et leur impact sur le journalisme, les m\u00e9dias et le public.<\/p>\n\n\n\n<h2 class=\"wp-block-heading\">FACTS<\/h2>\n\n\n\n<figure class=\"wp-block-image size-full is-resized\"><img loading=\"lazy\" decoding=\"async\" width=\"721\" height=\"1024\" src=\"https:\/\/akademie.dw.de\/tunisiamedia\/wp-content\/uploads\/2026\/03\/image-2.jpeg\" alt=\"\" class=\"wp-image-8626\" style=\"width:800px\" srcset=\"https:\/\/akademie.dw.de\/tunisiamedia\/wp-content\/uploads\/2026\/03\/image-2.jpeg 721w, https:\/\/akademie.dw.de\/tunisiamedia\/wp-content\/uploads\/2026\/03\/image-2-246x350.jpeg 246w\" sizes=\"auto, (max-width: 721px) 100vw, 721px\" \/><\/figure>\n\n\n\n<h2 class=\"wp-block-heading\"><a href=\"https:\/\/digitalmediaviability.com\/digital-media-startup-companies-in-the-arab-world-2019\/\">Digital Media Startup Companies in the Arab world 2019<\/a><\/h2>\n\n\n\n<p>Publi\u00e9e par la Maharat Fundation (Liban), cette \u00e9tude se penche notamment sur des exemples de start-ups m\u00e9dias au Maroc.<br><br>N\u00e9 du partenariat entre la DW Akademie au Liban et Maharat Fundation, <a href=\"https:\/\/digitalmediaviability.com\/\">Digitalmediaviability.com<\/a> propose un vaste choix de ressources pour start-ups m\u00e9dias dans toute la r\u00e9gion MENA.<\/p>\n\n\n\n<figure class=\"wp-block-image size-full is-resized\"><img loading=\"lazy\" decoding=\"async\" width=\"714\" height=\"999\" src=\"https:\/\/akademie.dw.de\/tunisiamedia\/wp-content\/uploads\/2026\/03\/image-8.png\" alt=\"\" class=\"wp-image-8627\" style=\"width:800px\" srcset=\"https:\/\/akademie.dw.de\/tunisiamedia\/wp-content\/uploads\/2026\/03\/image-8.png 714w, https:\/\/akademie.dw.de\/tunisiamedia\/wp-content\/uploads\/2026\/03\/image-8-250x350.png 250w\" sizes=\"auto, (max-width: 714px) 100vw, 714px\" \/><\/figure>\n\n\n\n<h2 class=\"wp-block-heading\"><a href=\"https:\/\/digitalmediaviability.com\/digital-media-startup-companies-in-the-arab-world-2019\/\">From start to success&nbsp;<\/a><\/h2>\n\n\n\n<h2 class=\"wp-block-heading\"><a href=\"https:\/\/www.dw.com\/downloads\/54885261\/dw-akademie-media-viability-handbook-september-2020.pdf\">A handbook for digital media entrepreneurs<\/a><\/h2>\n\n\n\n<p>Un guide pratique sur la viabilit\u00e9 des m\u00e9dias r\u00e9unissant les retours d\u2019exp\u00e9riences et conseils de 21 startups m\u00e9dia actives dans 18 pays diff\u00e9rents.&nbsp;<\/p>\n\n\n\n<p>Le premier chapitre d\u00e9di\u00e9 au lancement de l\u2019entreprise se concentre sur des initiatives de la r\u00e9gion MENA.<\/p>\n\n\n\n<p><a href=\"https:\/\/www.dw.com\/en\/dw-akademie\/publications\/s-9527\">Retrouvez toutes les publications de la DW Akademie sur le th\u00e8me de la viabilit\u00e9 des m\u00e9dias.<\/a><\/p>\n\n\n\n<figure class=\"wp-block-image size-full is-resized\"><img loading=\"lazy\" decoding=\"async\" width=\"790\" height=\"1024\" src=\"https:\/\/akademie.dw.de\/tunisiamedia\/wp-content\/uploads\/2026\/03\/image-3.jpeg\" alt=\"\" class=\"wp-image-8628\" style=\"width:800px\" srcset=\"https:\/\/akademie.dw.de\/tunisiamedia\/wp-content\/uploads\/2026\/03\/image-3.jpeg 790w, https:\/\/akademie.dw.de\/tunisiamedia\/wp-content\/uploads\/2026\/03\/image-3-270x350.jpeg 270w, https:\/\/akademie.dw.de\/tunisiamedia\/wp-content\/uploads\/2026\/03\/image-3-768x995.jpeg 768w\" sizes=\"auto, (max-width: 767px) 89vw, (max-width: 1000px) 54vw, (max-width: 1071px) 543px, 580px\" \/><\/figure>\n\n\n\n<h2 class=\"wp-block-heading\"><a href=\"https:\/\/inn.org\/innindex\/\">INN Index 2020<\/a><\/h2>\n\n\n\n<p>Les rapports annuels de l\u2019Institute for Nonprofit News offrent un aper\u00e7u du fonctionnement des organes de presse \u00e0 but non lucratif en Am\u00e9rique du Nord, ainsi que les tendances et les d\u00e9fis \u00e0 relever du moment.<\/p>\n\n\n\n<h2 class=\"wp-block-heading\">FUNDINGS<\/h2>\n\n\n\n<figure class=\"wp-block-image size-full is-resized\"><img loading=\"lazy\" decoding=\"async\" width=\"363\" height=\"50\" src=\"https:\/\/akademie.dw.de\/tunisiamedia\/wp-content\/uploads\/2026\/03\/image-7.png\" alt=\"\" class=\"wp-image-8625\" style=\"width:800px\" srcset=\"https:\/\/akademie.dw.de\/tunisiamedia\/wp-content\/uploads\/2026\/03\/image-7.png 363w, https:\/\/akademie.dw.de\/tunisiamedia\/wp-content\/uploads\/2026\/03\/image-7-350x48.png 350w\" sizes=\"auto, (max-width: 363px) 100vw, 363px\" \/><\/figure>\n\n\n\n<p>Le r\u00e9seau international de journalisme d\u2019investigation (GIJN) propose de nombreuses ressources : <a href=\"https:\/\/helpdesk.gijn.org\/support\/solutions\/articles\/14000036512-fundraising-and-grants\">conseils en fundraising<\/a>, <a href=\"https:\/\/helpdesk.gijn.org\/support\/solutions\/articles\/14000036514-fellowships\">listes de subventions et de bourses<\/a>\u2026<\/p>\n","protected":false},"excerpt":{"rendered":"<p>Journalism Design L\u2019AI dans les r\u00e9dactions ChatGPT et les m\u00e9dias : anticiper l\u2019arriv\u00e9e de l\u2019IA dans une MedIAs dans les r\u00e9dactions 21 ateliers sur l\u2019IA pour les enseignants \u2013 Google Docs Intelligence artificielle et m\u00e9dias : cinq utilisations, au-del\u00e0 de ChatGPT | la revue des m\u00e9dias Les meilleurs outils d\u2019IA pour lutter contre les deepfakes &hellip; <\/p>\n<p class=\"link-more\"><a href=\"https:\/\/akademie.dw.de\/tunisiamedia\/ai-ressources\/?lang=en\" class=\"more-link\">Continuer la lecture<span class=\"screen-reader-text\"> de &laquo;&nbsp;AI Ressources&nbsp;&raquo;<\/span><\/a><\/p>\n","protected":false},"author":3,"featured_media":0,"parent":0,"menu_order":0,"comment_status":"closed","ping_status":"closed","template":"","meta":{"_monsterinsights_skip_tracking":false,"_monsterinsights_sitenote_active":false,"_monsterinsights_sitenote_note":"","_monsterinsights_sitenote_category":0,"footnotes":""},"class_list":["post-7013","page","type-page","status-publish","hentry"],"_links":{"self":[{"href":"https:\/\/akademie.dw.de\/tunisiamedia\/wp-json\/wp\/v2\/pages\/7013","targetHints":{"allow":["GET"]}}],"collection":[{"href":"https:\/\/akademie.dw.de\/tunisiamedia\/wp-json\/wp\/v2\/pages"}],"about":[{"href":"https:\/\/akademie.dw.de\/tunisiamedia\/wp-json\/wp\/v2\/types\/page"}],"author":[{"embeddable":true,"href":"https:\/\/akademie.dw.de\/tunisiamedia\/wp-json\/wp\/v2\/users\/3"}],"replies":[{"embeddable":true,"href":"https:\/\/akademie.dw.de\/tunisiamedia\/wp-json\/wp\/v2\/comments?post=7013"}],"version-history":[{"count":8,"href":"https:\/\/akademie.dw.de\/tunisiamedia\/wp-json\/wp\/v2\/pages\/7013\/revisions"}],"predecessor-version":[{"id":8640,"href":"https:\/\/akademie.dw.de\/tunisiamedia\/wp-json\/wp\/v2\/pages\/7013\/revisions\/8640"}],"wp:attachment":[{"href":"https:\/\/akademie.dw.de\/tunisiamedia\/wp-json\/wp\/v2\/media?parent=7013"}],"curies":[{"name":"wp","href":"https:\/\/api.w.org\/{rel}","templated":true}]}}