{"id":6270,"date":"2023-06-10T15:18:48","date_gmt":"2023-06-10T15:18:48","guid":{"rendered":"https:\/\/akademie.dw.de\/tunisiamedia\/?page_id=6270"},"modified":"2026-03-27T19:37:51","modified_gmt":"2026-03-27T19:37:51","slug":"media-parcours","status":"publish","type":"page","link":"https:\/\/akademie.dw.de\/tunisiamedia\/media-parcours\/","title":{"rendered":"MEDIA PARCOURS"},"content":{"rendered":"\n<figure class=\"wp-block-image size-full is-resized\"><img loading=\"lazy\" decoding=\"async\" width=\"1024\" height=\"576\" src=\"https:\/\/akademie.dw.de\/tunisiamedia\/wp-content\/uploads\/2024\/02\/DWA-MP-Video_Abspanntafel_1024x576-FR-EU_Logo.png\" alt=\"\" class=\"wp-image-7317\" srcset=\"https:\/\/akademie.dw.de\/tunisiamedia\/wp-content\/uploads\/2024\/02\/DWA-MP-Video_Abspanntafel_1024x576-FR-EU_Logo.png 1024w, https:\/\/akademie.dw.de\/tunisiamedia\/wp-content\/uploads\/2024\/02\/DWA-MP-Video_Abspanntafel_1024x576-FR-EU_Logo-350x197.png 350w, https:\/\/akademie.dw.de\/tunisiamedia\/wp-content\/uploads\/2024\/02\/DWA-MP-Video_Abspanntafel_1024x576-FR-EU_Logo-768x432.png 768w, https:\/\/akademie.dw.de\/tunisiamedia\/wp-content\/uploads\/2024\/02\/DWA-MP-Video_Abspanntafel_1024x576-FR-EU_Logo-24x14.png 24w, https:\/\/akademie.dw.de\/tunisiamedia\/wp-content\/uploads\/2024\/02\/DWA-MP-Video_Abspanntafel_1024x576-FR-EU_Logo-36x20.png 36w, https:\/\/akademie.dw.de\/tunisiamedia\/wp-content\/uploads\/2024\/02\/DWA-MP-Video_Abspanntafel_1024x576-FR-EU_Logo-48x27.png 48w\" sizes=\"auto, (max-width: 767px) 89vw, (max-width: 1000px) 54vw, (max-width: 1071px) 543px, 580px\" \/><\/figure>\n\n\n\n<h2 class=\"wp-block-heading\">Jusqu\u2019o\u00f9 \u00eates-vous pr\u00eat \u00e0 emmener votre m\u00e9dia ?<\/h2>\n\n\n\n<p><\/p>\n\n\n\n<p>MEDIA PARCOURS permet aux organisations m\u00e9diatiques \u00e9tablies d\u2019atteindre leur prochaine \u00e9tape de d\u00e9veloppement.<\/p>\n\n\n\n<p>Con\u00e7u par la DW Akademie, MEDIA PARCOURS est le programme d\u2019acc\u00e9l\u00e9ration du SMART MEDIA ACCELERATOR destin\u00e9 aux m\u00e9dias marocains et tunisiens. Sur une p\u00e9riode de neuf mois, il offre un accompagnement continu et sur mesure pour aider les m\u00e9dias \u00e0 optimiser leurs op\u00e9rations, renforcer leurs performances et se d\u00e9velopper de mani\u00e8re durable.<\/p>\n\n\n\n<p>Le programme adopte une approche holistique, travaillant simultan\u00e9ment sur les pratiques \u00e9ditoriales, la structure organisationnelle et les fondations \u00e9conomiques, avec un accent clair sur la viabilit\u00e9 \u00e0 long terme et la r\u00e9silience.<\/p>\n\n\n\n<h2 class=\"wp-block-heading\">\u00c0 qui s&rsquo;adresse MEDIA PARCOURS ?<\/h2>\n\n\n\n<p><\/p>\n\n\n\n<p>MEDIA PARCOURS est con\u00e7u pour les organisations m\u00e9diatiques ind\u00e9pendantes, associatives et priv\u00e9es op\u00e9rant au Maroc et en Tunisie.<\/p>\n\n\n\n<p>Le programme s\u2019adresse aux m\u00e9dias pr\u00eats \u00e0 engager l\u2019ensemble de leur organisation dans un processus d\u2019am\u00e9lioration et de transformation, et qui reconnaissent la qualit\u00e9 journalistique, les standards professionnels et l\u2019apprentissage continu comme moteurs essentiels de r\u00e9ussite et de durabilit\u00e9.<\/p>\n\n\n\n<p><\/p>\n\n\n\n<p><\/p>\n\n\n\n<figure class=\"wp-block-image size-large\"><img loading=\"lazy\" decoding=\"async\" width=\"1024\" height=\"768\" src=\"https:\/\/akademie.dw.de\/tunisiamedia\/wp-content\/uploads\/2023\/07\/MicrosoftTeams-image-12-1024x768.jpg\" alt=\"\" class=\"wp-image-6865\" srcset=\"https:\/\/akademie.dw.de\/tunisiamedia\/wp-content\/uploads\/2023\/07\/MicrosoftTeams-image-12-1024x768.jpg 1024w, https:\/\/akademie.dw.de\/tunisiamedia\/wp-content\/uploads\/2023\/07\/MicrosoftTeams-image-12-350x262.jpg 350w, https:\/\/akademie.dw.de\/tunisiamedia\/wp-content\/uploads\/2023\/07\/MicrosoftTeams-image-12-768x576.jpg 768w, https:\/\/akademie.dw.de\/tunisiamedia\/wp-content\/uploads\/2023\/07\/MicrosoftTeams-image-12-1536x1152.jpg 1536w, https:\/\/akademie.dw.de\/tunisiamedia\/wp-content\/uploads\/2023\/07\/MicrosoftTeams-image-12-24x18.jpg 24w, https:\/\/akademie.dw.de\/tunisiamedia\/wp-content\/uploads\/2023\/07\/MicrosoftTeams-image-12-36x27.jpg 36w, https:\/\/akademie.dw.de\/tunisiamedia\/wp-content\/uploads\/2023\/07\/MicrosoftTeams-image-12-48x36.jpg 48w, https:\/\/akademie.dw.de\/tunisiamedia\/wp-content\/uploads\/2023\/07\/MicrosoftTeams-image-12.jpg 2047w\" sizes=\"auto, (max-width: 767px) 89vw, (max-width: 1000px) 54vw, (max-width: 1071px) 543px, 580px\" \/><figcaption class=\"wp-element-caption\">Dans les studios de la radio IFM \u00e0 Tunis en 2022.<br>Cr\u00e9dit : MEDIA PARCOURS<\/figcaption><\/figure>\n\n\n\n<h2 class=\"wp-block-heading\">Que propose le programme ? <\/h2>\n\n\n\n<p><\/p>\n\n\n\n<p>MEDIA PARCOURS repose sur un catalogue de services soigneusement s\u00e9lectionn\u00e9s et sur la contribution d\u2019experts nationaux et internationaux reconnus, permettant un accompagnement totalement personnalis\u00e9 et con\u00e7u en \u00e9troite collaboration avec chaque organisation m\u00e9diatique.<\/p>\n\n\n\n<p>Le programme propose un accompagnement intelligent et sur mesure, commen\u00e7ant par un diagnostic complet du m\u00e9dia, couvrant l\u2019organisation, la qualit\u00e9 \u00e9ditoriale, la strat\u00e9gie d\u2019audience, le marketing et les op\u00e9rations business. Sur la base de cette \u00e9valuation, et en coh\u00e9rence avec votre identit\u00e9 de marque, des objectifs clairs sont d\u00e9finis pour la p\u00e9riode MEDIA PARCOURS.<\/p>\n\n\n\n<p>Nous d\u00e9veloppons ensuite ensemble une feuille de route structur\u00e9e, d\u00e9taillant les activit\u00e9s \u00e0 mener, les \u00e9tapes \u00e0 atteindre et l\u2019expertise requise \u00e0 chaque \u00e9tape. Cette feuille de route est directement align\u00e9e sur vos priorit\u00e9s et mise en \u0153uvre avec le soutien d\u2019experts s\u00e9lectionn\u00e9s.<\/p>\n\n\n\n<p>MEDIA PARCOURS est con\u00e7u comme un programme flexible, combinant diff\u00e9rentes formes d\u2019accompagnement : renforcement de capacit\u00e9s, interventions d\u2019experts, ressources en ligne et opportunit\u00e9s de r\u00e9seautage.<\/p>\n\n\n\n<p>Le programme est structur\u00e9 autour de trois piliers th\u00e9matiques :<\/p>\n\n\n\n<ul class=\"wp-block-list\">\n<li>Qualit\u00e9 journalistique et \u00e9ditoriale<\/li>\n\n\n\n<li>Audience et d\u00e9veloppement commercial<\/li>\n\n\n\n<li>Finance et op\u00e9rations business<\/li>\n<\/ul>\n\n\n\n<p>Un objectif partag\u00e9 est de rendre les progr\u00e8s mesurables et visibles. Pour cela, un cadre de suivi standardis\u00e9 est mis en place, incluant des indicateurs de performance (KPIs) et des rep\u00e8res qualitatifs.<\/p>\n\n\n\n<p>Ce syst\u00e8me de suivi fournit des informations essentielles pour mesurer les progr\u00e8s, soutenir la prise de d\u00e9cision et renforcer la position du m\u00e9dia lorsqu\u2019il interagit avec des investisseurs, fonds m\u00e9dias, sponsors et partenaires \u00e0 tout moment de son d\u00e9veloppement.<\/p>\n\n\n\n<h2 class=\"wp-block-heading\">Qu&rsquo;en est-il du financement ?<\/h2>\n\n\n\n<p><\/p>\n\n\n\n<p>MEDIA PARCOURS ne fournit pas de financement direct pendant le programme. En revanche, les participants ont acc\u00e8s \u00e0 un \u00e9cosyst\u00e8me d\u2019accompagnement de grande valeur, con\u00e7u pour renforcer leur organisation de mani\u00e8re structurelle. Cela inclut une expertise internationale, des formations avanc\u00e9es et des opportunit\u00e9s de r\u00e9seautage cibl\u00e9es. L\u2019id\u00e9e est simple : tirer pleinement parti des ressources du programme pour acc\u00e9l\u00e9rer le d\u00e9veloppement et pr\u00e9parer la prochaine \u00e9tape.<\/p>\n\n\n\n<p><\/p>\n\n\n\n<h2 class=\"wp-block-heading\">Les \u00e9tapes du programme<\/h2>\n\n\n\n<p><\/p>\n\n\n\n<figure class=\"wp-block-image size-large is-resized\"><img loading=\"lazy\" decoding=\"async\" width=\"1024\" height=\"430\" src=\"https:\/\/akademie.dw.de\/tunisiamedia\/wp-content\/uploads\/2026\/03\/MP-timeline-2026_V02_SchPau-1024x430.png\" alt=\"\" class=\"wp-image-8883\" style=\"width:1237px;height:auto\" srcset=\"https:\/\/akademie.dw.de\/tunisiamedia\/wp-content\/uploads\/2026\/03\/MP-timeline-2026_V02_SchPau-1024x430.png 1024w, https:\/\/akademie.dw.de\/tunisiamedia\/wp-content\/uploads\/2026\/03\/MP-timeline-2026_V02_SchPau-350x147.png 350w, https:\/\/akademie.dw.de\/tunisiamedia\/wp-content\/uploads\/2026\/03\/MP-timeline-2026_V02_SchPau-768x322.png 768w, https:\/\/akademie.dw.de\/tunisiamedia\/wp-content\/uploads\/2026\/03\/MP-timeline-2026_V02_SchPau-1536x645.png 1536w, https:\/\/akademie.dw.de\/tunisiamedia\/wp-content\/uploads\/2026\/03\/MP-timeline-2026_V02_SchPau-2048x860.png 2048w\" sizes=\"auto, (max-width: 767px) 89vw, (max-width: 1000px) 54vw, (max-width: 1071px) 543px, 580px\" \/><\/figure>\n\n\n\n<p>MEDIA PARCOURS se compose de 3 grandes \u00e9tapes.<br><\/p>\n\n\n\n<h4 class=\"wp-block-heading\">\u00c9tape 1 \u2013 Phase de candidature et de qualification<br>Du 24 mars \u00e0 d\u00e9but mai 2026.<\/h4>\n\n\n\n<p>MEDIA PARCOURS commence d\u00e8s l&rsquo;envoi du <a href=\"https:\/\/akademie.dw.de\/tunisiamedia\/sma-call-2025\/\">formulaire de candidature SMART MEDIA ACCELERATOR 2026<\/a> et la phase de candidature.  Durant cette p\u00e9riode, les organisations candidates sont invit\u00e9es \u00e0 exprimer leur raison d\u2019\u00eatre, mettre en avant leurs r\u00e9alisations cl\u00e9s et partager ouvertement les d\u00e9fis et questions strat\u00e9giques auxquels elles font face.<\/p>\n\n\n\n<p>Les candidats doivent \u00e9galement d\u00e9finir leurs objectifs strat\u00e9giques pour les mois \u00e0 venir. Cette r\u00e9flexion initiale fournit une vision claire et structur\u00e9e de l\u2019organisation, de ses pratiques et de ses ambitions.<\/p>\n\n\n\n<p>L\u2019\u00e9ligibilit\u00e9 est \u00e9valu\u00e9e sur la base de ce diagnostic complet et honn\u00eate, qui constitue la fondation de l\u2019accompagnement sur mesure propos\u00e9 durant tout le programme MEDIA PARCOURS.<\/p>\n\n\n\n<p>Les organisations s\u00e9lectionn\u00e9es seront annonc\u00e9es par e-mail fin avril 2026.<\/p>\n\n\n\n<h4 class=\"wp-block-heading\"><strong>\u00c9tape 2 \u2013 Phase 1: \u201cThe Gate\u201d. <br>Analyse des besoins et \u00e9laboration de la feuille de route<br>Mai-juillet 2026.<\/strong><\/h4>\n\n\n\n<p>Une fois officiellement s\u00e9lectionn\u00e9e, chaque organisation passe par une phase d\u2019analyse des besoins (\u00ab needs assessment \u00bb). Cette \u00e9tape cruciale permet de prioriser les objectifs \u00e0 atteindre et les actions \u00e0 mettre en \u0153uvre durant le programme.<\/p>\n\n\n\n<p>\u00ab The Gate \u00bb est une phase de s\u00e9lection. \u00c0 l\u2019issue de cette \u00e9tape, deux \u00e9quipes par pays (Maroc &amp; Tunisie) seront retenues sur la base des crit\u00e8res suivants : qualit\u00e9 des livrables, disponibilit\u00e9 et motivation de l\u2019\u00e9quipe, ad\u00e9quation du m\u00e9dia au programme et potentiel de croissance.<\/p>\n\n\n\n<p>Une feuille de route est ensuite \u00e9labor\u00e9e conjointement pour les \u00e9quipes retenues.<\/p>\n\n\n\n<h4 class=\"wp-block-heading\">\u00c9tape 3 \u2013 Phases 2 &amp; 3: D\u00e9veloppement du programme<br>Phase 2: Ao\u00fbt-Octobre 2026<br>Phase 3: Novembre 2026-Janvier 2027<\/h4>\n\n\n\n<p>Pendant ces deux phases, les actions sont mises en \u0153uvre conform\u00e9ment \u00e0 la feuille de route, selon les trois piliers d\u00e9finis : \u00ab Qualit\u00e9 journalistique &amp; \u00e9ditoriale \u00bb, \u00ab Audience &amp; d\u00e9veloppement commercial \u00bb, \u00ab Finance &amp; op\u00e9rations business \u00bb.<br><\/p>\n\n\n\n<p><\/p>\n\n\n\n<p><\/p>\n\n\n\n<p><strong><em>MEDIA PARCOURS <\/em><\/strong><strong><em>est une initiative de la DW Akademie, le centre de d\u00e9veloppement m\u00e9diatique international, de formation journalistique et de transfert de connaissances de Deutsche Welle, en coop\u00e9ration avec l\u2019ONG tunisienne Al Khatt. Al Khatt se veut un laboratoire d\u2019id\u00e9es et un espace de r\u00e9flexion sur l\u2019avenir du journalisme \u00e0 l\u2019\u00e8re num\u00e9rique.<\/em><\/strong><\/p>\n\n\n\n<p><strong><em>Ce programme est financ\u00e9 par l\u2019Union europ\u00e9enne, le minist\u00e8re f\u00e9d\u00e9ral allemand de la Coop\u00e9ration \u00e9conomique et du D\u00e9veloppement (BMZ).<\/em><\/strong><\/p>\n","protected":false},"excerpt":{"rendered":"<p>Jusqu\u2019o\u00f9 \u00eates-vous pr\u00eat \u00e0 emmener votre m\u00e9dia ? MEDIA PARCOURS permet aux organisations m\u00e9diatiques \u00e9tablies d\u2019atteindre leur prochaine \u00e9tape de d\u00e9veloppement. Con\u00e7u par la DW Akademie, MEDIA PARCOURS est le programme d\u2019acc\u00e9l\u00e9ration du SMART MEDIA ACCELERATOR destin\u00e9 aux m\u00e9dias marocains et tunisiens. Sur une p\u00e9riode de neuf mois, il offre un accompagnement continu et sur &hellip; <\/p>\n<p class=\"link-more\"><a href=\"https:\/\/akademie.dw.de\/tunisiamedia\/media-parcours\/\" class=\"more-link\">Continuer la lecture<span class=\"screen-reader-text\"> de &laquo;&nbsp;MEDIA PARCOURS&nbsp;&raquo;<\/span><\/a><\/p>\n","protected":false},"author":3,"featured_media":0,"parent":0,"menu_order":0,"comment_status":"closed","ping_status":"closed","template":"","meta":{"_monsterinsights_skip_tracking":false,"_monsterinsights_sitenote_active":false,"_monsterinsights_sitenote_note":"","_monsterinsights_sitenote_category":0,"footnotes":""},"class_list":["post-6270","page","type-page","status-publish","hentry"],"_links":{"self":[{"href":"https:\/\/akademie.dw.de\/tunisiamedia\/wp-json\/wp\/v2\/pages\/6270","targetHints":{"allow":["GET"]}}],"collection":[{"href":"https:\/\/akademie.dw.de\/tunisiamedia\/wp-json\/wp\/v2\/pages"}],"about":[{"href":"https:\/\/akademie.dw.de\/tunisiamedia\/wp-json\/wp\/v2\/types\/page"}],"author":[{"embeddable":true,"href":"https:\/\/akademie.dw.de\/tunisiamedia\/wp-json\/wp\/v2\/users\/3"}],"replies":[{"embeddable":true,"href":"https:\/\/akademie.dw.de\/tunisiamedia\/wp-json\/wp\/v2\/comments?post=6270"}],"version-history":[{"count":79,"href":"https:\/\/akademie.dw.de\/tunisiamedia\/wp-json\/wp\/v2\/pages\/6270\/revisions"}],"predecessor-version":[{"id":8886,"href":"https:\/\/akademie.dw.de\/tunisiamedia\/wp-json\/wp\/v2\/pages\/6270\/revisions\/8886"}],"wp:attachment":[{"href":"https:\/\/akademie.dw.de\/tunisiamedia\/wp-json\/wp\/v2\/media?parent=6270"}],"curies":[{"name":"wp","href":"https:\/\/api.w.org\/{rel}","templated":true}]}}