{"id":6265,"date":"2023-06-10T15:12:29","date_gmt":"2023-06-10T15:12:29","guid":{"rendered":"https:\/\/akademie.dw.de\/tunisiamedia\/?page_id=6265"},"modified":"2026-03-20T20:24:34","modified_gmt":"2026-03-20T20:24:34","slug":"portfolio","status":"publish","type":"page","link":"https:\/\/akademie.dw.de\/tunisiamedia\/portfolio\/","title":{"rendered":"Portfolio"},"content":{"rendered":"\n<h2 class=\"wp-block-heading\">Portfolio<\/h2>\n\n\n\n<p><\/p>\n\n\n\n<p>Depuis 2018, SMART MEDIA ACCELERATOR accompagne de nombreux projets m\u00e9diatiques dans leur phase d&rsquo;incubation ou d&rsquo;acc\u00e9l\u00e9ration.<\/p>\n\n\n\n<p>D\u00e9couvrez ici les projets que nous avons soutenus et l&rsquo;impact que nous avons g\u00e9n\u00e9r\u00e9.<\/p>\n\n\n\n<p>Lire aussi : <a href=\"https:\/\/akademie.dw.com\/en\/media-loves-tech-impact-stories\/a-67776183\" target=\"_blank\" rel=\"noreferrer noopener\">MEDIA LOVES TECH &#8211; Impact stories<\/a><\/p>\n\n\n\n<p><\/p>\n\n\n\n<p><\/p>\n\n\n\n<p><\/p>\n\n\n\n<figure class=\"wp-block-gallery has-nested-images columns-4 is-cropped wp-block-gallery-1 is-layout-flex wp-block-gallery-is-layout-flex\">\n<figure class=\"wp-block-image size-large\"><img decoding=\"async\" data-id=\"3385\" src=\"https:\/\/akademie.dw.de\/tunisiamedia\/wp-content\/uploads\/2023\/06\/Upop-Logo.png\" alt=\"Upop Morocco\" class=\"wp-image-3385\"\/><figcaption class=\"wp-element-caption\">Upop Morocco<\/figcaption><\/figure>\n\n\n\n<figure class=\"wp-block-image size-large\"><img decoding=\"async\" data-id=\"3385\" src=\"https:\/\/akademie.dw.de\/tunisiamedia\/wp-content\/uploads\/2023\/06\/uKoment_logo.png\" alt=\"uKoment\" class=\"wp-image-3385\"\/><figcaption class=\"wp-element-caption\">uKoment<\/figcaption><\/figure>\n\n\n\n<figure class=\"wp-block-image size-large\"><img decoding=\"async\" data-id=\"3385\" src=\"https:\/\/akademie.dw.de\/tunisiamedia\/wp-content\/uploads\/2023\/06\/TrueStory_socialbrandFR.png\" alt=\"True Story\" class=\"wp-image-3385\"\/><figcaption class=\"wp-element-caption\">True Story<\/figcaption><\/figure>\n\n\n\n<figure class=\"wp-block-image size-large\"><img decoding=\"async\" data-id=\"3385\" src=\"https:\/\/akademie.dw.de\/tunisiamedia\/wp-content\/uploads\/2023\/06\/tnm.jpeg\" alt=\"Tunisian Modern Newspaper\" class=\"wp-image-3385\"\/><figcaption class=\"wp-element-caption\">Tunisian Modern Newspaper<\/figcaption><\/figure>\n\n\n\n<figure class=\"wp-block-image size-large\"><img decoding=\"async\" data-id=\"3385\" src=\"https:\/\/akademie.dw.de\/tunisiamedia\/wp-content\/uploads\/2023\/06\/MOOM_Logo_N_B-scaled.jpg\" alt=\"MOOM\" class=\"wp-image-3385\"\/><figcaption class=\"wp-element-caption\">MOOM<\/figcaption><\/figure>\n\n\n\n<figure class=\"wp-block-image size-large\"><img decoding=\"async\" data-id=\"3385\" src=\"https:\/\/akademie.dw.de\/tunisiamedia\/wp-content\/uploads\/2023\/06\/irbe7.jpg\" alt=\"irbe7\" class=\"wp-image-3385\"\/><figcaption class=\"wp-element-caption\">irbe7<\/figcaption><\/figure>\n\n\n\n<figure class=\"wp-block-image size-large\"><img decoding=\"async\" data-id=\"3385\" src=\"https:\/\/akademie.dw.de\/tunisiamedia\/wp-content\/uploads\/2023\/06\/Albiaanews_logo.jpg\" alt=\"Albiaa News\" class=\"wp-image-3385\"\/><figcaption class=\"wp-element-caption\">Albiaa News<\/figcaption><\/figure>\n\n\n\n<figure class=\"wp-block-image size-large\"><img decoding=\"async\" data-id=\"3382\" src=\"https:\/\/techsupport-dev.de\/tunisiamedia\/wp-content\/uploads\/2020\/10\/TP-logo-carre.jpg\" alt=\"\" class=\"wp-image-3382\"\/><figcaption class=\"wp-element-caption\">Tunisia Podcasts<\/figcaption><\/figure>\n\n\n\n<figure class=\"wp-block-image size-large\"><img decoding=\"async\" data-id=\"3391\" src=\"https:\/\/techsupport-dev.de\/tunisiamedia\/wp-content\/uploads\/2020\/09\/cohorte_Skyolia.jpg\" alt=\"Skyolia - Team logo\" class=\"wp-image-3391\"\/><figcaption class=\"wp-element-caption\">Skyolia<\/figcaption><\/figure>\n\n\n\n<figure class=\"wp-block-image size-large\"><img decoding=\"async\" data-id=\"3388\" src=\"https:\/\/techsupport-dev.de\/tunisiamedia\/wp-content\/uploads\/2020\/10\/cohorte_Shifaa.jpg\" alt=\"Shifaa - Team logo\" class=\"wp-image-3388\"\/><figcaption class=\"wp-element-caption\">Shifaa<\/figcaption><\/figure>\n\n\n\n<figure class=\"wp-block-image size-large\"><img decoding=\"async\" data-id=\"3376\" src=\"https:\/\/techsupport-dev.de\/tunisiamedia\/wp-content\/uploads\/2020\/09\/cohorte_Road2.0.jpg\" alt=\"Road 2.0 - Team logo\" class=\"wp-image-3376\"\/><figcaption class=\"wp-element-caption\">Road 2.0<\/figcaption><\/figure>\n\n\n\n<figure class=\"wp-block-image size-large\"><img decoding=\"async\" data-id=\"3394\" src=\"https:\/\/techsupport-dev.de\/tunisiamedia\/wp-content\/uploads\/2020\/11\/cohort_radiocean.png\" alt=\"Radiocean - Team logo\" class=\"wp-image-3394\"\/><figcaption class=\"wp-element-caption\">Radiocean<\/figcaption><\/figure>\n\n\n\n<figure class=\"wp-block-image size-large\"><img decoding=\"async\" data-id=\"3379\" src=\"https:\/\/techsupport-dev.de\/tunisiamedia\/wp-content\/uploads\/2020\/09\/cohorte_Nass.jpg\" alt=\"Enass - Team logo\" class=\"wp-image-3379\"\/><figcaption class=\"wp-element-caption\">Enass<\/figcaption><\/figure>\n\n\n\n<figure class=\"wp-block-image size-large\"><img decoding=\"async\" data-id=\"3397\" src=\"https:\/\/techsupport-dev.de\/tunisiamedia\/wp-content\/uploads\/2020\/09\/cohorte_Tahaqaq.jpg\" alt=\"Tahaqaq - Team logo\" class=\"wp-image-3397\"\/><figcaption class=\"wp-element-caption\">Tahaqaq<\/figcaption><\/figure>\n\n\n\n<figure class=\"wp-block-image size-large\"><img decoding=\"async\" data-id=\"3613\" src=\"https:\/\/techsupport-dev.de\/tunisiamedia\/wp-content\/uploads\/2020\/09\/cohorte_Ineffable.jpg\" alt=\"Ineffable - Team logo\" class=\"wp-image-3613\"\/><figcaption class=\"wp-element-caption\">Ineffable Art et Culture<\/figcaption><\/figure>\n\n\n\n<figure class=\"wp-block-image size-large\"><img decoding=\"async\" data-id=\"3385\" src=\"https:\/\/techsupport-dev.de\/tunisiamedia\/wp-content\/uploads\/2020\/09\/cohorte_ATIG_Data.jpg\" alt=\"ATIG Data - Team logo\" class=\"wp-image-3385\"\/><figcaption class=\"wp-element-caption\">ATIG Data<\/figcaption><\/figure>\n\n\n\n<figure class=\"wp-block-image size-large\"><img decoding=\"async\" data-id=\"3385\" src=\"https:\/\/techsupport-dev.de\/tunisiamedia\/wp-content\/uploads\/2020\/11\/logo_chourabi.png\" alt=\"Chourabi - Team logo\" class=\"wp-image-3385\"\/><figcaption class=\"wp-element-caption\">Chourabi<\/figcaption><\/figure>\n\n\n\n<figure class=\"wp-block-image size-large\"><img decoding=\"async\" data-id=\"3385\" src=\"https:\/\/akademie.dw.de\/tunisiamedia\/wp-content\/uploads\/2023\/05\/DWA-MLT-Logo-white.png\" alt=\"Zinaa\" class=\"wp-image-3385\"\/><figcaption class=\"wp-element-caption\">Zinaa<\/figcaption><\/figure>\n\n\n\n<figure class=\"wp-block-image size-large\"><img decoding=\"async\" data-id=\"3385\" src=\"https:\/\/akademie.dw.de\/tunisiamedia\/wp-content\/uploads\/2023\/05\/DWA-MLT-Logo-white.png\" alt=\"\u062a\u0637\u0628\u064a\u0642\u0629 CONSOLE\" class=\"wp-image-3385\"\/><figcaption class=\"wp-element-caption\">\u062a\u0637\u0628\u064a\u0642\u0629 CONSOLE<\/figcaption><\/figure>\n\n\n\n<figure class=\"wp-block-image size-large\"><img decoding=\"async\" data-id=\"3385\" src=\"https:\/\/akademie.dw.de\/tunisiamedia\/wp-content\/uploads\/2023\/05\/DWA-MLT-Logo-white.png\" alt=\"Redac Tool\" class=\"wp-image-3385\"\/><figcaption class=\"wp-element-caption\">Redac Tool<\/figcaption><\/figure>\n\n\n\n<figure class=\"wp-block-image size-large\"><img decoding=\"async\" data-id=\"3385\" src=\"https:\/\/akademie.dw.de\/tunisiamedia\/wp-content\/uploads\/2023\/05\/DWA-MLT-Logo-white.png\" alt=\"Medai\" class=\"wp-image-3385\"\/><figcaption class=\"wp-element-caption\">Medai<\/figcaption><\/figure>\n\n\n\n<figure class=\"wp-block-image size-large\"><img decoding=\"async\" data-id=\"3385\" src=\"https:\/\/akademie.dw.de\/tunisiamedia\/wp-content\/uploads\/2023\/05\/DWA-MLT-Logo-white.png\" alt=\"Flen\" class=\"wp-image-3385\"\/><figcaption class=\"wp-element-caption\">Flen<\/figcaption><\/figure>\n\n\n\n<figure class=\"wp-block-image size-large\"><img decoding=\"async\" data-id=\"3385\" src=\"https:\/\/akademie.dw.de\/tunisiamedia\/wp-content\/uploads\/2023\/05\/DWA-MLT-Logo-white.png\" alt=\"Look Arabic\" class=\"wp-image-3385\"\/><figcaption class=\"wp-element-caption\">Look Arabic<\/figcaption><\/figure>\n\n\n\n<figure class=\"wp-block-image size-large\"><img decoding=\"async\" data-id=\"3385\" src=\"https:\/\/akademie.dw.de\/tunisiamedia\/wp-content\/uploads\/2023\/05\/DWA-MLT-Logo-white.png\" alt=\"\u0633\u0648\u0631\u0633\u0627 la source\" class=\"wp-image-3385\"\/><figcaption class=\"wp-element-caption\">\u0633\u0648\u0631\u0633\u0627 la source<\/figcaption><\/figure>\n\n\n\n<figure class=\"wp-block-image size-large\"><img decoding=\"async\" data-id=\"3385\" src=\"https:\/\/akademie.dw.de\/tunisiamedia\/wp-content\/uploads\/2023\/05\/DWA-MLT-Logo-white.png\" alt=\"UPDATE\" class=\"wp-image-3385\"\/><figcaption class=\"wp-element-caption\">UPDATE<\/figcaption><\/figure>\n\n\n\n<figure class=\"wp-block-image size-large\"><img decoding=\"async\" data-id=\"3385\" src=\"https:\/\/akademie.dw.de\/tunisiamedia\/wp-content\/uploads\/2023\/05\/DWA-MLT-Logo-white.png\" alt=\"Econo Brief\" class=\"wp-image-3385\"\/><figcaption class=\"wp-element-caption\">Econo Brief<\/figcaption><\/figure>\n\n\n\n<figure class=\"wp-block-image size-large\"><img decoding=\"async\" data-id=\"3385\" src=\"https:\/\/akademie.dw.de\/tunisiamedia\/wp-content\/uploads\/2023\/05\/DWA-MLT-Logo-white.png\" alt=\"\u0645\u062d\u0637\u0629 21 station\" class=\"wp-image-3385\"\/><figcaption class=\"wp-element-caption\">\u0645\u062d\u0637\u0629 21 station<\/figcaption><\/figure>\n\n\n\n<figure class=\"wp-block-image size-large\"><img decoding=\"async\" data-id=\"3385\" src=\"https:\/\/akademie.dw.de\/tunisiamedia\/wp-content\/uploads\/2023\/05\/DWA-MLT-Logo-white.png\" alt=\"AST\u2019Lab\" class=\"wp-image-3385\"\/><figcaption class=\"wp-element-caption\">AST\u2019Lab<\/figcaption><\/figure>\n\n\n\n<figure class=\"wp-block-image size-large\"><img decoding=\"async\" data-id=\"3385\" src=\"https:\/\/akademie.dw.de\/tunisiamedia\/wp-content\/uploads\/2023\/05\/DWA-MLT-Logo-white.png\" alt=\"CELLOPHANE ZINE\" class=\"wp-image-3385\"\/><figcaption class=\"wp-element-caption\">CELLOPHANE ZINE<\/figcaption><\/figure>\n<\/figure>\n","protected":false},"excerpt":{"rendered":"<p>Portfolio Depuis 2018, SMART MEDIA ACCELERATOR accompagne de nombreux projets m\u00e9diatiques dans leur phase d&rsquo;incubation ou d&rsquo;acc\u00e9l\u00e9ration. D\u00e9couvrez ici les projets que nous avons soutenus et l&rsquo;impact que nous avons g\u00e9n\u00e9r\u00e9. Lire aussi : MEDIA LOVES TECH &#8211; Impact stories<\/p>\n","protected":false},"author":3,"featured_media":0,"parent":0,"menu_order":0,"comment_status":"closed","ping_status":"closed","template":"","meta":{"_monsterinsights_skip_tracking":false,"_monsterinsights_sitenote_active":false,"_monsterinsights_sitenote_note":"","_monsterinsights_sitenote_category":0,"footnotes":""},"class_list":["post-6265","page","type-page","status-publish","hentry"],"_links":{"self":[{"href":"https:\/\/akademie.dw.de\/tunisiamedia\/wp-json\/wp\/v2\/pages\/6265","targetHints":{"allow":["GET"]}}],"collection":[{"href":"https:\/\/akademie.dw.de\/tunisiamedia\/wp-json\/wp\/v2\/pages"}],"about":[{"href":"https:\/\/akademie.dw.de\/tunisiamedia\/wp-json\/wp\/v2\/types\/page"}],"author":[{"embeddable":true,"href":"https:\/\/akademie.dw.de\/tunisiamedia\/wp-json\/wp\/v2\/users\/3"}],"replies":[{"embeddable":true,"href":"https:\/\/akademie.dw.de\/tunisiamedia\/wp-json\/wp\/v2\/comments?post=6265"}],"version-history":[{"count":7,"href":"https:\/\/akademie.dw.de\/tunisiamedia\/wp-json\/wp\/v2\/pages\/6265\/revisions"}],"predecessor-version":[{"id":8804,"href":"https:\/\/akademie.dw.de\/tunisiamedia\/wp-json\/wp\/v2\/pages\/6265\/revisions\/8804"}],"wp:attachment":[{"href":"https:\/\/akademie.dw.de\/tunisiamedia\/wp-json\/wp\/v2\/media?parent=6265"}],"curies":[{"name":"wp","href":"https:\/\/api.w.org\/{rel}","templated":true}]}}