{"id":534,"date":"2018-08-24T16:55:33","date_gmt":"2018-08-24T16:55:33","guid":{"rendered":"http:\/\/akademie.dw.de\/tunisiamedia\/?page_id=534"},"modified":"2025-03-28T11:31:57","modified_gmt":"2025-03-28T11:31:57","slug":"reglement","status":"publish","type":"page","link":"https:\/\/akademie.dw.de\/tunisiamedia\/reglement\/","title":{"rendered":"R\u00c8GLEMENT"},"content":{"rendered":"\n<figure class=\"wp-block-image size-large\"><img loading=\"lazy\" decoding=\"async\" width=\"1024\" height=\"576\" src=\"https:\/\/akademie.dw.de\/tunisiamedia\/wp-content\/uploads\/2023\/07\/DWA-MLT-Video_Abspanntafel_1920x1080-FR-EU_Logo-1024x576.png\" alt=\"\" class=\"wp-image-6713\"\/><\/figure>\n\n\n\n<p><\/p>\n\n\n\n<h1 class=\"wp-block-heading\">Conditions g\u00e9n\u00e9rales<\/h1>\n\n\n\n<h2 class=\"wp-block-heading\">A &#8211; Le concours est organis\u00e9 par DW Akademie (nomm\u00e9e \u00ab DW \u00bb par la suite), en coop\u00e9ration avec Al Khatt, et se d\u00e9roulera de juin \u00e0 ao\u00fbt 2025 :<\/h2>\n\n\n\n<p>Le concours est ouvert \u00e0 toute personne \u00e2g\u00e9e de plus de 18 ans au moment de l&rsquo;inscription (nomm\u00e9es \u00ab les personnes \u00e9ligibles \u00bb par la suite). Journalistes, d\u00e9veloppeurs, designers\/concepteurs, scientifiques, cr\u00e9atifs, technologues, particuliers ou repr\u00e9sentants d\u2019organisations, sont invit\u00e9s \u00e0 participer, \u00e0 soumettre des concepts ou \u00e0 faire partie d&rsquo;une \u00e9quipe.<\/p>\n\n\n\n<p>Les administrateurs de la DW, les membres du jury et les personnes avec lesquelles ils vivent, les mentors et les personnes avec lesquelles ils vivent ne sont pas admissibles \u00e0 participer.<\/p>\n\n\n\n<p>MEDIA LOVES TECH est un concours de pr\u00e9-incubation et d&rsquo;incubation, de l&rsquo;id\u00e9e \u00e0 la r\u00e9alisation d&rsquo;un prototype de solution. Tous les projets \u00e0 ce stade du projet entrepreneurial sont accept\u00e9s. Les projets doivent \u00e9galement \u00eatre en phase de pr\u00e9-commercialisation. Cela signifie qu&rsquo;ils n&rsquo;ont pas \u00e9t\u00e9 propos\u00e9s \u00e0 la vente et qu&rsquo;ils n&rsquo;ont pas de clients d\u00e9clar\u00e9s.<\/p>\n\n\n\n<h2 class=\"wp-block-heading\">B &#8211; Pour participer, les personnes \u00e9ligibles doivent :<\/h2>\n\n\n\n<ul class=\"wp-block-list\">\n<li>Acc\u00e9der \u00e0 <a href=\"\/tunisiamedia\/?lang=fr\" target=\"_blank\" rel=\"noopener noreferrer\">medialovestech.com<\/a><\/li>\n\n\n\n<li>Remplir le  <a href=\"https:\/\/akademie.dw.de\/tunisiamedia\/sma-call-2025\/\" target=\"_blank\" rel=\"noreferrer noopener\">formulaire de candidature SMART MEDIA ACCELERATOR 2025<\/a> (deadline : le 30 avril 2025 !)<\/li>\n\n\n\n<li>Former une \u00e9quipe (les \u00e9quipes doivent avoir un minimum de 2 participants)<\/li>\n\n\n\n<li>Proposer un projet qui \u0153uvrera, en partie ou en totalit\u00e9, dans un ou plusieurs des pays vis\u00e9s (Tunisie, Maroc, Alg\u00e9rie).<\/li>\n<\/ul>\n\n\n\n<h2 class=\"wp-block-heading\">C &#8211; Les inscriptions sont ouvertes du 1er au 30 avril 2025<\/h2>\n\n\n\n<ul class=\"wp-block-list\">\n<li>Des s\u00e9ances d&rsquo;information seront annonc\u00e9es au fur et \u00e0 mesure. Vous pouvez nous suivre sur notre <a href=\"https:\/\/www.facebook.com\/SmartMediaAccelerator\" target=\"_blank\" rel=\"noreferrer noopener\">page Facebook \u00ab SMART MEDIA ACCELERATOR \u00bb<\/a>&nbsp; pour conna\u00eetre les dates exactes de ces sessions.<\/li>\n\n\n\n<li>\u00c0 la date de soumission, les projets \u00e0 soumettre doivent \u00eatre, au minimum, en phase de conception (pr\u00e9-prototypage) et, au maximum, en phase de pr\u00e9-commercialisation.<\/li>\n<\/ul>\n\n\n\n<p>Les 2 \u00e9tapes de la comp\u00e9tition :<\/p>\n\n\n\n<h4 class=\"wp-block-heading\"><\/h4>\n\n\n\n<ul class=\"wp-block-list\">\n<li><strong>\u00c9tape 1\u00a0:\u00a0phase de candidature et de qualification<\/strong><br>Candidatez jusqu\u2019au 30 avril 2025 via le\u00a0<a href=\"https:\/\/akademie.dw.de\/tunisiamedia\/sma-call-2025\/\" target=\"_blank\" rel=\"noreferrer noopener\">formulaire de candidature SMART MEDIA ACCELERATOR 2025<\/a>. Les meilleures \u00e9quipes re\u00e7oivent une notification leur indiquant qu\u2019elles ont acc\u00e8s \u00e0 la plateforme d\u2019e-learning SMAx.<\/li>\n<\/ul>\n\n\n\n<ul class=\"wp-block-list\">\n<li><strong><strong>\u00c9tape 2&nbsp;:&nbsp;voyage d&rsquo;incubation<\/strong><\/strong><\/li>\n<\/ul>\n\n\n\n<p>De juin \u00e0 ao\u00fbt 2025, les \u00e9quipes ont la possibilit\u00e9 de suivre des cours en ligne sur la plateforme et de fournir les livrables n\u00e9cessaires. Le voyage se fait en trois phases (\u00ab&nbsp;gates&nbsp;\u00bb) : d\u00e9sirabilit\u00e9, faisabilit\u00e9 et viabilit\u00e9. \u00c0 la fin du voyage, les livrables sont \u00e9valu\u00e9s et le meilleur projet est r\u00e9compens\u00e9.<\/p>\n\n\n\n<p><\/p>\n\n\n<\/p>\n<h2>D &#8211; Tous les travaux effectu\u00e9s par les \u00e9quipes sont la propri\u00e9t\u00e9 des \u00e9quipes. Aucune entreprise, organisation ou entit\u00e9 autre que les membres inscrits de l&rsquo;\u00e9quipe ne peut revendiquer des pr\u00e9rogatives sur la propri\u00e9t\u00e9 intellectuelle d\u00e9velopp\u00e9e chez MEDIA LOVES TECH. Toute propri\u00e9t\u00e9 intellectuelle ant\u00e9rieure que les participants de MEDIA LOVES TECH apportent avec eux ou par laquelle ils sont li\u00e9s en raison de leur statut professionnel doit \u00eatre d\u00e9clar\u00e9e aux autres membres de l&rsquo;\u00e9quipe et aux organisateurs de MEDIA LOVES TECH.<\/h2>\n<h2>E &#8211; Proc\u00e9dures du concours :<\/h2>\n<p>Rappel des \u00e9tapes :<\/p>\n<p>\n\n\n<ul class=\"wp-block-list\">\n<li><strong>\u00c9tape 1&nbsp;:&nbsp;phase de candidature et de qualification<\/strong><br>Candidatez jusqu\u2019au 30 avril 2025 via le&nbsp;<a href=\"https:\/\/akademie.dw.de\/tunisiamedia\/sma-call-2025\/\" target=\"_blank\" rel=\"noreferrer noopener\">formulaire de candidature SMART MEDIA ACCELERATOR 2025<\/a>. Les meilleures \u00e9quipes re\u00e7oivent une notification leur indiquant qu\u2019elles ont acc\u00e8s \u00e0 la plateforme d\u2019e-learning SMAx.<\/li>\n<\/ul>\n\n\n\n<ul class=\"wp-block-list\">\n<li><strong><strong>\u00c9tape 2&nbsp;:&nbsp;voyage d&rsquo;incubation<\/strong><\/strong><\/li>\n<\/ul>\n\n\n\n<p>De juin \u00e0 ao\u00fbt 2025, les \u00e9quipes ont la possibilit\u00e9 de suivre des cours en ligne sur la plateforme et de fournir les livrables n\u00e9cessaires. Le voyage se fait en trois phases (\u00ab&nbsp;gates&nbsp;\u00bb) : d\u00e9sirabilit\u00e9, faisabilit\u00e9 et viabilit\u00e9. \u00c0 la fin du voyage, les livrables sont \u00e9valu\u00e9s et le meilleur projet est r\u00e9compens\u00e9.<\/p>\n\n\n\n<p><\/p>\n\n\n\n<p>Le meilleur projet recevra un financement de 10 000 TND qui sera remis \u00e0 l\u2019\u00e9quipe gagnante lors de la c\u00e9r\u00e9monie de cl\u00f4ture, le 5 septembre 2025.<\/p>\n\n\n\n<p><\/p>\n\n\n\n<p>D&rsquo;autres prix peuvent \u00eatre d\u00e9cern\u00e9s par \u00e9tapes en fonction des progr\u00e8s r\u00e9alis\u00e9s durant le programme.<\/p>\n\n\n\n<h2 class=\"wp-block-heading\">F &#8211; Les \u00e9tapes pour candidater sont les suivantes :<\/h2>\n\n\n\n<ul class=\"wp-block-list\">\n<li>se rendre sur\u00a0<a href=\"https:\/\/akademie.dw.de\/tunisiamedia\/application\/\" target=\"_blank\" rel=\"noopener\">Medialovestech.com<\/a><\/li>\n\n\n\n<li>remplir le <a href=\"https:\/\/akademie.dw.de\/tunisiamedia\/sma-call-2025\/\" target=\"_blank\" rel=\"noreferrer noopener\">formulaire de candidature SMART MEDIA ACCELERATOR 2025<\/a> (deadline : le 30 avril 2025 !)<\/li>\n<\/ul>\n\n\n\n<h1 class=\"wp-block-heading\">R\u00e8glement<\/h1>\n\n\n\n<h2 class=\"wp-block-heading\">1. Afin d\u2019\u00eatre d\u00e9clar\u00e9e gagnante, l\u2019\u00e9quipe laur\u00e9ate s\u00e9lectionn\u00e9e devra remplir les conditions suivantes :<\/h2>\n\n\n\n<p><em><span style=\"color: #000000;\">Chacun de ses membres devra avoir sign\u00e9 le contrat d\u2019engagement pour la soumission des prototypes ;<\/span><\/em><\/p>\n\n\n\n<p><em><span style=\"color: #000000;\">Confirmer qu\u2019il\/elle remplit les conditions d\u2019admissibilit\u00e9 et les autres exigences du pr\u00e9sent r\u00e8glement ;<\/span><\/em><\/p>\n\n\n\n<p>\u00c0 d\u00e9faut de respecter l\u2019une des conditions mentionn\u00e9es ci-dessus ou toute autre condition mentionn\u00e9e au pr\u00e9sent r\u00e8glement, l\u2019\u00e9quipe s\u00e9lectionn\u00e9e sera disqualifi\u00e9e et \u00e0 la discr\u00e9tion des organisateurs, le prix sera annul\u00e9 ou ce prix sera attribu\u00e9 \u00e0 une autre \u00e9quipe conform\u00e9ment au pr\u00e9sent r\u00e8glement de participation. Les m\u00eames conditions resteront alors applicables en faisant les adaptations n\u00e9cessaires, le cas \u00e9ch\u00e9ant.<\/p>\n\n\n\n<h2 class=\"wp-block-heading\">2. Remise du prix :<\/h2>\n\n\n\n<p>En cas de refus de recevoir son prix par le participant s\u00e9lectionn\u00e9, la DW Akademie, nomm\u00e9e DW par la suite,&nbsp;sera lib\u00e9r\u00e9e de toute obligation relativement \u00e0 la remise de ce prix et pourra proc\u00e9der, \u00e0 la discr\u00e9tion, \u00e0 l\u2019annulation de ce prix ou \u00e0 un nouveau tirage de la mani\u00e8re d\u00e9crite dans le paragraphe pr\u00e9c\u00e9dent.<\/p>\n\n\n\n<h2 class=\"wp-block-heading\">3. V\u00e9rifications :<\/h2>\n\n\n\n<p>Toutes les inscriptions et tous les formulaires de d\u00e9claration peuvent \u00eatre soumis \u00e0 des v\u00e9rifications par la DW. Ceux qui sont incomplets, inexacts, illisibles, reproduits m\u00e9caniquement, mutil\u00e9s, frauduleux, d\u00e9pos\u00e9s ou transmis en retard, comportant un num\u00e9ro de t\u00e9l\u00e9phone invalide ou autrement non conforme, pourront \u00eatre rejet\u00e9s et ne donneront pas droit au prix.<\/p>\n\n\n\n<h2 class=\"wp-block-heading\">4. Participer :<span style=\"color: #002d5a;\"><br><\/span><\/h2>\n\n\n\n<p>Toute personne participant \u00e0 MEDIA LOVES TECH ou tentant d\u2019y participer par un moyen contraire \u00e0 ce r\u00e8glement et de nature \u00e0 \u00eatre injuste envers les autres participants (exemple : piratage informatique, non-d\u00e9claration de propri\u00e9t\u00e9 intellectuelle ant\u00e9rieure) sera automatiquement disqualifi\u00e9e et pourrait \u00eatre r\u00e9f\u00e9r\u00e9e aux autorit\u00e9s judiciaires comp\u00e9tentes. De m\u00eame, les projets n\u2019ayant pas respect\u00e9s les statuts de pr\u00e9-incubation (prototypage) et pr\u00e9-commercialisation (amor\u00e7age) seront disqualifi\u00e9s.<\/p>\n\n\n\n<h2 class=\"wp-block-heading\">5. Propri\u00e9t\u00e9 intellectuelle :<\/h2>\n\n\n\n<p>La propri\u00e9t\u00e9 intellectuelle du prototype produit durant le MEDIA LOVES TECH appartient \u00e0 l\u2019ensemble de l\u2019\u00e9quipe. Il est de la responsabilit\u00e9 des \u00e9quipes, si elles utilisent des \u00e9l\u00e9ments de propri\u00e9t\u00e9 intellectuelle pr\u00e9existants, de s\u2019assurer d\u2019avoir l\u2019enti\u00e8re propri\u00e9t\u00e9 de ceux-ci avant d\u2019en faire usage dans le cadre de MEDIA LOVES TECH.<\/p>\n\n\n\n<h2 class=\"wp-block-heading\">6. D\u00e9roulement du concours :<\/h2>\n\n\n\n<p>Toute tentative visant \u00e0 saboter le d\u00e9roulement l\u00e9gitime du concours constitue une violation des lois civiles et criminelles. Si de telles tentatives \u00e9taient men\u00e9es, la DW se r\u00e9serve le droit de rejeter les inscriptions du participant et d\u2019obtenir r\u00e9paration en vertu de la loi.<\/p>\n\n\n\n<h2 class=\"wp-block-heading\">7. Acceptation des prix :<\/h2>\n\n\n\n<p>Les prix devront \u00eatre accept\u00e9s tels que d\u00e9crits sur le <a href=\"\/tunisiamedia\/\" target=\"_blank\" rel=\"noopener\">site web de MEDIA LOVES TECH<\/a> et ne pourront en aucun cas \u00eatre en totalit\u00e9 ou en partie transf\u00e9r\u00e9s \u00e0 une autre \u00e9quipe, remplac\u00e9s par un autre prix ou \u00e9chang\u00e9s contre de l\u2019argent, sous r\u00e9serve de ce que pourraient d\u00e9cider, \u00e0 leur discr\u00e9tion, les organisateurs.<\/p>\n\n\n\n<h2 class=\"wp-block-heading\">8. Limite de responsabilit\u00e9 :<\/h2>\n\n\n\n<p>Si la DW ne peut attribuer le prix tel qu\u2019il est d\u00e9crit sur le site internet de MEDIA LOVES TECH, elle se r\u00e9serve le droit de remettre un prix de m\u00eame nature et de valeur \u00e9quivalente ou, \u00e0 son enti\u00e8re discr\u00e9tion, la valeur du prix indiqu\u00e9e dans le pr\u00e9sent r\u00e8glement.<\/p>\n\n\n\n<h2 class=\"wp-block-heading\">Limite de responsabilit\u00e9 \u2013 utilisation du prix<\/h2>\n\n\n\n<p><span style=\"color: #333333;\">Le gagnant d\u00e9gage la DW de toute responsabilit\u00e9 quant aux dommages qui pourraient d\u00e9couler de sa participation \u00e0 MEDIA LOVES TECH, de l\u2019acceptation et de l\u2019utilisation du prix. Le gagnant reconna\u00eet qu\u2019\u00e0 compter de la r\u00e9ception du prix ou de la lettre lui confirmant son prix, l\u2019ex\u00e9cution des obligations li\u00e9es au prix devient l\u2019enti\u00e8re et exclusive responsabilit\u00e9 des diff\u00e9rents fournisseurs de produits et services. Le gagnant s\u2019engage \u00e0 signer un formulaire de d\u00e9claration et d\u2019exon\u00e9ration de responsabilit\u00e9 \u00e0 cet effet. Le gagnant d\u2019un prix reconnait que la seule garantie applicable \u00e0 celui-ci est la garantie habituelle du manufacturier.<\/span><\/p>\n\n\n\n<h2 class=\"wp-block-heading\">Limite de responsabilit\u00e9 \u2013 situation exceptionnelle<\/h2>\n\n\n\n<p><span style=\"color: #333333;\">La DW n\u2019assumera aucune responsabilit\u00e9 de quelque nature que ce soit dans tous les cas o\u00f9 son incapacit\u00e9 d\u2019agir r\u00e9sulterait d\u2019un fait ou d\u2019une situation ind\u00e9pendante de sa volont\u00e9 ou d\u2019une gr\u00e8ve, d\u2019un lock-out ou de tout autre conflit de travail dans les \u00e9tablissements des organismes ou entreprises dont les services sont utilis\u00e9s pour la tenue de ce concours.<\/span><\/p>\n\n\n\n<h2 class=\"wp-block-heading\">Limite de responsabilit\u00e9 \u2013 participation \u00e0 la MEDIA LOVES TECH<\/h2>\n\n\n\n<p><span style=\"color: #333333;\">La DW ne sera pas responsable des participations perdues de toute d\u00e9faillance pour quelque raison que ce soit, du site web pendant la dur\u00e9e du pr\u00e9sent concours, y compris tout dommage \u00e0 l\u2019ordinateur ou l\u2019appareil mobile d\u2019un participant.<\/span><\/p>\n\n\n\n<h2 class=\"wp-block-heading\">9. Modification du concours :<\/h2>\n\n\n\n<p>La DW se r\u00e9serve le droit, \u00e0 sa seule discr\u00e9tion, d\u2019annuler, de terminer, de modifier ou de suspendre, totalement ou en partie, le pr\u00e9sent concours dans l\u2019\u00e9ventualit\u00e9 o\u00f9 se d\u00e9roule un \u00e9v\u00e9nement ou toute intervention humaine pouvant alt\u00e9rer ou influencer l\u2019administration, la s\u00e9curit\u00e9, l\u2019impartialit\u00e9 ou le d\u00e9roulement du concours tel que pr\u00e9vu dans le pr\u00e9sent r\u00e8glement aucune responsabilit\u00e9 ne pourra lui \u00eatre imput\u00e9e.<\/p>\n\n\n\n<h2 class=\"wp-block-heading\">10. Fin de la participation au concours :<\/h2>\n\n\n\n<p>Dans l\u2019\u00e9ventualit\u00e9 o\u00f9, pour quelle que raison que ce soit, la participation au concours devait prendre fin en totalit\u00e9 ou en partie avant la date de fin pr\u00e9vue par le pr\u00e9sent r\u00e8glement, l\u2019attribution pourra se faire, \u00e0 la discr\u00e9tion de la DW, parmi les inscriptions d\u00fbment enregistr\u00e9es et re\u00e7ues jusqu\u2019\u00e0 la date de l\u2019\u00e9v\u00e9nement ayant mis fin \u00e0 la participation \u00e0 MEDIA LOVES TECH.<\/p>\n\n\n\n<h2 class=\"wp-block-heading\">11. Limite de responsabilit\u00e9 \u2013 participation au concours :<span style=\"color: #002d5a;\"><br><\/span><\/h2>\n\n\n\n<p>En participant ou en tentant de participer \u00e0 la comp\u00e9tition, toute personne d\u00e9gage de toute responsabilit\u00e9 la DW de tout dommage qu\u2019elle pourrait subir en raison de sa participation ou tentative de participation au concours.<\/p>\n\n\n\n<h2 class=\"wp-block-heading\">12. Acceptation du prix :<span style=\"color: #002d5a;\"><br><\/span><\/h2>\n\n\n\n<p>En acceptant le prix, tout gagnant autorise la DW \u00e0 utiliser, si n\u00e9cessaire, ses noms, photographies, images, voix, lieux de r\u00e9sidence et d\u00e9clarations relatives au prix \u00e0 des fins publicitaires, et ce, sans aucune forme de r\u00e9mun\u00e9ration.<\/p>\n\n\n\n<h2 class=\"wp-block-heading\">13. Les paragraphes :<\/h2>\n\n\n\n<p>Si un paragraphe de ce r\u00e8glement est d\u00e9clar\u00e9 ou jug\u00e9 ill\u00e9gal, inex\u00e9cutable ou nul part une cour comp\u00e9tente, alors ce paragraphe sera consid\u00e9r\u00e9 comme \u00e9tant nul, mais tous les autres paragraphes qui ne sont pas touch\u00e9s seront appliqu\u00e9s dans les limites permises par la loi.<\/p>\n\n\n\n<h2 class=\"wp-block-heading\">14. Le pr\u00e9sent r\u00e8glement est disponible sur le site<span style=\"color: #ff6600;\"><br><\/span><\/h2>\n\n\n\n<h2 class=\"wp-block-heading\">15. Le concours est assujetti \u00e0 toutes les lois applicables en Allemagne<\/h2>\n\n\n\n<h2 class=\"wp-block-heading\">16. Renseignements personnels :<\/h2>\n\n\n\n<p>Les informations personnelles recueillies sur les participants seront utilis\u00e9es uniquement \u00e0 des fins de gestion de MEDIA LOVES TECH.<\/p>\n\n\n\n<h2 class=\"wp-block-heading\">17. D\u00e9cisions :<\/h2>\n\n\n\n<p>Toute personne qui participe \u00e0 MEDIA LOVES TECH accepte de se conformer au pr\u00e9sent r\u00e8glement et aux d\u00e9cisions finales et sans appel des organisateurs qui administrent MEDIA LOVES TECH.<\/p>\n","protected":false},"excerpt":{"rendered":"<p>Conditions g\u00e9n\u00e9rales A &#8211; Le concours est organis\u00e9 par DW Akademie (nomm\u00e9e \u00ab DW \u00bb par la suite), en coop\u00e9ration avec Al Khatt, et se d\u00e9roulera de juin \u00e0 ao\u00fbt 2025 : Le concours est ouvert \u00e0 toute personne \u00e2g\u00e9e de plus de 18 ans au moment de l&rsquo;inscription (nomm\u00e9es \u00ab les personnes \u00e9ligibles \u00bb &hellip; <\/p>\n<p class=\"link-more\"><a href=\"https:\/\/akademie.dw.de\/tunisiamedia\/reglement\/\" class=\"more-link\">Continuer la lecture<span class=\"screen-reader-text\"> de &laquo;&nbsp;R\u00c8GLEMENT&nbsp;&raquo;<\/span><\/a><\/p>\n","protected":false},"author":5,"featured_media":0,"parent":0,"menu_order":0,"comment_status":"closed","ping_status":"closed","template":"","meta":{"_monsterinsights_skip_tracking":false,"_monsterinsights_sitenote_active":false,"_monsterinsights_sitenote_note":"","_monsterinsights_sitenote_category":0,"footnotes":""},"class_list":["post-534","page","type-page","status-publish","hentry"],"_links":{"self":[{"href":"https:\/\/akademie.dw.de\/tunisiamedia\/wp-json\/wp\/v2\/pages\/534","targetHints":{"allow":["GET"]}}],"collection":[{"href":"https:\/\/akademie.dw.de\/tunisiamedia\/wp-json\/wp\/v2\/pages"}],"about":[{"href":"https:\/\/akademie.dw.de\/tunisiamedia\/wp-json\/wp\/v2\/types\/page"}],"author":[{"embeddable":true,"href":"https:\/\/akademie.dw.de\/tunisiamedia\/wp-json\/wp\/v2\/users\/5"}],"replies":[{"embeddable":true,"href":"https:\/\/akademie.dw.de\/tunisiamedia\/wp-json\/wp\/v2\/comments?post=534"}],"version-history":[{"count":73,"href":"https:\/\/akademie.dw.de\/tunisiamedia\/wp-json\/wp\/v2\/pages\/534\/revisions"}],"predecessor-version":[{"id":8295,"href":"https:\/\/akademie.dw.de\/tunisiamedia\/wp-json\/wp\/v2\/pages\/534\/revisions\/8295"}],"wp:attachment":[{"href":"https:\/\/akademie.dw.de\/tunisiamedia\/wp-json\/wp\/v2\/media?parent=534"}],"curies":[{"name":"wp","href":"https:\/\/api.w.org\/{rel}","templated":true}]}}