{"id":401,"date":"2018-08-07T08:43:15","date_gmt":"2018-08-07T08:43:15","guid":{"rendered":"http:\/\/akademie.dw.de\/tunisiamedia?page_id=401"},"modified":"2022-06-12T08:55:41","modified_gmt":"2022-06-12T08:55:41","slug":"call-up","status":"publish","type":"page","link":"https:\/\/akademie.dw.de\/tunisiamedia\/media-loves-tech\/call-up\/","title":{"rendered":"CALL UP"},"content":{"rendered":"\n<h1 class=\"wp-block-heading\">MEDIA LOVES TECH 2021<\/h1>\n\n\n\n<p><\/p>\n\n\n\n<p>La comp\u00e9tition MEDIA LOVES TECH 2021 se tient du 1er juin au 31 juillet 2021.<br>Participez sur <a href=\"https:\/\/startup.medialovestech.com\/?lang=fr\" data-type=\"URL\" target=\"_blank\" rel=\"noreferrer noopener\">startup.medialovestech.com<\/a> !<\/p>\n\n\n\n<h1 class=\"wp-block-heading\">Les \u00e9tapes de la comp\u00e9tition<\/h1>\n\n\n\n<figure class=\"wp-block-image size-full\"><img loading=\"lazy\" decoding=\"async\" width=\"1754\" height=\"1240\" src=\"https:\/\/techsupport-dev.de\/tunisiamedia\/wp-content\/uploads\/2021\/06\/DNM21-TN110_Timeline-2021_V02_SchPau.jpg\" alt=\"\" class=\"wp-image-4796\" srcset=\"https:\/\/akademie.dw.de\/tunisiamedia\/wp-content\/uploads\/2021\/06\/DNM21-TN110_Timeline-2021_V02_SchPau.jpg 1754w, https:\/\/akademie.dw.de\/tunisiamedia\/wp-content\/uploads\/2021\/06\/DNM21-TN110_Timeline-2021_V02_SchPau-350x247.jpg 350w, https:\/\/akademie.dw.de\/tunisiamedia\/wp-content\/uploads\/2021\/06\/DNM21-TN110_Timeline-2021_V02_SchPau-1024x724.jpg 1024w, https:\/\/akademie.dw.de\/tunisiamedia\/wp-content\/uploads\/2021\/06\/DNM21-TN110_Timeline-2021_V02_SchPau-768x543.jpg 768w, https:\/\/akademie.dw.de\/tunisiamedia\/wp-content\/uploads\/2021\/06\/DNM21-TN110_Timeline-2021_V02_SchPau-1536x1086.jpg 1536w, https:\/\/akademie.dw.de\/tunisiamedia\/wp-content\/uploads\/2021\/06\/DNM21-TN110_Timeline-2021_V02_SchPau-24x17.jpg 24w, https:\/\/akademie.dw.de\/tunisiamedia\/wp-content\/uploads\/2021\/06\/DNM21-TN110_Timeline-2021_V02_SchPau-36x25.jpg 36w, https:\/\/akademie.dw.de\/tunisiamedia\/wp-content\/uploads\/2021\/06\/DNM21-TN110_Timeline-2021_V02_SchPau-48x34.jpg 48w\" sizes=\"auto, (max-width: 767px) 89vw, (max-width: 1000px) 54vw, (max-width: 1071px) 543px, 580px\" \/><\/figure>\n\n\n\n<h1 class=\"wp-block-heading\">\u00c0 propos de la comp\u00e9tition<\/h1>\n\n\n\n<p><\/p>\n\n\n\n<p>MEDIA LOVES TECH cherche \u00e0 identifier les meilleurs concepts num\u00e9riques pour un journalisme innovant et de qualit\u00e9. Lanc\u00e9e par DW Akademie, organisation leader en Allemagne dans le d\u00e9veloppement international des m\u00e9dias, cette comp\u00e9tition est ouverte aux journalistes, startupeurs , porteurs de projets, cr\u00e9atifs, d\u00e9veloppeurs, designers, soci\u00e9t\u00e9 civile, tout acteur individuel ou organisation qui souhaite innover pour un paysage m\u00e9diatique de qualit\u00e9 en Tunisie, au Maroc et en Alg\u00e9rie. <br><br>La meilleure innovation num\u00e9rique pour le futur du journalisme en Tunisie, au Maroc ou en Alg\u00e9rie recevra 10 000 \u20ac. <br><br>MEDIA LOVES TECH est une initiative de DW Akademie en coop\u00e9ration avec l&rsquo;ONG m\u00e9dias Al Khatt en Tunisie. Ce projet est financ\u00e9 par la coop\u00e9ration allemande, notamment par le Minist\u00e8re de la Coop\u00e9ration Internationale de l\u2019Allemagne. <\/p>\n\n\n\n<h1 class=\"wp-block-heading\">Objectif de la comp\u00e9tition<\/h1>\n\n\n\n<p><\/p>\n\n\n\n<p>L\u2019objectif de MEDIA LOVES TECH est d\u2019identifier et de permettre la mise en \u0153uvre de solutions efficaces pour les enjeux et les probl\u00e9matiques des m\u00e9dias et du journalisme en Tunisie, au Maroc et en Alg\u00e9rie. Pour cela, MEDIA LOVES TECH s\u2019inscrit dans le nouvel esprit technologique du crowdsourcing, soit la collaboration d\u2019internautes en r\u00e9seau pour g\u00e9n\u00e9rer ensemble des services, des id\u00e9es ou des contenus. Crowdsourcing signifie approvisionnement par la foule, un proc\u00e9d\u00e9 de partage de l\u2019information qui stimule le foisonnement d\u2019id\u00e9es et la cr\u00e9ativit\u00e9. <\/p>\n\n\n\n<h1 class=\"wp-block-heading\">Th\u00e8mes de la comp\u00e9tition<\/h1>\n\n\n\n<p><\/p>\n\n\n\n<p>D&rsquo;une mani\u00e8re g\u00e9n\u00e9rale, MEDIA LOVES TECH recherche :<\/p>\n\n\n\n<ul class=\"wp-block-list\"><li> des solutions au probl\u00e8me de l&rsquo;acc\u00e8s \u00e0 l&rsquo;information ;<\/li><li>des outils qui facilitent le travail des journalistes et des m\u00e9dias (traitement des donn\u00e9es\/organisation\/visualisation) ;<\/li><li>des id\u00e9es qui am\u00e9liorent  l&rsquo;interaction des m\u00e9dias avec le public (tracking, mesure d&rsquo;audience, engagement, feedbacks).<\/li><\/ul>\n\n\n\n<h2 class=\"wp-block-heading\">Journalisme scientifique<\/h2>\n\n\n\n<p>Cette ann\u00e9e, MEDIA LOVES TECH propose un prix sp\u00e9cial pour les projets \u0153uvrant dans le cadre du journalisme scientifique. Les meilleures propositions pourront remporter jusque 5 000 \u20ac !<\/p>\n\n\n\n<h2 class=\"wp-block-heading\">Journalisme citoyen \u2013 connecter avec les communaut\u00e9s locales :<\/h2>\n\n\n\n<p>Des outils qui permettent de toucher des audiences sp\u00e9cifiques, des outils permettant de connecter les journalistes citoyens aux m\u00e9dias afin d\u2019\u00e9tendre la capacit\u00e9 de production et de consommation \u00e0 de nouvelles cat\u00e9gories d\u2019audience.<\/p>\n\n\n\n<h2 class=\"wp-block-heading\">V\u00e9rification des contenus (fact-checking) \/ lutte contre la d\u00e9sinformation et les fake news :<\/h2>\n\n\n\n<p>Dans un contexte politique fragile, notamment lors de p\u00e9riodes \u00e9lectorales ou de p\u00e9riodes de crises, Tunisiens, Marocains et Alg\u00e9riens ont du mal \u00e0 distinguer l\u2019information de la m\u00e9sinformation. Des propos sont souvent partag\u00e9s sans sp\u00e9cifier le contexte, des articles et rapports interpr\u00e8tent souvent les faits de mani\u00e8re non pr\u00e9cise, sans consid\u00e9rer les nuances.<\/p>\n\n\n\n<h2 class=\"wp-block-heading\">Couverture d&rsquo;\u00e9lections :<\/h2>\n\n\n\n<p>\u00c0 l\u2019approche d&rsquo;\u00e9lections, les m\u00e9dias auront besoin d\u2019outils pour assurer une couverture de qualit\u00e9. <\/p>\n\n\n\n<h2 class=\"wp-block-heading\">Datajournalisme :<\/h2>\n\n\n\n<p>D\u00e9velopper des outils et technologies pouvant aider les m\u00e9dias \u00e0 analyser, traiter ou visualiser des donn\u00e9es.<\/p>\n\n\n\n<h2 class=\"wp-block-heading\">Viabilit\u00e9 des m\u00e9dias :<\/h2>\n\n\n\n<p>Des outils innovants pour assurer la viabilit\u00e9 \u00e9conomique et financi\u00e8re de projets m\u00e9dias.<\/p>\n\n\n\n<h2 class=\"wp-block-heading\">Dialogue avec les pouvoirs publics :<\/h2>\n\n\n\n<p>Outils contribuant \u00e0 une plus grande transparence de l\u2019action publique et qui favorisent le dialogue entre citoyens et d\u00e9cideurs politiques et \u00e9conomiques.<\/p>\n\n\n\n<h2 class=\"wp-block-heading\">Information en p\u00e9riode de crise :<\/h2>\n\n\n\n<p>Outils contribuant \u00e0 la diffusion d&rsquo;informations d&rsquo;utilit\u00e9 publique et \u00e0 la mise en place de solutions pour le grand public dans le but de mieux affronter une crise (sanitaire, environnementale, \u00e9conomique ou politique). <\/p>\n\n\n\n<h2 class=\"wp-block-heading\"><\/h2>\n\n\n\n<h1 class=\"wp-block-heading\">Qu\u2019y a-t-il \u00e0 gagner ?<\/h1>\n\n\n\n<p><\/p>\n\n\n\n<p>MEDIA LOVES TECH se d\u00e9roulera en deux \u00e9tapes avec la possibilit\u00e9, \u00e0 chaque \u00e9tape, de d\u00e9crocher un financement et un appui pour acc\u00e9l\u00e9rer le d\u00e9veloppement de votre produit. Les concepts s\u00e9lectionn\u00e9s b\u00e9n\u00e9ficieront \u00e9galement d\u2019un accompagnement professionnel. <\/p>\n\n\n\n<h2 class=\"wp-block-heading\">\u00c9tape 1<strong> :<\/strong><\/h2>\n\n\n\n<p>S\u00e9lection des meilleurs concepts. Les concepts peuvent \u00eatre soumis jusqu&rsquo;au 31 juillet 2021. Les meilleurs concepts recevront 1 000 \u20ac chacun. <\/p>\n\n\n\n<h2 class=\"wp-block-heading\">\u00c9tape 2 :<\/h2>\n\n\n\n<p>Ces m\u00eames \u00e9quipes participeront au programme d&rsquo;accompagnement qui se tient de septembre \u00e0 novembre 2021 (inspiration phase en septembre, incubation phase en octobre-novembre) . Le meilleur projet recevra un financement de 10 000 \u20ac qui sera remis \u00e0 l\u2019\u00e9quipe gagnante lors de la c\u00e9r\u00e9monie de cl\u00f4ture, le 2 d\u00e9cembre 2021. <\/p>\n\n\n\n<h1 class=\"wp-block-heading\">Qui peut participer ?<\/h1>\n\n\n\n<p>La comp\u00e9tition est ouverte aux cr\u00e9atifs, journalistes, professionnels des m\u00e9dias, entrepreneurs, designers, d\u00e9veloppeurs, soci\u00e9t\u00e9 civile, tout acteur individuel ou organisation qui souhaite contribuer, par un concept ou en offrant ses comp\u00e9tences, \u00e0 la mont\u00e9e en puissance du journalisme en Tunisie, au Maroc et en Alg\u00e9rie gr\u00e2ce au num\u00e9rique. Voir aussi le <a href=\"https:\/\/techsupport-dev.de\/tunisiamedia\/competition\/reglement\/\" target=\"_blank\" rel=\"noreferrer noopener\">r\u00e8glement<\/a>. <\/p>\n\n\n\n<h2 class=\"wp-block-heading\">J\u2019ai un super concept :<\/h2>\n\n\n\n<p>Vous \u00eates invit\u00e9.e \u00e0 soumettre votre concept. Si vous avez d\u00e9j\u00e0 une \u00e9quipe, veuillez l\u2019indiquer lors de votre inscription, autrement veuillez indiquer les comp\u00e9tences dont vous auriez besoin pour mener \u00e0 bien votre projet. Parmi les autres participant.e.s inscrit.e.s, ceux\/celles disposant des comp\u00e9tences requises seront affect\u00e9.e.s \u00e0 votre concept dans la limite des capacit\u00e9s disponibles. <\/p>\n\n\n\n<h2 class=\"wp-block-heading\">Je n\u2019aime pas travailler en \u00e9quipe, je pr\u00e9f\u00e8re participer tout.e seul.e :<\/h2>\n\n\n\n<p>MEDIA LOVES TECH est bas\u00e9 sur l\u2019esprit de collaboration et de travail en \u00e9quipe. Et c\u2019est ce que nous souhaitons renforcer \u00e0 travers cette initiative. Ainsi, les \u00e9quipes participantes doivent \u00eatre compos\u00e9es de 2 \u00e0 5 personnes. <\/p>\n\n\n\n<h3 class=\"wp-block-heading\">J&rsquo;ai d\u00e9j\u00e0 particip\u00e9, mais je veux retenter ma chance :<\/h3>\n\n\n\n<p>L&rsquo;esprit d&rsquo;entreprendre, c&rsquo;est savoir se remettre en question et recommencer. Si vous avez d\u00e9j\u00e0 particip\u00e9 \u00e0 une \u00e9dition pr\u00e9c\u00e9dente, vous avez tout \u00e0 fait le droit de retenter votre chance. Avec le m\u00eame projet (am\u00e9lior\u00e9 !) ou avec une autre id\u00e9e. <\/p>\n\n\n\n<h1 class=\"wp-block-heading\">R\u00e8glement<\/h1>\n\n\n\n<p>Les r\u00e8glements complets de l\u2019\u00e9dition 2021 sont \u00e0 consulter <a href=\"https:\/\/techsupport-dev.de\/tunisiamedia\/competition\/reglement\/\" target=\"_blank\" rel=\"noreferrer noopener\">ici<\/a>.<br>En cas de doute, vous pouvez aussi consulter la Foire Aux Questions <a href=\"https:\/\/techsupport-dev.de\/tunisiamedia\/competition\/faq\/\" target=\"_blank\" rel=\"noreferrer noopener\">(F.A.Q.<\/a>).Si vous avez encore des questions \u00e0 ce stade-ci, n\u2019h\u00e9sitez pas \u00e0 <a href=\"https:\/\/techsupport-dev.de\/tunisiamedia\/a-propos\/\" target=\"_blank\" rel=\"noreferrer noopener\">nous contacter<\/a>.<\/p>\n","protected":false},"excerpt":{"rendered":"<p>MEDIA LOVES TECH 2021 La comp\u00e9tition MEDIA LOVES TECH 2021 se tient du 1er juin au 31 juillet 2021.Participez sur startup.medialovestech.com ! Les \u00e9tapes de la comp\u00e9tition \u00c0 propos de la comp\u00e9tition MEDIA LOVES TECH cherche \u00e0 identifier les meilleurs concepts num\u00e9riques pour un journalisme innovant et de qualit\u00e9. Lanc\u00e9e par DW Akademie, organisation leader &hellip; <\/p>\n<p class=\"link-more\"><a href=\"https:\/\/akademie.dw.de\/tunisiamedia\/media-loves-tech\/call-up\/\" class=\"more-link\">Continuer la lecture<span class=\"screen-reader-text\"> de &laquo;&nbsp;CALL UP&nbsp;&raquo;<\/span><\/a><\/p>\n","protected":false},"author":5,"featured_media":0,"parent":3333,"menu_order":0,"comment_status":"closed","ping_status":"closed","template":"","meta":{"_monsterinsights_skip_tracking":false,"_monsterinsights_sitenote_active":false,"_monsterinsights_sitenote_note":"","_monsterinsights_sitenote_category":0,"footnotes":""},"class_list":["post-401","page","type-page","status-publish","hentry"],"_links":{"self":[{"href":"https:\/\/akademie.dw.de\/tunisiamedia\/wp-json\/wp\/v2\/pages\/401","targetHints":{"allow":["GET"]}}],"collection":[{"href":"https:\/\/akademie.dw.de\/tunisiamedia\/wp-json\/wp\/v2\/pages"}],"about":[{"href":"https:\/\/akademie.dw.de\/tunisiamedia\/wp-json\/wp\/v2\/types\/page"}],"author":[{"embeddable":true,"href":"https:\/\/akademie.dw.de\/tunisiamedia\/wp-json\/wp\/v2\/users\/5"}],"replies":[{"embeddable":true,"href":"https:\/\/akademie.dw.de\/tunisiamedia\/wp-json\/wp\/v2\/comments?post=401"}],"version-history":[{"count":100,"href":"https:\/\/akademie.dw.de\/tunisiamedia\/wp-json\/wp\/v2\/pages\/401\/revisions"}],"predecessor-version":[{"id":4816,"href":"https:\/\/akademie.dw.de\/tunisiamedia\/wp-json\/wp\/v2\/pages\/401\/revisions\/4816"}],"up":[{"embeddable":true,"href":"https:\/\/akademie.dw.de\/tunisiamedia\/wp-json\/wp\/v2\/pages\/3333"}],"wp:attachment":[{"href":"https:\/\/akademie.dw.de\/tunisiamedia\/wp-json\/wp\/v2\/media?parent=401"}],"curies":[{"name":"wp","href":"https:\/\/api.w.org\/{rel}","templated":true}]}}