{"id":376,"date":"2019-09-02T14:00:07","date_gmt":"2019-09-02T14:00:07","guid":{"rendered":"http:\/\/akademie.dw.de\/tunisiamedia?page_id=376"},"modified":"2026-03-20T22:12:43","modified_gmt":"2026-03-20T22:12:43","slug":"smart-media-accelerator","status":"publish","type":"page","link":"https:\/\/akademie.dw.de\/tunisiamedia\/smart-media-accelerator\/","title":{"rendered":"SMART MEDIA ACCELERATOR"},"content":{"rendered":"\n<figure class=\"wp-block-image size-full\"><img loading=\"lazy\" decoding=\"async\" width=\"1024\" height=\"576\" src=\"https:\/\/akademie.dw.de\/tunisiamedia\/wp-content\/uploads\/2024\/02\/DWA-SMA-Video_Abspanntafel_1024x576-FR-EU_Logo.png\" alt=\"\" class=\"wp-image-7313\" srcset=\"https:\/\/akademie.dw.de\/tunisiamedia\/wp-content\/uploads\/2024\/02\/DWA-SMA-Video_Abspanntafel_1024x576-FR-EU_Logo.png 1024w, https:\/\/akademie.dw.de\/tunisiamedia\/wp-content\/uploads\/2024\/02\/DWA-SMA-Video_Abspanntafel_1024x576-FR-EU_Logo-350x197.png 350w, https:\/\/akademie.dw.de\/tunisiamedia\/wp-content\/uploads\/2024\/02\/DWA-SMA-Video_Abspanntafel_1024x576-FR-EU_Logo-768x432.png 768w, https:\/\/akademie.dw.de\/tunisiamedia\/wp-content\/uploads\/2024\/02\/DWA-SMA-Video_Abspanntafel_1024x576-FR-EU_Logo-24x14.png 24w, https:\/\/akademie.dw.de\/tunisiamedia\/wp-content\/uploads\/2024\/02\/DWA-SMA-Video_Abspanntafel_1024x576-FR-EU_Logo-36x20.png 36w, https:\/\/akademie.dw.de\/tunisiamedia\/wp-content\/uploads\/2024\/02\/DWA-SMA-Video_Abspanntafel_1024x576-FR-EU_Logo-48x27.png 48w\" sizes=\"auto, (max-width: 767px) 89vw, (max-width: 1000px) 54vw, (max-width: 1071px) 543px, 580px\" \/><\/figure>\n\n\n\n<h2 class=\"wp-block-heading has-medium-font-size\">\u00cates-vous pr\u00eat.e \u00e0 faire passer votre m\u00e9dia au niveau sup\u00e9rieur ?<br>Alors rejoignez le SMART MEDIA ACCELERATOR !<\/h2>\n\n\n\n<p><\/p>\n\n\n\n<p>Le SMART MEDIA ACCELERATOR est une initiative phare de la DW Akademie, le centre de d\u00e9veloppement m\u00e9diatique international, de formation au journalisme et de transfert de connaissances de Deutsche Welle. Sa mission est de renforcer le journalisme de qualit\u00e9 et des m\u00e9dias durables en Afrique du Nord.<\/p>\n\n\n\n<p>SMART MEDIA ACCELERATOR est con\u00e7u pour accompagner les m\u00e9dias \u00e0 chaque \u00e9tape de leur d\u00e9veloppement \u2014 des premi\u00e8res id\u00e9es et start-ups jusqu\u2019aux organisations m\u00e9diatiques d\u00e9j\u00e0 \u00e9tablies et op\u00e9rationnelles. Il reconna\u00eet que la solidit\u00e9 du journalisme d\u00e9pend non seulement du contenu, mais aussi d\u2019une strat\u00e9gie claire, d\u2019une organisation efficace et de mod\u00e8les \u00e9conomiques viables.<\/p>\n\n\n\n<p>En tant que catalyseur de d\u00e9veloppement m\u00e9diatique, le SMA aide les porteurs de projets et les organisations m\u00e9diatiques \u00e0 faire des choix \u00e9clair\u00e9s et \u00e0 avancer avec clart\u00e9. Il rassemble une expertise internationale, des m\u00e9thodologies \u00e9prouv\u00e9es et une compr\u00e9hension locale pour soutenir les m\u00e9dias souhaitant cro\u00eetre et se professionnaliser.<\/p>\n\n\n\n<p>SMART MEDIA ACCELERATOR agit sur l\u2019ensemble de la cha\u00eene de valeur m\u00e9diatique : de la qualit\u00e9 \u00e9ditoriale et des standards \u00e9thiques \u00e0 la performance organisationnelle, aux flux internes et \u00e0 la durabilit\u00e9 financi\u00e8re.<\/p>\n\n\n\n<p>Pour cela, le SMART MEDIA ACCELERATOR propose un renforcement de capacit\u00e9s pratique \u00e0 travers des ateliers, du mentorat et du conseil, compl\u00e9t\u00e9s par un soutien strat\u00e9gique en gouvernance, op\u00e9rations et gestion financi\u00e8re \u2014 le tout adapt\u00e9 aux d\u00e9fis concrets auxquels les m\u00e9dias font face aujourd\u2019hui.<br><\/p>\n\n\n\n<p><\/p>\n\n\n\n<figure class=\"wp-block-image size-full\"><img loading=\"lazy\" decoding=\"async\" width=\"768\" height=\"432\" src=\"https:\/\/akademie.dw.de\/tunisiamedia\/wp-content\/uploads\/2026\/03\/image-14.png\" alt=\"\" class=\"wp-image-8867\" srcset=\"https:\/\/akademie.dw.de\/tunisiamedia\/wp-content\/uploads\/2026\/03\/image-14.png 768w, https:\/\/akademie.dw.de\/tunisiamedia\/wp-content\/uploads\/2026\/03\/image-14-350x197.png 350w\" sizes=\"auto, (max-width: 767px) 89vw, (max-width: 1000px) 54vw, (max-width: 1071px) 543px, 580px\" \/><\/figure>\n\n\n\n<p><\/p>\n\n\n\n<h2 class=\"wp-block-heading\">Deux programmes compl\u00e9mentaires<\/h2>\n\n\n\n<p>Le SMART MEDIA ACCELERATOR s\u2019articule autour de deux programmes distincts mais \u00e9troitement li\u00e9s.<\/p>\n\n\n\n<p><br><\/p>\n\n\n\n<figure class=\"wp-block-table\"><table class=\"has-fixed-layout\"><tbody><tr><td class=\"has-text-align-center\" data-align=\"center\"><img loading=\"lazy\" decoding=\"async\" width=\"176\" height=\"176\" src=\"https:\/\/akademie.dw.de\/tunisiamedia\/wp-content\/uploads\/2024\/02\/image-1.png\"><\/td><td class=\"has-text-align-center\" data-align=\"center\"><img loading=\"lazy\" decoding=\"async\" width=\"173\" height=\"175\" src=\"https:\/\/akademie.dw.de\/tunisiamedia\/wp-content\/uploads\/2024\/02\/image-2.png\"><\/td><\/tr><tr><td class=\"has-text-align-center\" data-align=\"center\">MEDIA LOVES TECH est le programme d\u2019incubation d\u00e9di\u00e9 aux start-ups et projets m\u00e9diatiques en phase pr\u00e9coce. Il aide les \u00e9quipes \u00e0 valider leurs concepts, structurer leurs projets et pr\u00e9parer leur entr\u00e9e sur le march\u00e9, avec un fort accent sur l\u2019entrepreneuriat, l\u2019exp\u00e9rimentation et le d\u00e9veloppement produit.<\/td><td class=\"has-text-align-center\" data-align=\"center\">MEDIA PARCOURS est le programme d\u2019acc\u00e9l\u00e9ration destin\u00e9 aux organisations m\u00e9diatiques existantes. Il offre un accompagnement soutenu pour renforcer la croissance, la capacit\u00e9 d\u2019innovation et la performance organisationnelle, avec un accent plus large sur la viabilit\u00e9, la durabilit\u00e9 et l\u2019impact \u00e0 long terme.<\/td><\/tr><\/tbody><\/table><\/figure>\n\n\n\n<p>Ensemble, MEDIA LOVES TECH et MEDIA PARCOURS forment un parcours continu et compl\u00e9mentaire, permettant au SMART MEDIA ACCELERATOR d\u2019accompagner les m\u00e9dias depuis les id\u00e9es naissantes jusqu\u2019\u00e0 des organisations matures et r\u00e9silientes.<\/p>\n\n\n\n<p>Le programme d\u2019incubation MEDIA LOVES TECH se d\u00e9roule sur une p\u00e9riode de trois mois de pr\u00e9-incubation soutenue par une plateforme d\u2019e-learning, suivie d\u2019une p\u00e9riode de trois mois d\u2019incubation focalis\u00e9e sur la validation pr\u00e9coce et la structuration. Le programme d\u2019acc\u00e9l\u00e9ration MEDIA PARCOURS offre un soutien \u00e0 plus long terme, pouvant durer jusqu\u2019\u00e0 neuf mois, afin de renforcer la croissance, l\u2019innovation et la durabilit\u00e9 (avec des jalons, objectifs et livrables clairs).<\/p>\n\n\n\n<p>Une organisation m\u00e9diatique peut b\u00e9n\u00e9ficier des deux programmes, progressant de l\u2019incubation \u00e0 l\u2019acc\u00e9l\u00e9ration \u00e0 mesure que son projet m\u00fbrit.<br><\/p>\n\n\n\n<figure class=\"wp-block-image size-large\"><img loading=\"lazy\" decoding=\"async\" width=\"1024\" height=\"683\" src=\"https:\/\/akademie.dw.de\/tunisiamedia\/wp-content\/uploads\/2023\/06\/DSC06605-1024x683.jpg\" alt=\"\" class=\"wp-image-6406\" srcset=\"https:\/\/akademie.dw.de\/tunisiamedia\/wp-content\/uploads\/2023\/06\/DSC06605-1024x683.jpg 1024w, https:\/\/akademie.dw.de\/tunisiamedia\/wp-content\/uploads\/2023\/06\/DSC06605-350x233.jpg 350w, https:\/\/akademie.dw.de\/tunisiamedia\/wp-content\/uploads\/2023\/06\/DSC06605-768x512.jpg 768w, https:\/\/akademie.dw.de\/tunisiamedia\/wp-content\/uploads\/2023\/06\/DSC06605-1536x1024.jpg 1536w, https:\/\/akademie.dw.de\/tunisiamedia\/wp-content\/uploads\/2023\/06\/DSC06605-2048x1365.jpg 2048w, https:\/\/akademie.dw.de\/tunisiamedia\/wp-content\/uploads\/2023\/06\/DSC06605-24x16.jpg 24w, https:\/\/akademie.dw.de\/tunisiamedia\/wp-content\/uploads\/2023\/06\/DSC06605-36x24.jpg 36w, https:\/\/akademie.dw.de\/tunisiamedia\/wp-content\/uploads\/2023\/06\/DSC06605-48x32.jpg 48w\" sizes=\"auto, (max-width: 767px) 89vw, (max-width: 1000px) 54vw, (max-width: 1071px) 543px, 580px\" \/><figcaption class=\"wp-element-caption\">Amel Saidane, la pr\u00e9sidente de <em>Tunisian&nbsp;Startups<\/em> avec des participants de MEDIA LOVES TECH en 2019 \u00e0 Tunis.<br>Cr\u00e9dit : DW Akademie<\/figcaption><\/figure>\n\n\n\n<h2 class=\"wp-block-heading\">L\u2019approche \u00ab smart \u00bb&nbsp;<\/h2>\n\n\n\n<p>Chaque organisation m\u00e9diatique est diff\u00e9rente. C\u2019est pourquoi l\u2019accompagnement du SMART MEDIA ACCELERATOR est con\u00e7u sur mesure, construit autour des besoins, objectifs et r\u00e9alit\u00e9s sp\u00e9cifiques exprim\u00e9s par chaque m\u00e9dia, avec la durabilit\u00e9 comme principe directeur constant.<\/p>\n\n\n\n<p>Les deux programmes combinent un cadre structur\u00e9 avec une flexibilit\u00e9 d\u2019adaptation. Chaque m\u00e9dia b\u00e9n\u00e9ficie d\u2019un catalogue de services s\u00e9lectionn\u00e9s, certains essentiels, d\u2019autres optionnels, d\u00e9finis conjointement avec une \u00e9quipe internationale d\u2019experts de haut niveau afin d\u2019assurer pertinence et impact.<\/p>\n\n\n\n<p>La transformation num\u00e9rique n\u2019est pas trait\u00e9e comme un \u00e9l\u00e9ment additionnel, mais comme une dimension centrale du parcours. De la strat\u00e9gie d\u2019audience aux flux de travail et \u00e0 la distribution, la r\u00e9flexion sur les choix num\u00e9riques est pleinement int\u00e9gr\u00e9e \u00e0 l\u2019accompagnement.<\/p>\n\n\n\n<p>Cette approche se refl\u00e8te dans le fonctionnement m\u00eame du SMART MEDIA ACCELERATOR. L\u2019apprentissage et la collaboration reposent largement sur la plateforme SMAx, qui permet des parcours d\u2019apprentissage personnalis\u00e9s et l\u2019acc\u00e8s \u00e0 des ressources partag\u00e9es. Cette base num\u00e9rique est renforc\u00e9e par des exercices pratiques, du mentorat et du coaching \u00e0 la demande, en ligne ou en pr\u00e9sentiel, afin de garantir que l\u2019apprentissage se traduise en progr\u00e8s concrets.<\/p>\n\n\n\n<p><\/p>\n\n\n\n<p><strong><em>Le SMART MEDIA ACCELERATOR est une initiative de la DW Akademie, le centre de d\u00e9veloppement m\u00e9diatique international, de formation journalistique et de transfert de connaissances de Deutsche Welle, en coop\u00e9ration avec l\u2019ONG m\u00e9diatique tunisienne Al Khatt. Al Khatt se veut un think tank et un espace de r\u00e9flexion sur l\u2019avenir du journalisme \u00e0 l\u2019\u00e8re d\u2019Internet.<\/em><\/strong><\/p>\n\n\n\n<p><strong><em>Ce programme est financ\u00e9 par l\u2019Union europ\u00e9enne, le minist\u00e8re f\u00e9d\u00e9ral allemand de la Coop\u00e9ration \u00e9conomique et du D\u00e9veloppement (BMZ)<\/em><\/strong>.<\/p>\n\n\n\n<p><\/p>\n","protected":false},"excerpt":{"rendered":"<p>\u00cates-vous pr\u00eat.e \u00e0 faire passer votre m\u00e9dia au niveau sup\u00e9rieur ?Alors rejoignez le SMART MEDIA ACCELERATOR ! Le SMART MEDIA ACCELERATOR est une initiative phare de la DW Akademie, le centre de d\u00e9veloppement m\u00e9diatique international, de formation au journalisme et de transfert de connaissances de Deutsche Welle. Sa mission est de renforcer le journalisme de &hellip; <\/p>\n<p class=\"link-more\"><a href=\"https:\/\/akademie.dw.de\/tunisiamedia\/smart-media-accelerator\/\" class=\"more-link\">Continuer la lecture<span class=\"screen-reader-text\"> de &laquo;&nbsp;SMART MEDIA ACCELERATOR&nbsp;&raquo;<\/span><\/a><\/p>\n","protected":false},"author":5,"featured_media":0,"parent":0,"menu_order":0,"comment_status":"closed","ping_status":"closed","template":"","meta":{"_monsterinsights_skip_tracking":false,"_monsterinsights_sitenote_active":false,"_monsterinsights_sitenote_note":"","_monsterinsights_sitenote_category":0,"footnotes":""},"class_list":["post-376","page","type-page","status-publish","hentry"],"_links":{"self":[{"href":"https:\/\/akademie.dw.de\/tunisiamedia\/wp-json\/wp\/v2\/pages\/376","targetHints":{"allow":["GET"]}}],"collection":[{"href":"https:\/\/akademie.dw.de\/tunisiamedia\/wp-json\/wp\/v2\/pages"}],"about":[{"href":"https:\/\/akademie.dw.de\/tunisiamedia\/wp-json\/wp\/v2\/types\/page"}],"author":[{"embeddable":true,"href":"https:\/\/akademie.dw.de\/tunisiamedia\/wp-json\/wp\/v2\/users\/5"}],"replies":[{"embeddable":true,"href":"https:\/\/akademie.dw.de\/tunisiamedia\/wp-json\/wp\/v2\/comments?post=376"}],"version-history":[{"count":233,"href":"https:\/\/akademie.dw.de\/tunisiamedia\/wp-json\/wp\/v2\/pages\/376\/revisions"}],"predecessor-version":[{"id":8870,"href":"https:\/\/akademie.dw.de\/tunisiamedia\/wp-json\/wp\/v2\/pages\/376\/revisions\/8870"}],"wp:attachment":[{"href":"https:\/\/akademie.dw.de\/tunisiamedia\/wp-json\/wp\/v2\/media?parent=376"}],"curies":[{"name":"wp","href":"https:\/\/api.w.org\/{rel}","templated":true}]}}