{"id":3690,"date":"2020-11-29T14:24:40","date_gmt":"2020-11-29T14:24:40","guid":{"rendered":"https:\/\/akademie.dw.de\/tunisiamedia\/?page_id=3690"},"modified":"2021-05-30T13:03:39","modified_gmt":"2021-05-30T13:03:39","slug":"facts-fundings","status":"publish","type":"page","link":"https:\/\/akademie.dw.de\/tunisiamedia\/mlt-family\/facts-fundings\/","title":{"rendered":"FACTS &#038; FUNDINGS"},"content":{"rendered":"\n<h1 class=\"wp-block-heading\">FACTS &amp; FUNDINGS<\/h1>\n\n\n\n<p><strong>Retrouvez ici une s\u00e9lection de ressources utiles, d&rsquo;informations contextuelles et de possibilit\u00e9s de financement pour la viabilit\u00e9 \u00e9conomique des start-ups  m\u00e9dias au Maghreb.<\/strong><\/p>\n\n\n\n<h2 class=\"wp-block-heading\">RESSOURCES<\/h2>\n\n\n\n<p><\/p>\n\n\n\n<div class=\"wp-block-media-text alignwide is-stacked-on-mobile\" style=\"grid-template-columns:33% auto\"><figure class=\"wp-block-media-text__media\"><img loading=\"lazy\" decoding=\"async\" width=\"238\" height=\"212\" src=\"https:\/\/techsupport-dev.de\/tunisiamedia\/wp-content\/uploads\/2021\/03\/startupact.png\" alt=\"\" class=\"wp-image-4556 size-full\" srcset=\"https:\/\/akademie.dw.de\/tunisiamedia\/wp-content\/uploads\/2021\/03\/startupact.png 238w, https:\/\/akademie.dw.de\/tunisiamedia\/wp-content\/uploads\/2021\/03\/startupact-24x21.png 24w, https:\/\/akademie.dw.de\/tunisiamedia\/wp-content\/uploads\/2021\/03\/startupact-36x32.png 36w, https:\/\/akademie.dw.de\/tunisiamedia\/wp-content\/uploads\/2021\/03\/startupact-48x43.png 48w\" sizes=\"auto, (max-width: 238px) 100vw, 238px\" \/><\/figure><div class=\"wp-block-media-text__content\">\n<h2 class=\"wp-block-heading\"><span><a rel=\"noreferrer noopener\" href=\"https:\/\/www.startupact.tn\/\" data-type=\"URL\" target=\"_blank\"><strong>Startup Act Tunisie<\/strong><\/a><\/span><\/h2>\n\n\n\n<p class=\"has-normal-font-size\">Le portail regroupant toutes les informations relatives au Start Up Act en Tunisie.<\/p>\n<\/div><\/div>\n\n\n\n<div class=\"wp-block-media-text alignwide is-stacked-on-mobile\" style=\"grid-template-columns:33% auto\"><figure class=\"wp-block-media-text__media\"><img loading=\"lazy\" decoding=\"async\" width=\"533\" height=\"533\" src=\"https:\/\/techsupport-dev.de\/tunisiamedia\/wp-content\/uploads\/2021\/03\/eot.png\" alt=\"\" class=\"wp-image-4553 size-full\" srcset=\"https:\/\/akademie.dw.de\/tunisiamedia\/wp-content\/uploads\/2021\/03\/eot.png 533w, https:\/\/akademie.dw.de\/tunisiamedia\/wp-content\/uploads\/2021\/03\/eot-350x350.png 350w, https:\/\/akademie.dw.de\/tunisiamedia\/wp-content\/uploads\/2021\/03\/eot-150x150.png 150w, https:\/\/akademie.dw.de\/tunisiamedia\/wp-content\/uploads\/2021\/03\/eot-100x100.png 100w, https:\/\/akademie.dw.de\/tunisiamedia\/wp-content\/uploads\/2021\/03\/eot-24x24.png 24w, https:\/\/akademie.dw.de\/tunisiamedia\/wp-content\/uploads\/2021\/03\/eot-36x36.png 36w, https:\/\/akademie.dw.de\/tunisiamedia\/wp-content\/uploads\/2021\/03\/eot-48x48.png 48w\" sizes=\"auto, (max-width: 533px) 100vw, 533px\" \/><\/figure><div class=\"wp-block-media-text__content\">\n<h2 class=\"wp-block-heading\"><span><a rel=\"noreferrer noopener\" style=\"font-weight: bold;\" href=\"https:\/\/digitalmediaviability.com\/digital-media-startup-companies-in-the-arab-world-2019\/\" data-type=\"URL\" data-id=\"https:\/\/digitalmediaviability.com\/digital-media-startup-companies-in-the-arab-world-2019\/\" target=\"_blank\">Entrepreneurs Of Tunisia<\/a><\/span><\/h2>\n\n\n\n<p class=\"has-normal-font-size\">La plateforme de l&rsquo;\u00e9cosyst\u00e8me entrepreneurial tunisien.<\/p>\n<\/div><\/div>\n\n\n\n<div class=\"wp-block-media-text alignwide is-stacked-on-mobile\" style=\"grid-template-columns:33% auto\"><figure class=\"wp-block-media-text__media\"><img decoding=\"async\" src=\"https:\/\/akademie.dw.de\/tunisiamedia\/wp-content\/uploads\/2021\/04\/mapping_survey_sylabs.png\" alt=\"\" class=\"wp-image-4601 size-full\"\/><\/figure><div class=\"wp-block-media-text__content\">\n<h2 class=\"wp-block-heading\"><span><a href=\"https:\/\/digitalmediaviability.com\/digital-media-startup-companies-in-the-arab-world-2019\/\" data-type=\"URL\" target=\"_blank\" rel=\"noreferrer noopener\"><strong>Algerian entrepreneurial ecosystem mapping by Sylabs<\/strong><\/a><\/span><\/h2>\n\n\n\n<p class=\"has-normal-font-size\">Sylabs, le hub d&rsquo;entrepreneuriat et de technologie alg\u00e9rien, a r\u00e9alis\u00e9 une cartographie de l\u2019\u00e9cosyst\u00e8me entrepreneurial alg\u00e9rien.<\/p>\n<\/div><\/div>\n\n\n\n<div class=\"wp-block-media-text alignwide is-stacked-on-mobile\" style=\"grid-template-columns:33% auto\"><figure class=\"wp-block-media-text__media\"><img decoding=\"async\" src=\"https:\/\/akademie.dw.de\/tunisiamedia\/wp-content\/uploads\/2021\/04\/dw_innovation.png\" alt=\"\" class=\"wp-image-4606 size-full\"\/><\/figure><div class=\"wp-block-media-text__content\">\n<h2 class=\"wp-block-heading\"><span><strong><a href=\"https:\/\/innovation.dw.com\/\" target=\"_blank\" rel=\"noreferrer noopener\">DW Innovation<\/a><\/strong><\/span><\/h2>\n\n\n\n<p class=\"has-normal-font-size\">DW Innovation explore les technologies \u00e9mergentes et leur impact sur le journalisme, les m\u00e9dias et le public.<\/p>\n<\/div><\/div>\n\n\n\n<h2 class=\"wp-block-heading\">FACTS<\/h2>\n\n\n\n<div class=\"wp-block-media-text alignwide is-stacked-on-mobile\" style=\"grid-template-columns:33% auto\"><figure class=\"wp-block-media-text__media\"><img loading=\"lazy\" decoding=\"async\" width=\"721\" height=\"1024\" src=\"https:\/\/akademie.dw.de\/tunisiamedia\/wp-content\/uploads\/2020\/08\/DigitalMediaStartup_Arab_World-721x1024.jpg\" alt=\"\" class=\"wp-image-3691 size-full\" srcset=\"https:\/\/akademie.dw.de\/tunisiamedia\/wp-content\/uploads\/2020\/08\/DigitalMediaStartup_Arab_World-721x1024.jpg 721w, https:\/\/akademie.dw.de\/tunisiamedia\/wp-content\/uploads\/2020\/08\/DigitalMediaStartup_Arab_World-246x350.jpg 246w, https:\/\/akademie.dw.de\/tunisiamedia\/wp-content\/uploads\/2020\/08\/DigitalMediaStartup_Arab_World.jpg 757w\" sizes=\"auto, (max-width: 721px) 100vw, 721px\" \/><\/figure><div class=\"wp-block-media-text__content\">\n<h2 class=\"wp-block-heading\"><strong><a rel=\"noreferrer noopener\" href=\"https:\/\/digitalmediaviability.com\/digital-media-startup-companies-in-the-arab-world-2019\/\" data-type=\"URL\" data-id=\"https:\/\/digitalmediaviability.com\/digital-media-startup-companies-in-the-arab-world-2019\/\" target=\"_blank\">Digital Media Startup Companies in the Arab world 2019<\/a><\/strong><\/h2>\n\n\n\n<p class=\"has-normal-font-size\">Publi\u00e9e par la Maharat Fundation (Liban), cette \u00e9tude se penche notamment sur des exemples de start-ups m\u00e9dias au Maroc. <br><br>N\u00e9 du partenariat entre la DW Akademie au Liban et Maharat Fundation, <a rel=\"noreferrer noopener\" href=\"https:\/\/digitalmediaviability.com\/\" target=\"_blank\">Digitalmediaviability.com<\/a> propose un vaste choix de ressources pour start-ups m\u00e9dias dans toute la r\u00e9gion MENA.<\/p>\n<\/div><\/div>\n\n\n\n<p><\/p>\n\n\n\n<div class=\"wp-block-media-text alignwide is-stacked-on-mobile\" style=\"grid-template-columns:33% auto\"><figure class=\"wp-block-media-text__media\"><img loading=\"lazy\" decoding=\"async\" width=\"714\" height=\"999\" src=\"http:\/\/akademie.dw.de\/tunisiamedia\/wp-content\/uploads\/2020\/11\/From-start-to-success.png\" alt=\"\" class=\"wp-image-4122 size-full\" srcset=\"https:\/\/akademie.dw.de\/tunisiamedia\/wp-content\/uploads\/2020\/11\/From-start-to-success.png 714w, https:\/\/akademie.dw.de\/tunisiamedia\/wp-content\/uploads\/2020\/11\/From-start-to-success-250x350.png 250w, https:\/\/akademie.dw.de\/tunisiamedia\/wp-content\/uploads\/2020\/11\/From-start-to-success-17x24.png 17w, https:\/\/akademie.dw.de\/tunisiamedia\/wp-content\/uploads\/2020\/11\/From-start-to-success-26x36.png 26w, https:\/\/akademie.dw.de\/tunisiamedia\/wp-content\/uploads\/2020\/11\/From-start-to-success-34x48.png 34w\" sizes=\"auto, (max-width: 714px) 100vw, 714px\" \/><\/figure><div class=\"wp-block-media-text__content\">\n<h2 class=\"wp-block-heading\"><strong><a rel=\"noreferrer noopener\" href=\"https:\/\/digitalmediaviability.com\/digital-media-startup-companies-in-the-arab-world-2019\/\" data-type=\"URL\" data-id=\"https:\/\/digitalmediaviability.com\/digital-media-startup-companies-in-the-arab-world-2019\/\" target=\"_blank\">From start to success <\/a><\/strong><br><strong><a href=\"https:\/\/www.dw.com\/downloads\/54885261\/dw-akademie-media-viability-handbook-september-2020.pdf\" target=\"_blank\" rel=\"noreferrer noopener\">A handbook for digital media entrepreneurs<\/a><\/strong><\/h2>\n\n\n\n<p class=\"has-normal-font-size\">Un guide pratique sur la viabilit\u00e9 des m\u00e9dias r\u00e9unissant les retours d&rsquo;exp\u00e9riences et conseils de 21 startups m\u00e9dia actives dans 18 pays diff\u00e9rents. <\/p>\n\n\n\n<p class=\"has-normal-font-size\">Le premier chapitre d\u00e9di\u00e9 au lancement de l&rsquo;entreprise se concentre sur des initiatives de la r\u00e9gion MENA.<\/p>\n\n\n\n<p><a href=\"https:\/\/www.dw.com\/en\/dw-akademie\/publications\/s-9527\">Retrouvez toutes les publications de la DW Akademie sur le th\u00e8me de la viabilit\u00e9 des m\u00e9dias.<\/a><\/p>\n<\/div><\/div>\n\n\n\n<p><\/p>\n\n\n\n<div class=\"wp-block-media-text alignwide is-stacked-on-mobile\" style=\"grid-template-columns:34% auto\"><figure class=\"wp-block-media-text__media\"><img loading=\"lazy\" decoding=\"async\" width=\"790\" height=\"1024\" src=\"https:\/\/akademie.dw.de\/tunisiamedia\/wp-content\/uploads\/2020\/08\/INN_Index_2020-790x1024.jpg\" alt=\"\" class=\"wp-image-3694 size-full\" srcset=\"https:\/\/akademie.dw.de\/tunisiamedia\/wp-content\/uploads\/2020\/08\/INN_Index_2020-790x1024.jpg 790w, https:\/\/akademie.dw.de\/tunisiamedia\/wp-content\/uploads\/2020\/08\/INN_Index_2020-270x350.jpg 270w, https:\/\/akademie.dw.de\/tunisiamedia\/wp-content\/uploads\/2020\/08\/INN_Index_2020-768x995.jpg 768w, https:\/\/akademie.dw.de\/tunisiamedia\/wp-content\/uploads\/2020\/08\/INN_Index_2020.jpg 831w\" sizes=\"auto, (max-width: 767px) 89vw, (max-width: 1000px) 54vw, (max-width: 1071px) 543px, 580px\" \/><\/figure><div class=\"wp-block-media-text__content\">\n<h2 class=\"wp-block-heading\"><strong><a rel=\"noreferrer noopener\" href=\"https:\/\/inn.org\/innindex\/\" data-type=\"URL\" data-id=\"https:\/\/inn.org\/innindex\/\" target=\"_blank\">INN Index 2020<\/a><\/strong><\/h2>\n\n\n\n<p class=\"has-normal-font-size\">Les rapports annuels de l&rsquo;Institute for Nonprofit News offrent un aper\u00e7u du fonctionnement des organes de presse \u00e0 but non lucratif en Am\u00e9rique du Nord, ainsi que les tendances et les d\u00e9fis \u00e0 relever du moment.<\/p>\n<\/div><\/div>\n\n\n\n<h2 class=\"wp-block-heading\">FUNDINGS<\/h2>\n\n\n\n<div class=\"wp-block-media-text alignwide is-stacked-on-mobile\" style=\"grid-template-columns:34% auto\"><figure class=\"wp-block-media-text__media\"><img loading=\"lazy\" decoding=\"async\" width=\"363\" height=\"50\" src=\"https:\/\/akademie.dw.de\/tunisiamedia\/wp-content\/uploads\/2020\/08\/gijn.png\" alt=\"\" class=\"wp-image-3702 size-full\" srcset=\"https:\/\/akademie.dw.de\/tunisiamedia\/wp-content\/uploads\/2020\/08\/gijn.png 363w, https:\/\/akademie.dw.de\/tunisiamedia\/wp-content\/uploads\/2020\/08\/gijn-350x48.png 350w\" sizes=\"auto, (max-width: 363px) 100vw, 363px\" \/><\/figure><div class=\"wp-block-media-text__content\">\n<p>Le r\u00e9seau international de journalisme d\u2019investigation (GIJN) propose de nombreuses ressources : <a href=\"https:\/\/helpdesk.gijn.org\/support\/solutions\/articles\/14000036512-fundraising-and-grants\" data-type=\"URL\" data-id=\"https:\/\/helpdesk.gijn.org\/support\/solutions\/articles\/14000036512-fundraising-and-grants\" target=\"_blank\" rel=\"noreferrer noopener\">conseils en fundraising<\/a>, <a href=\"https:\/\/helpdesk.gijn.org\/support\/solutions\/articles\/14000036514-fellowships\" target=\"_blank\" rel=\"noreferrer noopener\">listes de subventions et de bourses<\/a>&#8230;<\/p>\n<\/div><\/div>\n\n\n\n<p><\/p>\n","protected":false},"excerpt":{"rendered":"<p>FACTS &amp; FUNDINGS Retrouvez ici une s\u00e9lection de ressources utiles, d&rsquo;informations contextuelles et de possibilit\u00e9s de financement pour la viabilit\u00e9 \u00e9conomique des start-ups m\u00e9dias au Maghreb. RESSOURCES Startup Act Tunisie Le portail regroupant toutes les informations relatives au Start Up Act en Tunisie. Entrepreneurs Of Tunisia La plateforme de l&rsquo;\u00e9cosyst\u00e8me entrepreneurial tunisien. Algerian entrepreneurial ecosystem &hellip; <\/p>\n<p class=\"link-more\"><a href=\"https:\/\/akademie.dw.de\/tunisiamedia\/mlt-family\/facts-fundings\/\" class=\"more-link\">Continuer la lecture<span class=\"screen-reader-text\"> de &laquo;&nbsp;FACTS &#038; FUNDINGS&nbsp;&raquo;<\/span><\/a><\/p>\n","protected":false},"author":5,"featured_media":0,"parent":4640,"menu_order":0,"comment_status":"closed","ping_status":"closed","template":"","meta":{"_monsterinsights_skip_tracking":false,"_monsterinsights_sitenote_active":false,"_monsterinsights_sitenote_note":"","_monsterinsights_sitenote_category":0,"footnotes":""},"class_list":["post-3690","page","type-page","status-publish","hentry"],"_links":{"self":[{"href":"https:\/\/akademie.dw.de\/tunisiamedia\/wp-json\/wp\/v2\/pages\/3690","targetHints":{"allow":["GET"]}}],"collection":[{"href":"https:\/\/akademie.dw.de\/tunisiamedia\/wp-json\/wp\/v2\/pages"}],"about":[{"href":"https:\/\/akademie.dw.de\/tunisiamedia\/wp-json\/wp\/v2\/types\/page"}],"author":[{"embeddable":true,"href":"https:\/\/akademie.dw.de\/tunisiamedia\/wp-json\/wp\/v2\/users\/5"}],"replies":[{"embeddable":true,"href":"https:\/\/akademie.dw.de\/tunisiamedia\/wp-json\/wp\/v2\/comments?post=3690"}],"version-history":[{"count":14,"href":"https:\/\/akademie.dw.de\/tunisiamedia\/wp-json\/wp\/v2\/pages\/3690\/revisions"}],"predecessor-version":[{"id":4597,"href":"https:\/\/akademie.dw.de\/tunisiamedia\/wp-json\/wp\/v2\/pages\/3690\/revisions\/4597"}],"up":[{"embeddable":true,"href":"https:\/\/akademie.dw.de\/tunisiamedia\/wp-json\/wp\/v2\/pages\/4640"}],"wp:attachment":[{"href":"https:\/\/akademie.dw.de\/tunisiamedia\/wp-json\/wp\/v2\/media?parent=3690"}],"curies":[{"name":"wp","href":"https:\/\/api.w.org\/{rel}","templated":true}]}}