{"id":3333,"date":"2020-04-21T08:38:49","date_gmt":"2020-04-21T08:38:49","guid":{"rendered":"http:\/\/akademie.dw.de\/tunisiamedia\/?page_id=3333"},"modified":"2026-03-20T21:35:45","modified_gmt":"2026-03-20T21:35:45","slug":"media-loves-tech","status":"publish","type":"page","link":"https:\/\/akademie.dw.de\/tunisiamedia\/media-loves-tech\/","title":{"rendered":"MEDIA LOVES TECH"},"content":{"rendered":"\n<figure class=\"wp-block-image size-large is-resized\"><img loading=\"lazy\" decoding=\"async\" width=\"1024\" height=\"576\" src=\"https:\/\/akademie.dw.de\/tunisiamedia\/wp-content\/uploads\/2023\/07\/DWA-MLT-Video_Abspanntafel_1920x1080-FR-EU_Logo-1024x576.png\" alt=\"\" class=\"wp-image-6713\"\/><\/figure>\n\n\n\n<p><\/p>\n\n\n\n<h2 class=\"wp-block-heading\">Votre start-up m\u00e9dia est-elle pr\u00eate pour r\u00e9ussir ?<\/h2>\n\n\n\n<p><\/p>\n\n\n\n<p>Construire un projet m\u00e9dia solide aujourd\u2019hui demande bien plus qu\u2019une bonne id\u00e9e. Il faut une vision \u00e9ditoriale, une pertinence technologique et une compr\u00e9hension claire des audiences et de la durabilit\u00e9. MEDIA LOVES TECH est con\u00e7u pour vous aider \u00e0 tester si votre projet est pr\u00eat pour ce d\u00e9fi.<\/p>\n\n\n\n<p>MEDIA LOVES TECH identifie et soutient des id\u00e9es num\u00e9riques innovantes visant \u00e0 renforcer le journalisme de qualit\u00e9. Le programme offre un cadre structur\u00e9 pour remettre en question les hypoth\u00e8ses, \u00e9valuer la faisabilit\u00e9 et affiner les concepts avant leur mise sur le march\u00e9.<\/p>\n\n\n\n<p>Lanc\u00e9 par la DW Akademie, le centre de formation au journalisme et de d\u00e9veloppement m\u00e9diatique international de Deutsche Welle, le programme est ouvert aux journalistes, entrepreneurs m\u00e9dias, start-ups, d\u00e9veloppeurs, designers, professionnels cr\u00e9atifs et acteurs de la soci\u00e9t\u00e9 civile souhaitant am\u00e9liorer les m\u00e9dias au Maroc et en Tunisie gr\u00e2ce \u00e0 l\u2019innovation.<br><\/p>\n\n\n\n<p>Les projets s\u00e9lectionn\u00e9s b\u00e9n\u00e9ficient d\u2019un parcours d\u2019incubation combinant apprentissage, retours d\u2019experts et exp\u00e9rimentation. \u00c0 l\u2019issue du processus, l\u2019innovation journalistique num\u00e9rique la plus prometteuse \u00e0 travers le Maroc et la Tunisie recevra un prix de 10 000 EUR pour soutenir sa prochaine \u00e9tape de d\u00e9veloppement.<\/p>\n\n\n\n<h2 class=\"wp-block-heading\" id=\"etapes\">Les \u00e9tapes de la comp\u00e9tition<\/h2>\n\n\n\n<figure class=\"wp-block-image size-large is-resized\"><img loading=\"lazy\" decoding=\"async\" width=\"1024\" height=\"598\" src=\"https:\/\/akademie.dw.de\/tunisiamedia\/wp-content\/uploads\/2026\/03\/MLT-Timeline-2026-1024x598.jpg\" alt=\"\" class=\"wp-image-8676\" style=\"width:1232px;height:auto\" srcset=\"https:\/\/akademie.dw.de\/tunisiamedia\/wp-content\/uploads\/2026\/03\/MLT-Timeline-2026-1024x598.jpg 1024w, https:\/\/akademie.dw.de\/tunisiamedia\/wp-content\/uploads\/2026\/03\/MLT-Timeline-2026-350x204.jpg 350w, https:\/\/akademie.dw.de\/tunisiamedia\/wp-content\/uploads\/2026\/03\/MLT-Timeline-2026-768x449.jpg 768w, https:\/\/akademie.dw.de\/tunisiamedia\/wp-content\/uploads\/2026\/03\/MLT-Timeline-2026.jpg 1426w\" sizes=\"auto, (max-width: 767px) 89vw, (max-width: 1000px) 54vw, (max-width: 1071px) 543px, 580px\" \/><\/figure>\n\n\n\n\n\n<h2 class=\"wp-block-heading\">Objectif de la comp\u00e9tition<\/h2>\n\n\n\n<p><\/p>\n\n\n\n<p>MEDIA LOVES TECH vise \u00e0 identifier et soutenir des solutions pratiques et innovantes r\u00e9pondant aux d\u00e9fis r\u00e9els auxquels sont confront\u00e9s les m\u00e9dias et le journalisme au Maroc et en Tunisie.<\/p>\n\n\n\n<p>Le programme mise sur l\u2019intelligence collective en r\u00e9unissant des profils vari\u00e9s \u2014 journalistes, technologues, designers, entrepreneurs m\u00e9dias \u2014 pour explorer de nouvelles id\u00e9es, services et formats. En encourageant la collaboration, MEDIA LOVES TECH cr\u00e9e les conditions de l\u2019\u00e9mergence de la cr\u00e9ativit\u00e9 et de l\u2019innovation.<\/p>\n\n\n\n<p>Au-del\u00e0 de la g\u00e9n\u00e9ration d\u2019id\u00e9es, MEDIA LOVES TECH permet aux participants de s\u2019initier \u00e0 l\u2019entrepreneuriat m\u00e9dia, de tester leurs hypoth\u00e8ses en conditions r\u00e9elles et de pr\u00e9parer leurs projets pour une mise sur le march\u00e9.<\/p>\n\n\n\n<p><\/p>\n\n\n\n<figure class=\"wp-block-image size-large\"><img loading=\"lazy\" decoding=\"async\" width=\"1024\" height=\"683\" src=\"https:\/\/akademie.dw.de\/tunisiamedia\/wp-content\/uploads\/2023\/07\/DSC07866-1024x683.jpg\" alt=\"\" class=\"wp-image-6754\" srcset=\"https:\/\/akademie.dw.de\/tunisiamedia\/wp-content\/uploads\/2023\/07\/DSC07866-1024x683.jpg 1024w, https:\/\/akademie.dw.de\/tunisiamedia\/wp-content\/uploads\/2023\/07\/DSC07866-350x233.jpg 350w, https:\/\/akademie.dw.de\/tunisiamedia\/wp-content\/uploads\/2023\/07\/DSC07866-768x512.jpg 768w, https:\/\/akademie.dw.de\/tunisiamedia\/wp-content\/uploads\/2023\/07\/DSC07866-1536x1024.jpg 1536w, https:\/\/akademie.dw.de\/tunisiamedia\/wp-content\/uploads\/2023\/07\/DSC07866-2048x1365.jpg 2048w, https:\/\/akademie.dw.de\/tunisiamedia\/wp-content\/uploads\/2023\/07\/DSC07866-24x16.jpg 24w, https:\/\/akademie.dw.de\/tunisiamedia\/wp-content\/uploads\/2023\/07\/DSC07866-36x24.jpg 36w, https:\/\/akademie.dw.de\/tunisiamedia\/wp-content\/uploads\/2023\/07\/DSC07866-48x32.jpg 48w\" sizes=\"auto, (max-width: 767px) 89vw, (max-width: 1000px) 54vw, (max-width: 1071px) 543px, 580px\" \/><figcaption class=\"wp-element-caption\">L&rsquo;\u00e9quipe de MEDIA LOVES TECH et des participant.e.s de MEDIA LOVES TECH lors des Assises du Journalisme  \u00e0 Tunis en 2022. Cr\u00e9dit : DW Akademie \/ Gorilla Hub<\/figcaption><\/figure>\n\n\n\n<h2 class=\"wp-block-heading\" id=\"Themes\">Projets recherch\u00e9s<\/h2>\n\n\n\n<p><\/p>\n\n\n\n<p>MEDIA LOVES TECH recherche des projets contribuant \u00e0 un journalisme plus solide, pertinent et accessible.<\/p>\n\n\n\n<p>Sont particuli\u00e8rement recherch\u00e9s :<br><\/p>\n\n\n\n<p>MEDIA LOVES TECH recherche :<\/p>\n\n\n\n<ul class=\"wp-block-list\">\n<li>Des solutions facilitant l\u2019acc\u00e8s \u00e0 l\u2019information ;<\/li>\n\n\n\n<li>Des outils soutenant le travail journalistique : traitement, organisation, analyse, visualisation de donn\u00e9es ;<\/li>\n\n\n\n<li>Des innovations favorisant l\u2019interaction avec les audiences ;<\/li>\n\n\n\n<li>De nouveaux formats \u00e9ditoriaux et approches narratives.<\/li>\n<\/ul>\n\n\n\n<p>Cette liste n&rsquo;est pas exhaustive. Nous encourageons les propositions audacieuses et innovantes qui explorent de nouvelles fa\u00e7ons de servir le journalisme et l&rsquo;int\u00e9r\u00eat g\u00e9n\u00e9ral.<br><\/p>\n\n\n\n<p>Axes th\u00e9matiques cl\u00e9s<\/p>\n\n\n\n<p>MEDIA LOVES TECH est ouvert aux projets qui s\u2019attaquent \u00e0 certains des d\u00e9fis les plus urgents auxquels le journalisme est confront\u00e9 aujourd\u2019hui. Nous accueillons particuli\u00e8rement les initiatives travaillant dans les domaines suivants :<\/p>\n\n\n\n<h4 class=\"wp-block-heading\">Journalisme scientifique<\/h4>\n\n\n\n<p>Solutions permettant aux journalistes d\u2019am\u00e9liorer la couverture des sujets scientifiques, de rendre des informations complexes accessibles \u00e0 un public plus large et d\u2019assurer la diffusion efficace de connaissances fiables.<\/p>\n\n\n\n<h4 class=\"wp-block-heading\">Journalisme citoyen <\/h4>\n\n\n\n<p>Outils permettant aux m\u00e9dias d\u2019atteindre des publics sp\u00e9cifiques \u2014 comme les communaut\u00e9s locales \u2014 et de connecter les journalistes citoyens avec les r\u00e9dactions professionnelles, renfor\u00e7ant ainsi les capacit\u00e9s de production et l\u2019\u00e9tendue de l\u2019audience.<\/p>\n\n\n\n<h4 class=\"wp-block-heading\">V\u00e9rification des contenus (fact-checking) \/ lutte contre la d\u00e9sinformation et les fake news<\/h4>\n\n\n\n<p>Dans des contextes politiques fragiles, notamment en p\u00e9riode \u00e9lectorale ou en temps de crise, distinguer les informations v\u00e9rifi\u00e9es des fausses informations devient particuli\u00e8rement difficile. Nous nous int\u00e9ressons aux outils qui soutiennent le fact-checking, apportent du contexte et renforcent la rigueur \u00e9ditoriale au Maroc et en Tunisie.<\/p>\n\n\n\n<h4 class=\"wp-block-heading\">Couverture \u00e9lectorale<\/h4>\n\n\n\n<p>\u00c0 l\u2019approche des p\u00e9riodes \u00e9lectorales, les m\u00e9dias ont besoin d\u2019outils d\u00e9di\u00e9s pour assurer une couverture pr\u00e9cise, \u00e9thique et compl\u00e8te des processus politiques.<\/p>\n\n\n\n<h4 class=\"wp-block-heading\">Datajournalisme <\/h4>\n\n\n\n<p>Technologies et solutions permettant aux m\u00e9dias d\u2019analyser, traiter, interpr\u00e9ter et visualiser des donn\u00e9es afin de produire un journalisme plus approfondi et fond\u00e9 sur des preuves.<\/p>\n\n\n\n<h4 class=\"wp-block-heading\">Viabilit\u00e9 des m\u00e9dias<\/h4>\n\n\n\n<p>Outils et mod\u00e8les innovants contribuant \u00e0 la durabilit\u00e9 \u00e9conomique et financi\u00e8re des projets m\u00e9diatiques.<\/p>\n\n\n\n<h4 class=\"wp-block-heading\">Dialogue avec les pouvoirs publics<\/h4>\n\n\n\n<p>Solutions favorisant la transparence de l\u2019action publique et facilitant un dialogue constructif entre citoyens, journalistes et d\u00e9cideurs politiques ou \u00e9conomiques.<\/p>\n\n\n\n<h4 class=\"wp-block-heading\">Information en p\u00e9riode de crise<\/h4>\n\n\n\n<p>Outils soutenant la diffusion d\u2019informations publiques essentielles et aidant les audiences \u00e0 faire face aux crises sanitaires, environnementales, \u00e9conomiques ou politiques.<\/p>\n\n\n\n<h4 class=\"wp-block-heading\">Exploitation des nouvelles technologies<\/h4>\n\n\n\n<p>Les avanc\u00e9es en intelligence artificielle et dans les technologies \u00e9mergentes offrent des opportunit\u00e9s majeures pour les r\u00e9dactions. L\u2019enjeu est de les utiliser de mani\u00e8re responsable et strat\u00e9gique au service d\u2019un journalisme de qualit\u00e9. Nous sommes particuli\u00e8rement int\u00e9ress\u00e9s par les id\u00e9es innovantes qui r\u00e9pondent \u00e0 cet objectif.<\/p>\n\n\n\n<h2 class=\"wp-block-heading\">Ce qui vous attend<\/h2>\n\n\n\n<p><\/p>\n\n\n\n<h4 class=\"wp-block-heading\"><strong>\u00c9tape 1 : Phase de candidature et de qualification<br><\/strong><\/h4>\n\n\n\n<p>En 2026, MEDIA LOVES TECH formera une cohorte \u00ab Afrique du Nord \u00bb, rassemblant des \u00e9quipes du Maroc et de la Tunisie.<\/p>\n\n\n\n<p>Postulez avant le 15 avril 2026 via le <a href=\"https:\/\/akademie.dw.de\/tunisiamedia\/sma-call-2025\/\">formulaire de candidature SMART MEDIA ACCELERATOR 2026<\/a>. Les meilleures \u00e9quipes seront inform\u00e9es qu\u2019elles ont acc\u00e8s \u00e0 la plateforme d\u2019e\u2011learning SMAx.<\/p>\n\n\n\n<h4 class=\"wp-block-heading\"><strong>\u00c9tape 2 : Phase de pr\u00e9-incubation<\/strong><\/h4>\n\n\n\n<p>De mai \u00e0 juillet 2026, les \u00e9quipes ont la possibilit\u00e9 de suivre des cours et des sessions en ligne sur la plateforme et de fournir les livrables requis. Le parcours de pr\u00e9\u2011incubation de trois mois est divis\u00e9 en trois phases : \u00ab d\u00e9sirabilit\u00e9 \u00bb, \u00ab faisabilit\u00e9 \u00bb et \u00ab viabilit\u00e9 \u00bb. \u00c0 l\u2019issue de cette premi\u00e8re \u00e9tape, les livrables sont \u00e9valu\u00e9s et les meilleurs projets poursuivent la comp\u00e9tition.<\/p>\n\n\n\n<p><strong>\u00c9tape 3 : Phase d\u2019incubation<\/strong><\/p>\n\n\n\n<p>La phase de pr\u00e9-incubation est suivie d&rsquo;un parcours d&rsquo;incubation de trois mois.<br><br>Avant le lancement de l\u2019incubation, la cohorte participera \u00e0 un bootcamp en ligne.<\/p>\n\n\n\n<p>De septembre \u00e0 novembre 2026, l\u2019incubation adopte une approche it\u00e9rative, reprenant une organisation&nbsp; autour de trois phases abord\u00e9es durant la pr\u00e9-incubation :<\/p>\n\n\n\n<ul class=\"wp-block-list\">\n<li>d\u00e9sirabilit\u00e9 : clarifier le probl\u00e8me, les utilisateurs et la proposition de valeur ;<\/li>\n\n\n\n<li>faisabilit\u00e9 : \u00e9valuer les hypoth\u00e8ses techniques et op\u00e9rationnelles ;<\/li>\n\n\n\n<li>viabilit\u00e9 : tester la logique commerciale et la p\u00e9rennit\u00e9.<\/li>\n<\/ul>\n\n\n\n<p>\u00c0 chaque \u00e9tape, les \u00e9quipes :<\/p>\n\n\n\n<ul class=\"wp-block-list\">\n<li>affinent leurs hypoth\u00e8ses,<\/li>\n\n\n\n<li>les testent \u00e0 la lumi\u00e8re des retours d&rsquo;exp\u00e9rience et des avis d&rsquo;experts,<\/li>\n\n\n\n<li>soumettent des livrables concrets pour examen.<\/li>\n<\/ul>\n\n\n\n<p>La progression dans le programme est guid\u00e9e par ce cycle \u00ab construire-tester-apprendre \u00bb, soutenu par des sessions individuelles avec des experts, sur mesure et \u00e0 la demande, adapt\u00e9es aux d\u00e9fis sp\u00e9cifiques de chaque projet.<\/p>\n\n\n\n<p>\u00c0 la fin de la phase d&rsquo;incubation, les livrables finaux sont \u00e9valu\u00e9s et le projet le plus prometteur est s\u00e9lectionn\u00e9.<\/p>\n\n\n\n<p>Au cours de la phase d&rsquo;incubation, chaque \u00e9quipe franchissant une \u00e9tape recevra 500 euros. Pour chaque promotion, le meilleur projet recevra un financement de 10 000 euros, qui sera remis \u00e0 l&rsquo;\u00e9quipe gagnante lors de la c\u00e9r\u00e9monie de cl\u00f4ture le 27 novembre 2026.<\/p>\n\n\n\n<h2 class=\"wp-block-heading\">Ce qu&rsquo;offre MEDIA LOVES TECH<\/h2>\n\n\n\n<ul class=\"wp-block-list\">\n<li>Un parcours d\u2019apprentissage flexible et it\u00e9ratif, combinant cours en ligne et masterclasses ;<\/li>\n\n\n\n<li>Un acc\u00e8s \u00e0 la demande \u00e0 des experts en journalisme, technologie et design ;<\/li>\n\n\n\n<li>Des retours continus \u00e0 chaque \u00e9tape du d\u00e9veloppement ;<\/li>\n\n\n\n<li>Une communaut\u00e9 d\u2019entrepreneurs et acteurs des m\u00e9dias.<\/li>\n<\/ul>\n\n\n\n<p>En 2026, le meilleur projet sera r\u00e9compens\u00e9 d&rsquo;un prix de 10 000 \u20ac lors de la c\u00e9r\u00e9monie de cl\u00f4ture qui se tiendra le 27 novembre 2026.<\/p>\n\n\n\n<h2 class=\"wp-block-heading\">R\u00e8gles et r\u00e9glementations<\/h2>\n\n\n\n<p><\/p>\n\n\n\n<p>Le r\u00e8glement complet de l\u2019\u00e9dition 2026 de MEDIA LOVES TECH peut \u00eatre consult\u00e9 <a href=\"https:\/\/akademie.dw.de\/tunisiamedia\/reglement\/\">ici<\/a>. Vous pouvez \u00e9galement vous r\u00e9f\u00e9rer \u00e0 la Foire Aux Questions (<a href=\"https:\/\/akademie.dw.de\/tunisiamedia\/faq-mlt\/\">F.A.Q.<\/a>). Si vous avez encore des questions \u00e0 ce stade, n\u2019h\u00e9sitez pas \u00e0 <a href=\"https:\/\/akademie.dw.de\/tunisiamedia\/mlt-family\/a-propos\/\">nous contacter<\/a>.<br><\/p>\n\n\n\n<p><\/p>\n\n\n\n<p><\/p>\n\n\n\n<p><strong><em>MEDIA LOVES TECH est une initiative de la DW Akademie, le centre de d\u00e9veloppement m\u00e9diatique international, de formation journalistique et de transfert de connaissances de Deutsche Welle, en coop\u00e9ration avec l\u2019ONG m\u00e9diatique tunisienne Al Khatt. Al Khatt se veut un think tank et un espace de r\u00e9flexion sur l\u2019avenir du journalisme \u00e0 l\u2019\u00e8re d\u2019Internet.<\/em><\/strong><\/p>\n\n\n\n<p><strong><em>Ce programme est financ\u00e9 par l\u2019Union europ\u00e9enne, le minist\u00e8re f\u00e9d\u00e9ral allemand de la Coop\u00e9ration \u00e9conomique et du D\u00e9veloppement (BMZ)<\/em><\/strong>.<\/p>\n","protected":false},"excerpt":{"rendered":"<p>Votre start-up m\u00e9dia est-elle pr\u00eate pour r\u00e9ussir ? Construire un projet m\u00e9dia solide aujourd\u2019hui demande bien plus qu\u2019une bonne id\u00e9e. Il faut une vision \u00e9ditoriale, une pertinence technologique et une compr\u00e9hension claire des audiences et de la durabilit\u00e9. MEDIA LOVES TECH est con\u00e7u pour vous aider \u00e0 tester si votre projet est pr\u00eat pour ce &hellip; <\/p>\n<p class=\"link-more\"><a href=\"https:\/\/akademie.dw.de\/tunisiamedia\/media-loves-tech\/\" class=\"more-link\">Continuer la lecture<span class=\"screen-reader-text\"> de &laquo;&nbsp;MEDIA LOVES TECH&nbsp;&raquo;<\/span><\/a><\/p>\n","protected":false},"author":5,"featured_media":0,"parent":0,"menu_order":0,"comment_status":"closed","ping_status":"closed","template":"","meta":{"_monsterinsights_skip_tracking":false,"_monsterinsights_sitenote_active":false,"_monsterinsights_sitenote_note":"","_monsterinsights_sitenote_category":0,"footnotes":""},"class_list":["post-3333","page","type-page","status-publish","hentry"],"_links":{"self":[{"href":"https:\/\/akademie.dw.de\/tunisiamedia\/wp-json\/wp\/v2\/pages\/3333","targetHints":{"allow":["GET"]}}],"collection":[{"href":"https:\/\/akademie.dw.de\/tunisiamedia\/wp-json\/wp\/v2\/pages"}],"about":[{"href":"https:\/\/akademie.dw.de\/tunisiamedia\/wp-json\/wp\/v2\/types\/page"}],"author":[{"embeddable":true,"href":"https:\/\/akademie.dw.de\/tunisiamedia\/wp-json\/wp\/v2\/users\/5"}],"replies":[{"embeddable":true,"href":"https:\/\/akademie.dw.de\/tunisiamedia\/wp-json\/wp\/v2\/comments?post=3333"}],"version-history":[{"count":105,"href":"https:\/\/akademie.dw.de\/tunisiamedia\/wp-json\/wp\/v2\/pages\/3333\/revisions"}],"predecessor-version":[{"id":8822,"href":"https:\/\/akademie.dw.de\/tunisiamedia\/wp-json\/wp\/v2\/pages\/3333\/revisions\/8822"}],"wp:attachment":[{"href":"https:\/\/akademie.dw.de\/tunisiamedia\/wp-json\/wp\/v2\/media?parent=3333"}],"curies":[{"name":"wp","href":"https:\/\/api.w.org\/{rel}","templated":true}]}}