{"id":3111,"date":"2020-03-27T14:10:56","date_gmt":"2020-03-27T14:10:56","guid":{"rendered":"http:\/\/akademie.dw.de\/tunisiamedia\/?page_id=3111"},"modified":"2021-05-30T12:09:50","modified_gmt":"2021-05-30T12:09:50","slug":"les-projets","status":"publish","type":"page","link":"https:\/\/akademie.dw.de\/tunisiamedia\/mlt-family\/les-projets\/","title":{"rendered":"MLT WINNERS"},"content":{"rendered":"\n<h1 class=\"wp-block-heading\">MLT WINNERS<\/h1>\n\n\n\n<p>Les projets vainqueurs des \u00e9ditions pr\u00e9c\u00e9dentes.<\/p>\n\n\n\n<div class=\"wp-block-media-text alignwide\" style=\"grid-template-columns:33% auto\"><figure class=\"wp-block-media-text__media\"><img loading=\"lazy\" decoding=\"async\" width=\"200\" height=\"200\" src=\"http:\/\/akademie.dw.de\/tunisiamedia\/wp-content\/uploads\/2020\/03\/TEAM_Winners_90Youm-1.png\" alt=\"\" class=\"wp-image-3092\" srcset=\"https:\/\/akademie.dw.de\/tunisiamedia\/wp-content\/uploads\/2020\/03\/TEAM_Winners_90Youm-1.png 200w, https:\/\/akademie.dw.de\/tunisiamedia\/wp-content\/uploads\/2020\/03\/TEAM_Winners_90Youm-1-150x150.png 150w, https:\/\/akademie.dw.de\/tunisiamedia\/wp-content\/uploads\/2020\/03\/TEAM_Winners_90Youm-1-100x100.png 100w, https:\/\/akademie.dw.de\/tunisiamedia\/wp-content\/uploads\/2020\/03\/TEAM_Winners_90Youm-1-24x24.png 24w, https:\/\/akademie.dw.de\/tunisiamedia\/wp-content\/uploads\/2020\/03\/TEAM_Winners_90Youm-1-36x36.png 36w, https:\/\/akademie.dw.de\/tunisiamedia\/wp-content\/uploads\/2020\/03\/TEAM_Winners_90Youm-1-48x48.png 48w\" sizes=\"auto, (max-width: 200px) 100vw, 200px\" \/><\/figure><div class=\"wp-block-media-text__content\">\n<p>90YOUM est un media web th\u00e9matique, qui vise a valoriser la ville de Tunis \u00e0 travers des contributeurs multidisciplinaires et cross-media.<p>\n<\/div><\/div>\n\n\n\n<div class=\"wp-block-media-text alignwide\" style=\"grid-template-columns:33% auto\"><figure class=\"wp-block-media-text__media\"><img loading=\"lazy\" decoding=\"async\" width=\"200\" height=\"200\" src=\"http:\/\/akademie.dw.de\/tunisiamedia\/wp-content\/uploads\/2020\/03\/TEAM_Winners_Defusor-1.png\" alt=\"\" class=\"wp-image-3095\" srcset=\"https:\/\/akademie.dw.de\/tunisiamedia\/wp-content\/uploads\/2020\/03\/TEAM_Winners_Defusor-1.png 200w, https:\/\/akademie.dw.de\/tunisiamedia\/wp-content\/uploads\/2020\/03\/TEAM_Winners_Defusor-1-150x150.png 150w, https:\/\/akademie.dw.de\/tunisiamedia\/wp-content\/uploads\/2020\/03\/TEAM_Winners_Defusor-1-100x100.png 100w, https:\/\/akademie.dw.de\/tunisiamedia\/wp-content\/uploads\/2020\/03\/TEAM_Winners_Defusor-1-24x24.png 24w, https:\/\/akademie.dw.de\/tunisiamedia\/wp-content\/uploads\/2020\/03\/TEAM_Winners_Defusor-1-36x36.png 36w, https:\/\/akademie.dw.de\/tunisiamedia\/wp-content\/uploads\/2020\/03\/TEAM_Winners_Defusor-1-48x48.png 48w\" sizes=\"auto, (max-width: 200px) 100vw, 200px\" \/><\/figure><div class=\"wp-block-media-text__content\">\n<p>Defusor tire parti de l&rsquo;intelligence artificielle et de l&rsquo;expertise humaine pour permettre \u00e0 chacun de v\u00e9rifier les faits, de comprendre les sources et le contenu des actualit\u00e9s, de renforcer la v\u00e9rit\u00e9 et de consolider les marques et les m\u00e9dias responsables dans la r\u00e9gion MENA.<\/p>\n\n<a href=\"https:\/\/defusor.com\" target=\"_blank\" rel=\"noopener noreferrer\">Defusor.com<\/a><\/br>\n<a href=\"https:\/\/www.facebook.com\/Defusor-115604919814673\/\" target=\"_blank\" rel=\"noopener noreferrer\">Facebook.com\/Defusor-115604919814673\/<\/a>\n<\/div><\/div>\n\n\n\n<div class=\"wp-block-media-text alignwide\" style=\"grid-template-columns:33% auto\"><figure class=\"wp-block-media-text__media\"><img loading=\"lazy\" decoding=\"async\" width=\"200\" height=\"200\" src=\"http:\/\/akademie.dw.de\/tunisiamedia\/wp-content\/uploads\/2020\/03\/TEAM_Winners_Hexamaps.png\" alt=\"\" class=\"wp-image-3083\" srcset=\"https:\/\/akademie.dw.de\/tunisiamedia\/wp-content\/uploads\/2020\/03\/TEAM_Winners_Hexamaps.png 200w, https:\/\/akademie.dw.de\/tunisiamedia\/wp-content\/uploads\/2020\/03\/TEAM_Winners_Hexamaps-150x150.png 150w, https:\/\/akademie.dw.de\/tunisiamedia\/wp-content\/uploads\/2020\/03\/TEAM_Winners_Hexamaps-100x100.png 100w, https:\/\/akademie.dw.de\/tunisiamedia\/wp-content\/uploads\/2020\/03\/TEAM_Winners_Hexamaps-24x24.png 24w, https:\/\/akademie.dw.de\/tunisiamedia\/wp-content\/uploads\/2020\/03\/TEAM_Winners_Hexamaps-36x36.png 36w, https:\/\/akademie.dw.de\/tunisiamedia\/wp-content\/uploads\/2020\/03\/TEAM_Winners_Hexamaps-48x48.png 48w\" sizes=\"auto, (max-width: 200px) 100vw, 200px\" \/><\/figure><div class=\"wp-block-media-text__content\">\n<p>Hexamaps est une plateforme qui offre des outils de base pour cr\u00e9er des cartes. Les fonctionnalit\u00e9s avanc\u00e9es doivent \u00eatre fournies par les d\u00e9veloppeurs sous la forme de plugins gratuits ou achetables.<\/p>\n<a href=\"https:\/\/hexamaps.com\/\" target=\"_blank\" rel=\"noopener noreferrer\">Hexamaps.com<\/a>\n<\/div><\/div>\n\n\n\n<div class=\"wp-block-media-text alignwide\" style=\"grid-template-columns:33% auto\"><figure class=\"wp-block-media-text__media\"><img loading=\"lazy\" decoding=\"async\" width=\"200\" height=\"200\" src=\"http:\/\/akademie.dw.de\/tunisiamedia\/wp-content\/uploads\/2020\/03\/TEAM_Winners_Rakib.png\" alt=\"\" class=\"wp-image-3086\" srcset=\"https:\/\/akademie.dw.de\/tunisiamedia\/wp-content\/uploads\/2020\/03\/TEAM_Winners_Rakib.png 200w, https:\/\/akademie.dw.de\/tunisiamedia\/wp-content\/uploads\/2020\/03\/TEAM_Winners_Rakib-150x150.png 150w, https:\/\/akademie.dw.de\/tunisiamedia\/wp-content\/uploads\/2020\/03\/TEAM_Winners_Rakib-100x100.png 100w, https:\/\/akademie.dw.de\/tunisiamedia\/wp-content\/uploads\/2020\/03\/TEAM_Winners_Rakib-24x24.png 24w, https:\/\/akademie.dw.de\/tunisiamedia\/wp-content\/uploads\/2020\/03\/TEAM_Winners_Rakib-36x36.png 36w, https:\/\/akademie.dw.de\/tunisiamedia\/wp-content\/uploads\/2020\/03\/TEAM_Winners_Rakib-48x48.png 48w\" sizes=\"auto, (max-width: 200px) 100vw, 200px\" \/><\/figure><div class=\"wp-block-media-text__content\">\n<p>Ce projet de journalisme citoyen et collaboratif propose un encadrement en amont et, en aval, un suivi et une v\u00e9rification pour les citoyens lanceurs d\u2019alertes environnementales \u00e0 Sfax.<\/p>\n<a href=\"http:\/\/www.rakib.tn\" target=\"_blank\" rel=\"noopener noreferrer\">Rakib.tn<\/a><\/br>\n<a href=\"http:\/\/www.facebook.com\/RAKIB.TUNISIE\" target=\"_blank\" rel=\"noopener noreferrer\">Facebook.com\/RAKIB.TUNISIE<\/a>\n<\/div><\/div>\n\n\n\n<div class=\"wp-block-media-text alignwide\" style=\"grid-template-columns:33% auto\"><figure class=\"wp-block-media-text__media\"><img loading=\"lazy\" decoding=\"async\" width=\"200\" height=\"200\" src=\"http:\/\/akademie.dw.de\/tunisiamedia\/wp-content\/uploads\/2020\/03\/TEAM_Winners_Taswira.png\" alt=\"\" class=\"wp-image-3089\" srcset=\"https:\/\/akademie.dw.de\/tunisiamedia\/wp-content\/uploads\/2020\/03\/TEAM_Winners_Taswira.png 200w, https:\/\/akademie.dw.de\/tunisiamedia\/wp-content\/uploads\/2020\/03\/TEAM_Winners_Taswira-150x150.png 150w, https:\/\/akademie.dw.de\/tunisiamedia\/wp-content\/uploads\/2020\/03\/TEAM_Winners_Taswira-100x100.png 100w, https:\/\/akademie.dw.de\/tunisiamedia\/wp-content\/uploads\/2020\/03\/TEAM_Winners_Taswira-24x24.png 24w, https:\/\/akademie.dw.de\/tunisiamedia\/wp-content\/uploads\/2020\/03\/TEAM_Winners_Taswira-36x36.png 36w, https:\/\/akademie.dw.de\/tunisiamedia\/wp-content\/uploads\/2020\/03\/TEAM_Winners_Taswira-48x48.png 48w\" sizes=\"auto, (max-width: 200px) 100vw, 200px\" \/><\/figure><div class=\"wp-block-media-text__content\">\n<p>Taswira est une phototh\u00e8que sp\u00e9cialis\u00e9e qui se voit startup apportant une solution innovante et pratique pour mettre en relation les photographes et les m\u00e9dias ainsi que les cr\u00e9ateur de contenus.<\/p>\n\n<a href=\"http:\/\/www.taswira.net\" target=\"_blank\" rel=\"noopener noreferrer\">Taswira.net<\/a><\/br>\n<a href=\"http:\/\/www.facebook.com\/taswira.net\" target=\"_blank\" rel=\"noopener noreferrer\">Facebook.com\/taswira.net<\/a>\n<\/div><\/div>\n\n\n<p><!--EndFragment--><\/p>","protected":false},"excerpt":{"rendered":"<p>MLT WINNERS Les projets vainqueurs des \u00e9ditions pr\u00e9c\u00e9dentes. 90YOUM est un media web th\u00e9matique, qui vise a valoriser la ville de Tunis \u00e0 travers des contributeurs multidisciplinaires et cross-media. Defusor tire parti de l&rsquo;intelligence artificielle et de l&rsquo;expertise humaine pour permettre \u00e0 chacun de v\u00e9rifier les faits, de comprendre les sources et le contenu des &hellip; <\/p>\n<p class=\"link-more\"><a href=\"https:\/\/akademie.dw.de\/tunisiamedia\/mlt-family\/les-projets\/\" class=\"more-link\">Continuer la lecture<span class=\"screen-reader-text\"> de &laquo;&nbsp;MLT WINNERS&nbsp;&raquo;<\/span><\/a><\/p>\n","protected":false},"author":5,"featured_media":0,"parent":4640,"menu_order":0,"comment_status":"closed","ping_status":"closed","template":"","meta":{"_monsterinsights_skip_tracking":false,"_monsterinsights_sitenote_active":false,"_monsterinsights_sitenote_note":"","_monsterinsights_sitenote_category":0,"footnotes":""},"class_list":["post-3111","page","type-page","status-publish","hentry"],"_links":{"self":[{"href":"https:\/\/akademie.dw.de\/tunisiamedia\/wp-json\/wp\/v2\/pages\/3111","targetHints":{"allow":["GET"]}}],"collection":[{"href":"https:\/\/akademie.dw.de\/tunisiamedia\/wp-json\/wp\/v2\/pages"}],"about":[{"href":"https:\/\/akademie.dw.de\/tunisiamedia\/wp-json\/wp\/v2\/types\/page"}],"author":[{"embeddable":true,"href":"https:\/\/akademie.dw.de\/tunisiamedia\/wp-json\/wp\/v2\/users\/5"}],"replies":[{"embeddable":true,"href":"https:\/\/akademie.dw.de\/tunisiamedia\/wp-json\/wp\/v2\/comments?post=3111"}],"version-history":[{"count":4,"href":"https:\/\/akademie.dw.de\/tunisiamedia\/wp-json\/wp\/v2\/pages\/3111\/revisions"}],"predecessor-version":[{"id":3772,"href":"https:\/\/akademie.dw.de\/tunisiamedia\/wp-json\/wp\/v2\/pages\/3111\/revisions\/3772"}],"up":[{"embeddable":true,"href":"https:\/\/akademie.dw.de\/tunisiamedia\/wp-json\/wp\/v2\/pages\/4640"}],"wp:attachment":[{"href":"https:\/\/akademie.dw.de\/tunisiamedia\/wp-json\/wp\/v2\/media?parent=3111"}],"curies":[{"name":"wp","href":"https:\/\/api.w.org\/{rel}","templated":true}]}}