{"id":2504,"date":"2019-08-22T13:30:35","date_gmt":"2019-08-22T13:30:35","guid":{"rendered":"http:\/\/akademie.dw.de\/tunisiamedia\/?page_id=2504"},"modified":"2026-03-20T22:06:57","modified_gmt":"2026-03-20T22:06:57","slug":"presse","status":"publish","type":"page","link":"https:\/\/akademie.dw.de\/tunisiamedia\/presse\/","title":{"rendered":"PRESSE"},"content":{"rendered":"\n<h1 class=\"wp-block-heading\" id=\"presse\">ESPACE PRESSE<\/h1>\n\n\n\n<h2 class=\"wp-block-heading\">Contact<\/h2>\n\n\n\n<p>Pour toute demande de renseignement, \u00e9crivez-nous \u00e0 :<br><a href=\"mailto:Medialovestech@dw.com\" target=\"_blank\" rel=\"noreferrer noopener\">medialovestech@dw.com<\/a><br><a href=\"mailto:mediaparcours@dw.com\">mediaparcours@dw.com<\/a><\/p>\n\n\n\n<p><a href=\"https:\/\/www.facebook.com\/Medialovestech\" target=\"_blank\" rel=\"noreferrer noopener\">Facebook.com<\/a><a href=\"https:\/\/www.facebook.com\/SmartMediaAccelerator\/\">\/SmartMediaAccelerator<\/a><\/p>\n\n\n\n<h2 class=\"wp-block-heading\">Candidatures SMART MEDIA ACCELERATOR 2026<\/h2>\n\n\n\n<p>Les candidatures sont ouvertes du 24 mars au 15 avril 2026 sur <a href=\"https:\/\/akademie.dw.de\/tunisiamedia\/sma-call\/?lang=en\">smartmediaaccelerator.com<\/a>.<\/p>\n\n\n\n<p>Consultez les infos des deux programmes :<br><a href=\"https:\/\/akademie.dw.de\/tunisiamedia\/media-loves-tech\/\">MEDIA LOVES TECH<\/a><\/p>\n\n\n\n<p><a href=\"https:\/\/akademie.dw.de\/tunisiamedia\/media-parcours\/\">MEDIA PARCOURS<\/a><\/p>\n\n\n\n<p><br>Le formulaire de candidature se trouve sur cette page : <\/p>\n\n\n\n<p><a href=\"https:\/\/akademie.dw.de\/tunisiamedia\/sma-call-2025\/\">SMART MEDIA ACCELERATOR 2026 \u2013 Appel \u00e0 candidatures<\/a><\/p>\n\n\n\n<h2 class=\"wp-block-heading\">Communiqu\u00e9 de presse<\/h2>\n\n\n\n<p>Lancement du SMART MEDIA ACCELERATOR 2026 (\u00e0 venir)<\/p>\n\n\n\n<h2 class=\"wp-block-heading\">Key Visuals SMART MEDIA ACCELERATOR<br><br><\/h2>\n\n\n\n<figure class=\"wp-block-image size-full\"><img loading=\"lazy\" decoding=\"async\" width=\"768\" height=\"432\" src=\"https:\/\/akademie.dw.de\/tunisiamedia\/wp-content\/uploads\/2026\/03\/image-12.png\" alt=\"\" class=\"wp-image-8755\" srcset=\"https:\/\/akademie.dw.de\/tunisiamedia\/wp-content\/uploads\/2026\/03\/image-12.png 768w, https:\/\/akademie.dw.de\/tunisiamedia\/wp-content\/uploads\/2026\/03\/image-12-350x197.png 350w\" sizes=\"auto, (max-width: 767px) 89vw, (max-width: 1000px) 54vw, (max-width: 1071px) 543px, 580px\" \/><\/figure>\n\n\n\n<figure class=\"wp-block-image size-full\"><img loading=\"lazy\" decoding=\"async\" width=\"1024\" height=\"576\" src=\"https:\/\/akademie.dw.de\/tunisiamedia\/wp-content\/uploads\/2026\/03\/image-9.png\" alt=\"\" class=\"wp-image-8647\" srcset=\"https:\/\/akademie.dw.de\/tunisiamedia\/wp-content\/uploads\/2026\/03\/image-9.png 1024w, https:\/\/akademie.dw.de\/tunisiamedia\/wp-content\/uploads\/2026\/03\/image-9-350x197.png 350w, https:\/\/akademie.dw.de\/tunisiamedia\/wp-content\/uploads\/2026\/03\/image-9-768x432.png 768w\" sizes=\"auto, (max-width: 767px) 89vw, (max-width: 1000px) 54vw, (max-width: 1071px) 543px, 580px\" \/><\/figure>\n\n\n\n<figure class=\"wp-block-image size-full\"><img loading=\"lazy\" decoding=\"async\" width=\"1024\" height=\"576\" src=\"https:\/\/akademie.dw.de\/tunisiamedia\/wp-content\/uploads\/2026\/03\/image-10.png\" alt=\"\" class=\"wp-image-8656\" srcset=\"https:\/\/akademie.dw.de\/tunisiamedia\/wp-content\/uploads\/2026\/03\/image-10.png 1024w, https:\/\/akademie.dw.de\/tunisiamedia\/wp-content\/uploads\/2026\/03\/image-10-350x197.png 350w, https:\/\/akademie.dw.de\/tunisiamedia\/wp-content\/uploads\/2026\/03\/image-10-768x432.png 768w\" sizes=\"auto, (max-width: 767px) 89vw, (max-width: 1000px) 54vw, (max-width: 1071px) 543px, 580px\" \/><\/figure>\n\n\n\n<h2 class=\"wp-block-heading\">Timeline MEDIA LOVES TECH 2026<\/h2>\n\n\n\n<figure class=\"wp-block-image size-large\"><img loading=\"lazy\" decoding=\"async\" width=\"1024\" height=\"598\" src=\"https:\/\/akademie.dw.de\/tunisiamedia\/wp-content\/uploads\/2026\/03\/MLT-Timeline-2026-1024x598.jpg\" alt=\"\" class=\"wp-image-8676\" srcset=\"https:\/\/akademie.dw.de\/tunisiamedia\/wp-content\/uploads\/2026\/03\/MLT-Timeline-2026-1024x598.jpg 1024w, https:\/\/akademie.dw.de\/tunisiamedia\/wp-content\/uploads\/2026\/03\/MLT-Timeline-2026-350x204.jpg 350w, https:\/\/akademie.dw.de\/tunisiamedia\/wp-content\/uploads\/2026\/03\/MLT-Timeline-2026-768x449.jpg 768w, https:\/\/akademie.dw.de\/tunisiamedia\/wp-content\/uploads\/2026\/03\/MLT-Timeline-2026.jpg 1426w\" sizes=\"auto, (max-width: 767px) 89vw, (max-width: 1000px) 54vw, (max-width: 1071px) 543px, 580px\" \/><\/figure>\n\n\n\n<h2 class=\"wp-block-heading\" id=\"actus\">Timeline MEDIA PARCOURS 2026<\/h2>\n\n\n\n<figure class=\"wp-block-image size-large\"><img loading=\"lazy\" decoding=\"async\" width=\"1024\" height=\"429\" src=\"https:\/\/akademie.dw.de\/tunisiamedia\/wp-content\/uploads\/2026\/03\/MP-timeline-2026-1024x429.jpg\" alt=\"\" class=\"wp-image-8679\" srcset=\"https:\/\/akademie.dw.de\/tunisiamedia\/wp-content\/uploads\/2026\/03\/MP-timeline-2026-1024x429.jpg 1024w, https:\/\/akademie.dw.de\/tunisiamedia\/wp-content\/uploads\/2026\/03\/MP-timeline-2026-350x146.jpg 350w, https:\/\/akademie.dw.de\/tunisiamedia\/wp-content\/uploads\/2026\/03\/MP-timeline-2026-768x321.jpg 768w, https:\/\/akademie.dw.de\/tunisiamedia\/wp-content\/uploads\/2026\/03\/MP-timeline-2026.jpg 1424w\" sizes=\"auto, (max-width: 767px) 89vw, (max-width: 1000px) 54vw, (max-width: 1071px) 543px, 580px\" \/><\/figure>\n\n\n\n<h1 class=\"wp-block-heading\" id=\"archives\">ARCHIVES<\/h1>\n\n\n\n<p><\/p>\n\n\n\n<p>Retrouvez les infos officielles des \u00e9ditions pr\u00e9c\u00e9dentes sur cette <a href=\"https:\/\/akademie.dw.de\/tunisiamedia\/archives\/\" target=\"_blank\" rel=\"noreferrer noopener\">page d&rsquo;archives<\/a>.<\/p>\n\n\n\n<p><br><\/p>\n","protected":false},"excerpt":{"rendered":"<p>ESPACE PRESSE Contact Pour toute demande de renseignement, \u00e9crivez-nous \u00e0 :medialovestech@dw.commediaparcours@dw.com Facebook.com\/SmartMediaAccelerator Candidatures SMART MEDIA ACCELERATOR 2026 Les candidatures sont ouvertes du 24 mars au 15 avril 2026 sur smartmediaaccelerator.com. Consultez les infos des deux programmes :MEDIA LOVES TECH MEDIA PARCOURS Le formulaire de candidature se trouve sur cette page : SMART MEDIA ACCELERATOR 2026 &hellip; <\/p>\n<p class=\"link-more\"><a href=\"https:\/\/akademie.dw.de\/tunisiamedia\/presse\/\" class=\"more-link\">Continuer la lecture<span class=\"screen-reader-text\"> de &laquo;&nbsp;PRESSE&nbsp;&raquo;<\/span><\/a><\/p>\n","protected":false},"author":5,"featured_media":0,"parent":0,"menu_order":0,"comment_status":"closed","ping_status":"closed","template":"","meta":{"_monsterinsights_skip_tracking":false,"_monsterinsights_sitenote_active":false,"_monsterinsights_sitenote_note":"","_monsterinsights_sitenote_category":0,"footnotes":""},"class_list":["post-2504","page","type-page","status-publish","hentry"],"_links":{"self":[{"href":"https:\/\/akademie.dw.de\/tunisiamedia\/wp-json\/wp\/v2\/pages\/2504","targetHints":{"allow":["GET"]}}],"collection":[{"href":"https:\/\/akademie.dw.de\/tunisiamedia\/wp-json\/wp\/v2\/pages"}],"about":[{"href":"https:\/\/akademie.dw.de\/tunisiamedia\/wp-json\/wp\/v2\/types\/page"}],"author":[{"embeddable":true,"href":"https:\/\/akademie.dw.de\/tunisiamedia\/wp-json\/wp\/v2\/users\/5"}],"replies":[{"embeddable":true,"href":"https:\/\/akademie.dw.de\/tunisiamedia\/wp-json\/wp\/v2\/comments?post=2504"}],"version-history":[{"count":88,"href":"https:\/\/akademie.dw.de\/tunisiamedia\/wp-json\/wp\/v2\/pages\/2504\/revisions"}],"predecessor-version":[{"id":8865,"href":"https:\/\/akademie.dw.de\/tunisiamedia\/wp-json\/wp\/v2\/pages\/2504\/revisions\/8865"}],"wp:attachment":[{"href":"https:\/\/akademie.dw.de\/tunisiamedia\/wp-json\/wp\/v2\/media?parent=2504"}],"curies":[{"name":"wp","href":"https:\/\/api.w.org\/{rel}","templated":true}]}}