{"id":2395,"date":"2019-08-17T20:52:13","date_gmt":"2019-08-17T20:52:13","guid":{"rendered":"http:\/\/akademie.dw.de\/tunisiamedia\/?page_id=2395"},"modified":"2019-08-19T10:36:40","modified_gmt":"2019-08-19T10:36:40","slug":"lhistoire-de-bechir","status":"publish","type":"page","link":"https:\/\/akademie.dw.de\/tunisiamedia\/lhistoire-de-bechir\/","title":{"rendered":"L&rsquo;histoire de Bechir"},"content":{"rendered":"\n<h1>L&rsquo;histoire de Bechir<\/h1>\n\n\n\n<p><\/p>\n\n\n\n<figure class=\"wp-block-image\"><img loading=\"lazy\" decoding=\"async\" width=\"352\" height=\"640\" src=\"http:\/\/akademie.dw.de\/tunisiamedia\/wp-content\/uploads\/2019\/08\/bechir.gif\" alt=\"\" class=\"wp-image-2440\"\/><\/figure>\n\n\n\n<h2>Comment  une  pi\u00e8ce  de  100  millimes  a  fait  gagner 30.000 TND  \u00e0 l\u2019\u00e9quipe de Hexamaps&#8230;<\/h2>\n\n\n\n<p>Je suis Bechir Nemlaghi et je vais vous raconter l\u2019histoire d\u2019une pi\u00e8ce de 100 millimes qui m\u2019a fait gagner 30 000 dinars. Mais sachez que derri\u00e8re ce petit montant se cache un grand investissement, l\u2019investissement d\u2019une \u00e9quipe qui a cr\u00e9\u00e9, milit\u00e9 et r\u00e9ussi son projet. Je vous parle de MEDIA LOVES TECH. <\/p>\n\n\n\n<p>C\u2019\u00e9tait  l\u2019an  dernier  et  nous  plongions,  Mohamed  et  moi,  dans  une monotonie et un rythme de travail soutenu. Mohamed est mon associ\u00e9 \u00e0 Hexamaps : nous sommes sp\u00e9cialistes du d\u00e9veloppement web, entre autres technologies, un travail qui peut \u00eatre assez r\u00e9p\u00e9titif.<\/p>\n\n\n\n<p><strong>Naissance de l&rsquo;id\u00e9e pour participer<\/strong><\/p>\n\n\n\n<p>En pleine crise de routine, Mohamed me parle d\u2019une comp\u00e9tition entre projets novateurs liant les deux univers de la technologie et des m\u00e9dias, MEDIA LOVES TECH. L\u2019id\u00e9e nous a attir\u00e9 et nous avons pens\u00e9 \u00e0 ces pages d&rsquo;articles  web,  bourr\u00e9s  de  chiffres  bruts,  \u00e0  comment  am\u00e9liorer l&rsquo;exp\u00e9rience du lecteur en produisant des cartes interactives. Des cartes que les journalistes peuvent utiliser pour accompagner leurs articles et permettre de visualiser les donn\u00e9es.<\/p>\n\n\n\n<p><strong>La routine fait oublier le d\u00e9veloppement<\/strong><\/p>\n\n\n\n<p>Entre temps nous avions un nombre de projets \u00e0 livrer, le temps passait et nous avons failli oublier. C\u2019est lors du dernier jour de d\u00e9p\u00f4t de candidature que je me suis rendu compte qu\u2019il nous restait juste deux heures pour soumettre notre projet et je ne savais plus o\u00f9 donner de la t\u00eate. Un sentiment de confusion et d&rsquo;ind\u00e9cision m\u2019a submerg\u00e9.<\/p>\n\n\n\n<p>Me voyant tourner autour de moi, Mohamed m\u2019a alors tendu une pi\u00e8ce de cent millimes et m\u2019a dit : \u00ab\u00a0laissons le hasard d\u00e9cider pour nous, jouons \u00e0 pile ou face\u00a0\u00bb. Pile pour participer et face pour quitter. Et le verdict est tomb\u00e9 ! <\/p>\n\n\n\n<p><strong>Une pi\u00e8ce de cent millimes fait basculer le destin<\/strong><\/p>\n\n\n\n<p>Qui aurait cru \u00e0 ce moment-l\u00e0 que le c\u00f4t\u00e9 pile d\u2019une pi\u00e8ce de cent millimes nous ferait gagner un projet, 30 000 dinars , du coaching, des opportunit\u00e9s et des connaissances int\u00e9ressantes !<\/p>\n\n\n\n<p>La course contre la montre a commenc\u00e9. On s\u2019est partag\u00e9 les t\u00e2ches. Mohamed faisait le suivi avec les clients pour nos projets r\u00e9guliers et je pr\u00e9parais notre candidature \u00e0  MEDIA LOVES TECH. La soumission nous a \u00e9t\u00e9 confirm\u00e9e juste une minute avant la cl\u00f4ture du call up !<\/p>\n\n\n\n<p><strong>MEDIA LOVES TECH &#8211; plus qu&rsquo;un simple concours<\/strong><\/p>\n\n\n\n<p>Pour \u00eatre honn\u00eate, je n\u2019ai jamais cru que nous gagnerions. D\u2019autant plus que la concurrence \u00e9tait rude. Les \u00e9quipes et les projets \u00e9taient tr\u00e8s int\u00e9ressants. Moi-m\u00eame j\u2019\u00e9tais impressionn\u00e9 par trois candidats durant les diff\u00e9rentes phases du projet, et surtout lors du hackathon o\u00f9 nous avons tous travaill\u00e9 ensemble. Au point de me dire que, m\u00eame si je ne gagnais rien, je serais tr\u00e8s ravi de les voir remporter le prix. Figurez-vous que ces candidats ont gagn\u00e9, tout comme nous, et que notre \u00e9quipe s\u2019est enrichie depuis d\u2019un nouveau membre gr\u00e2ce \u00e0 la comp\u00e9tition. \u00c0 savoir notre amie Soraya.<\/p>\n\n\n\n<figure class=\"wp-block-image\"><img decoding=\"async\" src=\"http:\/\/akademie.dw.de\/tunisiamedia\/wp-content\/uploads\/2018\/12\/1\u00e8re-place-DotMap-1024x683.jpg\" alt=\"\" class=\"wp-image-1782\"\/><figcaption>Bechir et Mohamed remportent le 1er prix avec Hexamaps, solution de cr\u00e9ation cartographique interactive.<\/figcaption><\/figure>\n\n\n\n<p>Je souris en me rappelant nos anecdotes. Nous sommes devenus amis et nous nous rencontrons encore autour d\u2019un caf\u00e9 pour discuter de nos travaux et \u00e9changer des id\u00e9es. <\/p>\n\n\n\n<p><strong>Du\nsoutien, un r\u00e9seau de contacts \u2013 des nouveaux amis<\/strong><\/p>\n\n\n\n<p>En effet, MEDIA LOVES TECH n\u2019est pas une simple comp\u00e9tition. L&rsquo;exp\u00e9rience a \u00e9t\u00e9 grandiose et tr\u00e8s enrichissante sur tous les plans ! Les formations, les s\u00e9ances de coaching, le hackathon, les s\u00e9ances d\u2019\u00e9changes avec les mentors et les autres \u00e9quipes  \u00e9taient toujours dynamiques et productifs.  J\u2019en garde de tr\u00e8s bons souvenirs !<\/p>\n\n\n\n<p>Je suis Bechir, l\u2019un des gagnants de la premi\u00e8re \u00e9dition MEDIA LOVES TECH et je tiens \u00e0 vous dire \u00e0 la fin que, comme moi, vous pouvez remporter la comp\u00e9tition ! <\/p>\n\n\n\n<p>Bonne chance \u00e0 toutes et \u00e0 tous ! <\/p>\n","protected":false},"excerpt":{"rendered":"<p>L&rsquo;histoire de Bechir Comment une pi\u00e8ce de 100 millimes a fait gagner 30.000 TND \u00e0 l\u2019\u00e9quipe de Hexamaps&#8230; Je suis Bechir Nemlaghi et je vais vous raconter l\u2019histoire d\u2019une pi\u00e8ce de 100 millimes qui m\u2019a fait gagner 30 000 dinars. Mais sachez que derri\u00e8re ce petit montant se cache un grand investissement, l\u2019investissement d\u2019une \u00e9quipe &hellip; <\/p>\n<p class=\"link-more\"><a href=\"https:\/\/akademie.dw.de\/tunisiamedia\/lhistoire-de-bechir\/\" class=\"more-link\">Continuer la lecture<span class=\"screen-reader-text\"> de &laquo;&nbsp;L&rsquo;histoire de Bechir&nbsp;&raquo;<\/span><\/a><\/p>\n","protected":false},"author":5,"featured_media":0,"parent":0,"menu_order":0,"comment_status":"closed","ping_status":"closed","template":"","meta":{"_monsterinsights_skip_tracking":false,"_monsterinsights_sitenote_active":false,"_monsterinsights_sitenote_note":"","_monsterinsights_sitenote_category":0,"footnotes":""},"class_list":["post-2395","page","type-page","status-publish","hentry"],"_links":{"self":[{"href":"https:\/\/akademie.dw.de\/tunisiamedia\/wp-json\/wp\/v2\/pages\/2395","targetHints":{"allow":["GET"]}}],"collection":[{"href":"https:\/\/akademie.dw.de\/tunisiamedia\/wp-json\/wp\/v2\/pages"}],"about":[{"href":"https:\/\/akademie.dw.de\/tunisiamedia\/wp-json\/wp\/v2\/types\/page"}],"author":[{"embeddable":true,"href":"https:\/\/akademie.dw.de\/tunisiamedia\/wp-json\/wp\/v2\/users\/5"}],"replies":[{"embeddable":true,"href":"https:\/\/akademie.dw.de\/tunisiamedia\/wp-json\/wp\/v2\/comments?post=2395"}],"version-history":[{"count":14,"href":"https:\/\/akademie.dw.de\/tunisiamedia\/wp-json\/wp\/v2\/pages\/2395\/revisions"}],"predecessor-version":[{"id":2458,"href":"https:\/\/akademie.dw.de\/tunisiamedia\/wp-json\/wp\/v2\/pages\/2395\/revisions\/2458"}],"wp:attachment":[{"href":"https:\/\/akademie.dw.de\/tunisiamedia\/wp-json\/wp\/v2\/media?parent=2395"}],"curies":[{"name":"wp","href":"https:\/\/api.w.org\/{rel}","templated":true}]}}