{"id":969,"date":"2021-04-21T09:56:14","date_gmt":"2021-04-21T07:56:14","guid":{"rendered":"https:\/\/akademie.dw.de\/threatcheck\/?page_id=969"},"modified":"2021-04-21T10:25:25","modified_gmt":"2021-04-21T08:25:25","slug":"imprint","status":"publish","type":"page","link":"https:\/\/akademie.dw.de\/threatcheck\/imprint\/","title":{"rendered":"Imprint"},"content":{"rendered":"<section class=\"l-section wpb_row us_custom_38818b8f height_auto type_sticky with_img with_overlay\" id=\"head\"><div class=\"l-section-img\" style=\"background-image: url(https:\/\/akademie.dw.de\/threatcheck\/wp-content\/uploads\/2020\/09\/verlauf.svg);background-position: top center;\" data-img-width=\"\" data-img-height=\"\"><\/div><div class=\"l-section-overlay\" style=\"background: #00A5FF\"><\/div><div class=\"l-section-h i-cf\"><div class=\"g-cols vc_row type_default valign_middle\"><div class=\"vc_col-sm-12 wpb_column vc_column_container\"><div class=\"vc_column-inner\"><div class=\"wpb_wrapper\"><div class=\"w-image us_custom_c8d1f11c align_none\"><div class=\"w-image-h\"><img loading=\"lazy\" decoding=\"async\" width=\"101\" height=\"25\" src=\"https:\/\/akademie.dw.de\/threatcheck\/wp-content\/uploads\/2020\/12\/dw-akademie-threatcheck-logo-top.png\" class=\"attachment-full size-full\" alt=\"\" \/><\/div><\/div><div class=\"wpb_text_column us_custom_fef779c2\" ><div class=\"wpb_wrapper\"><p>Threat Check<\/p>\n<\/div><\/div><\/div><\/div><\/div><\/div><\/div><\/section><section class=\"l-section wpb_row height_auto\"><div class=\"l-section-h i-cf\"><div class=\"g-cols vc_row type_boxes valign_middle\"><div class=\"vc_col-sm-12 wpb_column vc_column_container\"><div class=\"vc_column-inner\"><div class=\"wpb_wrapper\"><div class=\"wpb_text_column\" ><div class=\"wpb_wrapper\"><h2>Imprint<\/h2>\n<\/div><\/div><div class=\"wpb_text_column\" ><div class=\"wpb_wrapper\"><p><strong>PUBLISHER<\/strong><br \/>\nDeutsche Welle<br \/>\n53110 Bonn<br \/>\nGermany<br \/>\n<a href=\"https:\/\/www.dw.com\/en\/legal-notice\/a-15718492\">Imprint &#8211; Deutsche Welle<\/a><\/p>\n<p><strong>RESPONSIBLE<\/strong><br \/>\nCarsten von Nahmen<\/p>\n<p><strong>AUTHOR<\/strong><br \/>\nDaniel Mo\u00dfbrucker<\/p>\n<p><strong>WEB DEVELOPER<\/strong><br \/>\nMaximlian Schmidt<\/p>\n<p><strong>CONCEPT<\/strong><br \/>\nDaniel Mo\u00dfbrucker<br \/>\nLina Hartwieg<br \/>\nJulius Endert<\/p>\n<p><strong>EDITORS<\/strong><br \/>\nHannah Correll<br \/>\nTobias H\u00fcbers<br \/>\nLouisa Wright<\/p>\n<p><strong>COORDINATION<\/strong><br \/>\nBahia Albrecht<br \/>\nEira Martens-Edwards<br \/>\nJan Osthoff<\/p>\n<p><strong>DESIGN<\/strong><br \/>\nNilab Amir<\/p>\n<p><strong>ILLUSTRATION<\/strong><br \/>\nMarc L\u00f6ricke<\/p>\n<p><strong>UI\/UX<\/strong><br \/>\nLea Ahlers<br \/>\nPhilipp Gellenthin<br \/>\nElena Rankova<\/p>\n<p>\u00a9 DW Akademie<\/p>\n<\/div><\/div><\/div><\/div><\/div><\/div><\/div><\/section>\n","protected":false},"excerpt":{"rendered":"Threat Check Imprint PUBLISHER Deutsche Welle 53110 Bonn Germany Imprint &#8211; Deutsche Welle RESPONSIBLE Carsten von Nahmen AUTHOR Daniel Mo\u00dfbrucker WEB DEVELOPER Maximlian Schmidt CONCEPT Daniel Mo\u00dfbrucker Lina Hartwieg Julius Endert EDITORS Hannah Correll Tobias H\u00fcbers Louisa Wright COORDINATION Bahia Albrecht Eira Martens-Edwards Jan Osthoff DESIGN Nilab Amir ILLUSTRATION Marc L\u00f6ricke UI\/UX Lea Ahlers Philipp...","protected":false},"author":1,"featured_media":0,"parent":0,"menu_order":0,"comment_status":"closed","ping_status":"open","template":"","meta":{"footnotes":""},"class_list":["post-969","page","type-page","status-publish","hentry"],"_links":{"self":[{"href":"https:\/\/akademie.dw.de\/threatcheck\/wp-json\/wp\/v2\/pages\/969","targetHints":{"allow":["GET"]}}],"collection":[{"href":"https:\/\/akademie.dw.de\/threatcheck\/wp-json\/wp\/v2\/pages"}],"about":[{"href":"https:\/\/akademie.dw.de\/threatcheck\/wp-json\/wp\/v2\/types\/page"}],"author":[{"embeddable":true,"href":"https:\/\/akademie.dw.de\/threatcheck\/wp-json\/wp\/v2\/users\/1"}],"replies":[{"embeddable":true,"href":"https:\/\/akademie.dw.de\/threatcheck\/wp-json\/wp\/v2\/comments?post=969"}],"version-history":[{"count":11,"href":"https:\/\/akademie.dw.de\/threatcheck\/wp-json\/wp\/v2\/pages\/969\/revisions"}],"predecessor-version":[{"id":987,"href":"https:\/\/akademie.dw.de\/threatcheck\/wp-json\/wp\/v2\/pages\/969\/revisions\/987"}],"wp:attachment":[{"href":"https:\/\/akademie.dw.de\/threatcheck\/wp-json\/wp\/v2\/media?parent=969"}],"curies":[{"name":"wp","href":"https:\/\/api.w.org\/{rel}","templated":true}]}}