{"id":360,"date":"2016-08-17T12:22:17","date_gmt":"2016-08-17T12:22:17","guid":{"rendered":"http:\/\/impreza8.us-themes.com\/?page_id=360"},"modified":"2020-12-16T10:14:08","modified_gmt":"2020-12-16T09:14:08","slug":"start","status":"publish","type":"page","link":"https:\/\/akademie.dw.de\/datamaroc\/","title":{"rendered":"BIENVENUE"},"content":{"rendered":"<section class=\"l-section wpb_row height_auto\" id=\"overview\"><div class=\"l-section-h i-cf\"><div class=\"g-cols vc_row type_default valign_top\"><div class=\"vc_col-sm-12 wpb_column vc_column_container\"><div class=\"vc_column-inner\"><div class=\"wpb_wrapper\"><div class=\"g-cols wpb_row  type_default valign_top vc_inner\"><div class=\"vc_col-sm-12 wpb_column vc_column_container\"><div class=\"vc_column-inner\"><div class=\"wpb_wrapper\"><div class=\"w-separator size_small\"><\/div><div class=\"w-separator size_custom with_line width_default thick_1 style_solid color_text align_center\" style=\"height:5px\"><div class=\"w-separator-h\"><\/div><\/div><div class=\"wpb_text_column us_custom_b5399a97\" ><div class=\"wpb_wrapper\"><p>Bienvenue<\/p>\n<\/div><\/div><div class=\"w-separator size_custom with_line width_default thick_1 style_solid color_text align_center\" style=\"height:5px\"><div class=\"w-separator-h\"><\/div><\/div><div class=\"w-separator size_small\"><\/div><\/div><\/div><\/div><\/div><div class=\"g-cols wpb_row  type_default valign_top vc_inner\"><div class=\"vc_col-sm-12 wpb_column vc_column_container\"><div class=\"vc_column-inner\"><div class=\"wpb_wrapper\"><div class=\"w-slider style_none fit_scaledown\"><div class=\"w-slider-h\"><div class=\"royalSlider\"><div class=\"rsContent\"><a class=\"rsImg\" data-rsw=\"1200\" data-rsh=\"630\" href=\"https:\/\/akademie.dw.de\/datamaroc\/wp-content\/uploads\/2020\/08\/DWA_Datenjournalismus-Key-Visual_Banner-3_Teilprojekt-1_2020_FB-Post-2.jpg\"><span data-alt=\"\"><\/span><\/a><\/div><div class=\"rsContent\"><a class=\"rsImg\" data-rsw=\"1200\" data-rsh=\"630\" href=\"https:\/\/akademie.dw.de\/datamaroc\/wp-content\/uploads\/2020\/12\/Wordpress_Datenjournalismus_Bildergalerie1200x630.jpg\"><span data-alt=\"\"><\/span><\/a><\/div><\/div><img loading=\"lazy\" decoding=\"async\" src=\"https:\/\/akademie.dw.de\/datamaroc\/wp-content\/uploads\/2020\/08\/DWA_Datenjournalismus-Key-Visual_Banner-3_Teilprojekt-1_2020_FB-Post-2.jpg\" width=\"1200\" height=\"630\" alt><\/div><div class=\"w-slider-json\" onclick='return {&quot;loop&quot;:true,&quot;fadeInLoadedSlide&quot;:false,&quot;slidesSpacing&quot;:0,&quot;imageScalePadding&quot;:0,&quot;numImagesToPreload&quot;:2,&quot;arrowsNav&quot;:false,&quot;arrowsNavAutoHide&quot;:false,&quot;transitionType&quot;:&quot;fade&quot;,&quot;transitionSpeed&quot;:1000,&quot;block&quot;:{&quot;moveEffect&quot;:&quot;none&quot;,&quot;speed&quot;:300},&quot;controlNavigation&quot;:&quot;none&quot;,&quot;autoplay&quot;:{&quot;enabled&quot;:true,&quot;pauseOnHover&quot;:true,&quot;delay&quot;:3000},&quot;imageScaleMode&quot;:&quot;fit-if-smaller&quot;,&quot;autoScaleSlider&quot;:true,&quot;autoScaleSliderWidth&quot;:1200,&quot;autoScaleSliderHeight&quot;:630,&quot;fitInViewport&quot;:false}'><\/div><\/div><\/div><\/div><\/div><\/div><div class=\"w-separator size_small\"><\/div><div class=\"w-separator size_custom with_line width_default thick_1 style_solid color_text align_center\" style=\"height:5px\"><div class=\"w-separator-h\"><\/div><\/div><div class=\"wpb_text_column us_custom_b5399a97\" ><div class=\"wpb_wrapper\"><p>\u00c0 propos<\/p>\n<\/div><\/div><div class=\"w-separator size_custom with_line width_default thick_1 style_solid color_text align_center\" style=\"height:5px\"><div class=\"w-separator-h\"><\/div><\/div><div class=\"w-separator size_small\"><\/div><div class=\"wpb_text_column us_custom_73526b0d\" ><div class=\"wpb_wrapper\"><p>Comme ailleurs dans le monde, la lutte contre le Covid-19 repr\u00e9sente une multitude de d\u00e9fis pour le journalisme au Maroc : la diffusion de fausses nouvelles, l&#8217;intox et la d\u00e9sinformation se r\u00e9pandent plus vite que jamais. De plus, face \u00e0 une situation in\u00e9dite, les pouvoirs publics naviguent eux aussi \u00e0 vue dans leur prises de d\u00e9cisions. Enfin, l\u2019ampleur mondiale de la crise contribue \u00e0 un flot d\u2019information d\u2019une quantit\u00e9 sans pr\u00e9c\u00e9dent.<\/p>\n<p>Le data journalisme ou journalisme de donn\u00e9es se pr\u00e9sente ainsi comme un r\u00e9ponse \u00e0 ce cette complexit\u00e9 : il permet de travailler sur de grandes quantit\u00e9s d\u2019informations, de les analyser et de les rendre accessible au public \u00e0 travers des moyens de visualisation efficaces.<\/p>\n<p>La Deutsche Welle Akademie a ainsi lanc\u00e9 une s\u00e9rie des formations sous le nom de &#8222;Fake News \u00e0 l\u2019\u00e9preuve des faits&#8220; \u00e0 destination de journalistes et programmateurs au Maroc.<\/p>\n<p>Ce site se veut comme un prolongement de ce projet et s\u2019adresse \u00e0 tout journaliste curieux d\u2019en savoir plus sur le data journalisme : nous vous proposons des tutoriels, des sessions de d\u00e9bat, des guides pratiques, ainsi que les reportages r\u00e9alis\u00e9s par nos participants.<\/p>\n<\/div><\/div><div class=\"w-separator size_medium\"><\/div><div class=\"g-cols wpb_row  type_default valign_top vc_inner\"><div class=\"vc_col-sm-12 wpb_column vc_column_container\"><div class=\"vc_column-inner\"><div class=\"wpb_wrapper\"><div class=\"w-separator size_custom with_line width_default thick_1 style_solid color_text align_center\" style=\"height:5px\"><div class=\"w-separator-h\"><\/div><\/div><div class=\"wpb_text_column us_custom_b5399a97\" ><div class=\"wpb_wrapper\"><p>Data Stories<\/p>\n<\/div><\/div><div class=\"w-separator size_custom with_line width_default thick_1 style_solid color_text align_center\" style=\"height:5px\"><div class=\"w-separator-h\"><\/div><\/div><div class=\"w-separator size_small\"><\/div><div class=\"wpb_text_column us_custom_6458c923\" ><div class=\"wpb_wrapper\"><p>Nos participant(e)s se sont pench\u00e9(e)s sur les effets de la pand\u00e9mie de coronavirus au Maroc, qu&#8217;il soient \u00e9conomiques, sociaux, environnementaux et sanitaires. Voici leurs reportages :<\/p>\n<\/div><\/div><div class=\"w-text us_custom_be87a6e3\"><a title=\"VOIR PLUS\" href=\"https:\/\/akademie.dw.de\/datamaroc\/data-stories\/\" class=\"w-text-h\"><i class=\"fas fa-angle-double-right\"><\/i><span class=\"w-text-value\">LIRE TOUTES LES DATA STORIES<\/span><\/a><\/div><div class=\"w-separator size_medium\"><\/div><div class=\"w-grid type_grid layout_blog_14 ratio_16x9\" id=\"us_grid_1\" data-grid-filter=\"true\"><style id=\"us_grid_1_css\">#us_grid_1 .w-grid-item:not(:last-child){margin-bottom:1.5rem}#us_grid_1 .g-loadmore{margin-top:1.5rem}#us_grid_1 .w-grid-item-h:before{padding-bottom:56.2500%}<\/style><style>.layout_blog_14 .w-grid-item-h:before{padding-bottom:100.0000%}@media (min-width:600px){.layout_blog_14 .w-grid-item.size_1x2 .w-grid-item-h:before{padding-bottom:calc(200% + 1.5rem + 1.5rem)}.layout_blog_14 .w-grid-item.size_2x1 .w-grid-item-h:before{padding-bottom:calc(50% - 1.5rem * 1)}.layout_blog_14 .w-grid-item.size_2x2 .w-grid-item-h:before{padding-bottom:calc(100% - 1.5rem * 0)}}.layout_blog_14 .w-grid-item-h{}@media(max-width:479px){.layout_blog_14 .usg_post_image_1{display:none!important}}.layout_blog_14 .usg_hwrapper_1{color:#3e3e3e!important;margin-left:10%!important;padding-top:6%!important;padding-bottom:6%!important;background:#f6f6f6!important}.layout_blog_14 .usg_post_image_1{width:50%!important;margin-left:-11%!important;margin-right:0!important}.layout_blog_14 .usg_vwrapper_1{width:48%!important;margin-left:7%!important}.layout_blog_14 .usg_post_date_1{font-size:0.9rem!important}.layout_blog_14 .usg_post_title_1{font-weight:700!important;line-height:1.2!important}.layout_blog_14 .usg_post_content_1{font-size:0.9rem!important}@media (max-width:599px){.layout_blog_14 .usg_hwrapper_1{margin-left:0!important;margin-right:0!important;padding-top:0!important;padding-bottom:0!important}.layout_blog_14 .usg_post_image_1{width:100%!important;margin-left:0!important}.layout_blog_14 .usg_vwrapper_1{width:86%!important;margin:5% 7% 7% 7%!important}}<\/style><div class=\"w-grid-list\" ><article class=\"w-grid-item size_1x1 post-3570 post type-post status-publish format-standard has-post-thumbnail hentry category-allgemein\" data-id=\"3570\">\r\n\t<div class=\"w-grid-item-h\">\r\n\t\t\t\t<div class=\"w-hwrapper usg_hwrapper_1 align_left valign_center wrap\"><div class=\"w-post-elm post_image usg_post_image_1 has_width stretched\"><a href=\"https:\/\/akademie.dw.de\/datamaroc\/2020\/11\/17\/fake-news-plus-de-likes-plus-de-followers\/\" aria-label=\"Fake News : plus de likes, plus de followers\"><img loading=\"lazy\" decoding=\"async\" width=\"1024\" height=\"182\" src=\"https:\/\/akademie.dw.de\/datamaroc\/wp-content\/uploads\/2020\/11\/Capture-decran-2020-11-17-a-09.45.46-e1606843813778-1024x182.png\" class=\"attachment-large size-large wp-post-image\" alt=\"Created with Datawrapper\" srcset=\"https:\/\/akademie.dw.de\/datamaroc\/wp-content\/uploads\/2020\/11\/Capture-decran-2020-11-17-a-09.45.46-e1606843813778-1024x182.png 1024w, https:\/\/akademie.dw.de\/datamaroc\/wp-content\/uploads\/2020\/11\/Capture-decran-2020-11-17-a-09.45.46-e1606843813778-300x53.png 300w, https:\/\/akademie.dw.de\/datamaroc\/wp-content\/uploads\/2020\/11\/Capture-decran-2020-11-17-a-09.45.46-e1606843813778-940x167.png 940w, https:\/\/akademie.dw.de\/datamaroc\/wp-content\/uploads\/2020\/11\/Capture-decran-2020-11-17-a-09.45.46-e1606843813778.png 1859w\" sizes=\"auto, (max-width: 1024px) 100vw, 1024px\" \/><\/a><\/div><div class=\"w-vwrapper usg_vwrapper_1 align_left valign_top\"><time class=\"w-post-elm post_date usg_post_date_1 entry-date published\" datetime=\"2020-11-17T09:48:34+01:00\" title=\"17 November 2020 um 09:48:34 Europe\/Berlin\u00a0Uhr\">17 Nov. 2020<\/time><h2 class=\"w-post-elm post_title usg_post_title_1 entry-title color_link_inherit\"><a href=\"https:\/\/akademie.dw.de\/datamaroc\/2020\/11\/17\/fake-news-plus-de-likes-plus-de-followers\/\">Fake News : plus de likes, plus de followers<\/a><\/h2><div class=\"w-post-elm post_content usg_post_content_1\"><p>La pand\u00e9mie a permis une prise de conscience face aux fausses informations. Mais est-ce suffisant pour lutter contre leur diffusion ?<\/p>\n<p> Par Yousra Felahi et Ikrame Kohl<\/p>\n<\/div><\/div><\/div>\t<\/div>\r\n<\/article>\r\n<\/div><div class=\"w-grid-preloader\"><div class=\"g-preloader type_1\">\r\n\t<div><\/div>\r\n<\/div>\r\n<\/div>\t<div class=\"w-grid-json hidden\" onclick='return {&quot;action&quot;:&quot;us_ajax_grid&quot;,&quot;ajax_url&quot;:&quot;https:\\\/\\\/akademie.dw.de\\\/datamaroc\\\/wp-admin\\\/admin-ajax.php&quot;,&quot;infinite_scroll&quot;:0,&quot;max_num_pages&quot;:10,&quot;pagination&quot;:&quot;none&quot;,&quot;permalink_url&quot;:&quot;https:\\\/\\\/akademie.dw.de\\\/datamaroc\\\/wp-json\\\/wp\\\/v2\\\/pages\\\/360&quot;,&quot;template_vars&quot;:{&quot;columns&quot;:&quot;1&quot;,&quot;exclude_items&quot;:&quot;none&quot;,&quot;img_size&quot;:&quot;default&quot;,&quot;ignore_items_size&quot;:false,&quot;items_layout&quot;:&quot;blog_14&quot;,&quot;items_offset&quot;:&quot;1&quot;,&quot;load_animation&quot;:&quot;none&quot;,&quot;overriding_link&quot;:&quot;none&quot;,&quot;post_id&quot;:360,&quot;query_args&quot;:{&quot;post_type&quot;:[&quot;post&quot;],&quot;post_status&quot;:[&quot;publish&quot;],&quot;orderby&quot;:&quot;RAND(690730617)&quot;,&quot;posts_per_page&quot;:&quot;1&quot;},&quot;type&quot;:&quot;grid&quot;,&quot;us_grid_ajax_index&quot;:1,&quot;us_grid_filter_params&quot;:null,&quot;us_grid_index&quot;:1,&quot;_us_grid_post_type&quot;:&quot;post&quot;}}'><\/div>\r\n<\/div><\/div><\/div><\/div><\/div><div class=\"w-separator size_large\"><\/div><div class=\"g-cols wpb_row  type_default valign_top vc_inner\"><div class=\"vc_col-sm-12 wpb_column vc_column_container\"><div class=\"vc_column-inner\"><div class=\"wpb_wrapper\"><div class=\"w-separator size_custom with_line width_default thick_1 style_solid color_text align_center\" style=\"height:5px\"><div class=\"w-separator-h\"><\/div><\/div><div class=\"wpb_text_column us_custom_b5399a97\" ><div class=\"wpb_wrapper\"><p>Tutoriels<\/p>\n<\/div><\/div><div class=\"w-separator size_custom with_line width_default thick_1 style_solid color_text align_center\" style=\"height:5px\"><div class=\"w-separator-h\"><\/div><\/div><div class=\"wpb_text_column us_custom_be87a6e3\" ><div class=\"wpb_wrapper\"><p>Apprenez les premiers pas du data journalisme, laissez vous inspirer par des exemples de reportages, faites un tour d&#8217;horizon des applications pour visualiser vos donn\u00e9es et abordez la relation journaliste-programmateur.<\/p>\n<\/div><\/div><div class=\"w-text us_custom_be87a6e3\"><a title=\"VOIR PLUS\" href=\"https:\/\/akademie.dw.de\/datamaroc\/tutoriels\/\" class=\"w-text-h\"><i class=\"fas fa-angle-double-right\"><\/i><span class=\"w-text-value\">VOIR TOUS LES TUTORIELS<\/span><\/a><\/div><div class=\"w-separator size_small\"><\/div><div class=\"w-video align_left ratio_16x9\"><div class=\"w-video-h\"><iframe src=\"\/\/www.youtube.com\/embed\/JFuA8lT-MF8?autoplay=0&controls=1&origin=https%3A%2F%2Fakademie.dw.de%2Fdatamaroc\" allowfullscreen=\"1\"><\/iframe><\/div><div class=\"w-video-icon\" style=\"font-size:1.5rem;background:rgba(0,0,0,0.5);color:#fff;\"><\/div><\/div><\/div><\/div><\/div><\/div><div class=\"w-separator size_large\"><\/div><div class=\"g-cols wpb_row  type_default valign_top vc_inner\"><div class=\"vc_col-sm-12 wpb_column vc_column_container\"><div class=\"vc_column-inner\"><div class=\"wpb_wrapper\"><div class=\"w-separator size_custom with_line width_default thick_1 style_solid color_text align_center\" style=\"height:5px\"><div class=\"w-separator-h\"><\/div><\/div><div class=\"wpb_text_column us_custom_b5399a97\" ><div class=\"wpb_wrapper\"><p>Expert Sessions<\/p>\n<\/div><\/div><div class=\"w-separator size_custom with_line width_default thick_1 style_solid color_text align_center\" style=\"height:5px\"><div class=\"w-separator-h\"><\/div><\/div><div class=\"w-separator size_small\"><\/div><div class=\"wpb_text_column us_custom_73526b0d\" ><div class=\"wpb_wrapper\"><p>Des experts en droit \u00e0 l&#8217;information, des data-journalistes \u00a0renomm\u00e9s et des programmateurs vous livrent les secrets de leur savoir-faire.<\/p>\n<\/div><\/div><div class=\"w-text us_custom_be87a6e3\"><a title=\"VOIR PLUS\" href=\"https:\/\/akademie.dw.de\/datamaroc\/expert-sessions\/\" class=\"w-text-h\"><i class=\"fas fa-angle-double-right\"><\/i><span class=\"w-text-value\">VOIR TOUTES LES EXPERTS SESSIONS<\/span><\/a><\/div><div class=\"w-separator size_small\"><\/div><div class=\"w-video align_left ratio_16x9\"><div class=\"w-video-h\"><iframe src=\"\/\/www.youtube.com\/embed\/2hrAYADfSHk?autoplay=0&controls=1&origin=https%3A%2F%2Fakademie.dw.de%2Fdatamaroc\" allowfullscreen=\"1\"><\/iframe><\/div><div class=\"w-video-icon\" style=\"font-size:1.5rem;background:rgba(0,0,0,0.5);color:#fff;\"><\/div><\/div><\/div><\/div><\/div><\/div><div class=\"w-separator size_huge\"><\/div><div class=\"g-cols wpb_row  type_default valign_top vc_inner\"><div class=\"vc_col-sm-12 wpb_column vc_column_container\"><div class=\"vc_column-inner\"><div class=\"wpb_wrapper\"><div class=\"w-separator size_small\"><\/div><div class=\"w-separator size_custom with_line width_default thick_1 style_solid color_text align_center\" style=\"height:5px\"><div class=\"w-separator-h\"><\/div><\/div><div class=\"wpb_text_column us_custom_b5399a97\" ><div class=\"wpb_wrapper\"><p>Guides pratiques<\/p>\n<\/div><\/div><div class=\"w-separator size_custom with_line width_default thick_1 style_solid color_text align_center\" style=\"height:5px\"><div class=\"w-separator-h\"><\/div><\/div><div class=\"w-separator size_small\"><\/div><div class=\"wpb_text_column us_custom_73526b0d\" ><div class=\"wpb_wrapper\"><p>Retrouvez tout ce que vous devez savoir pour formuler une demande d&#8217;acc\u00e8s \u00e0 l&#8217;information au Maroc, mais aussi des fiches pratiques de la formation &#8222;Fake news \u00e0 l&#8217;\u00e9preuve des faits&#8220;<\/p>\n<\/div><\/div><div class=\"w-text us_custom_be87a6e3\"><a title=\"VOIR PLUS\" href=\"https:\/\/akademie.dw.de\/datamaroc\/guides-pratiques\/\" class=\"w-text-h\"><i class=\"fas fa-angle-double-right\"><\/i><span class=\"w-text-value\">VOIR TOUS LES GUIDES PRATIQUES<\/span><\/a><\/div><div class=\"w-separator size_small\"><\/div><div class=\"wpb_text_column\" ><div class=\"wpb_wrapper\"><p><a href=\"https:\/\/akademie.dw.de\/datamaroc\/wp-content\/uploads\/2020\/12\/201107_web01-en-1.pdf\" target=\"_blank\" rel=\"noopener noreferrer\"><img loading=\"lazy\" decoding=\"async\" class=\"alignnone wp-image-3746 size-full\" src=\"https:\/\/akademie.dw.de\/datamaroc\/wp-content\/uploads\/2020\/12\/1.png\" alt=\"\" width=\"1026\" height=\"412\" srcset=\"https:\/\/akademie.dw.de\/datamaroc\/wp-content\/uploads\/2020\/12\/1.png 1026w, https:\/\/akademie.dw.de\/datamaroc\/wp-content\/uploads\/2020\/12\/1-300x120.png 300w, https:\/\/akademie.dw.de\/datamaroc\/wp-content\/uploads\/2020\/12\/1-1024x411.png 1024w, https:\/\/akademie.dw.de\/datamaroc\/wp-content\/uploads\/2020\/12\/1-940x377.png 940w\" sizes=\"auto, (max-width: 1026px) 100vw, 1026px\" \/><\/a><\/p>\n<\/div><\/div><\/div><\/div><\/div><\/div><\/div><\/div><\/div><\/div><\/div><\/section>\n","protected":false},"excerpt":{"rendered":"How does Fake News affect the Moroccan audience\u2019s loyalty? Created with Datawrapper By Yousra Felahi and Ikrame Kohl What is the source of these news? From where did you get it? Awareness is rising during the pandemic of COVID-19 and people are realizing fake news do exist. But will this be enough to stop them...","protected":false},"author":1,"featured_media":0,"parent":0,"menu_order":0,"comment_status":"closed","ping_status":"closed","template":"","meta":{"_monsterinsights_skip_tracking":false,"_monsterinsights_sitenote_active":false,"_monsterinsights_sitenote_note":"","_monsterinsights_sitenote_category":0,"footnotes":""},"class_list":["post-360","page","type-page","status-publish","hentry"],"_links":{"self":[{"href":"https:\/\/akademie.dw.de\/datamaroc\/wp-json\/wp\/v2\/pages\/360","targetHints":{"allow":["GET"]}}],"collection":[{"href":"https:\/\/akademie.dw.de\/datamaroc\/wp-json\/wp\/v2\/pages"}],"about":[{"href":"https:\/\/akademie.dw.de\/datamaroc\/wp-json\/wp\/v2\/types\/page"}],"author":[{"embeddable":true,"href":"https:\/\/akademie.dw.de\/datamaroc\/wp-json\/wp\/v2\/users\/1"}],"replies":[{"embeddable":true,"href":"https:\/\/akademie.dw.de\/datamaroc\/wp-json\/wp\/v2\/comments?post=360"}],"version-history":[{"count":137,"href":"https:\/\/akademie.dw.de\/datamaroc\/wp-json\/wp\/v2\/pages\/360\/revisions"}],"predecessor-version":[{"id":3797,"href":"https:\/\/akademie.dw.de\/datamaroc\/wp-json\/wp\/v2\/pages\/360\/revisions\/3797"}],"wp:attachment":[{"href":"https:\/\/akademie.dw.de\/datamaroc\/wp-json\/wp\/v2\/media?parent=360"}],"curies":[{"name":"wp","href":"https:\/\/api.w.org\/{rel}","templated":true}]}}