{"id":3423,"date":"2020-10-19T18:18:47","date_gmt":"2020-10-19T16:18:47","guid":{"rendered":"https:\/\/akademie.dw.de\/datamaroc\/?page_id=3423"},"modified":"2021-02-16T21:34:23","modified_gmt":"2021-02-16T20:34:23","slug":"guides-pratiques","status":"publish","type":"page","link":"https:\/\/akademie.dw.de\/datamaroc\/guides-pratiques\/","title":{"rendered":"GUIDES PRATIQUES"},"content":{"rendered":"<section class=\"l-section wpb_row height_auto\" id=\"overview\"><div class=\"l-section-h i-cf\"><div class=\"g-cols vc_row type_default valign_top\"><div class=\"vc_col-sm-12 wpb_column vc_column_container\"><div class=\"vc_column-inner\"><div class=\"wpb_wrapper\"><div class=\"g-cols wpb_row  type_default valign_top vc_inner\"><div class=\"vc_col-sm-12 wpb_column vc_column_container\"><div class=\"vc_column-inner\"><div class=\"wpb_wrapper\"><div class=\"w-separator size_small\"><\/div><div class=\"w-image align_none animate_afc\"><div class=\"w-image-h\"><img loading=\"lazy\" decoding=\"async\" width=\"1200\" height=\"250\" src=\"https:\/\/akademie.dw.de\/datamaroc\/wp-content\/uploads\/2020\/12\/Wordpress_Datenjournalismus_GuidesPratiques_1200x250.jpg\" class=\"attachment-full size-full\" alt=\"\" srcset=\"https:\/\/akademie.dw.de\/datamaroc\/wp-content\/uploads\/2020\/12\/Wordpress_Datenjournalismus_GuidesPratiques_1200x250.jpg 1200w, https:\/\/akademie.dw.de\/datamaroc\/wp-content\/uploads\/2020\/12\/Wordpress_Datenjournalismus_GuidesPratiques_1200x250-300x63.jpg 300w, https:\/\/akademie.dw.de\/datamaroc\/wp-content\/uploads\/2020\/12\/Wordpress_Datenjournalismus_GuidesPratiques_1200x250-1024x213.jpg 1024w, https:\/\/akademie.dw.de\/datamaroc\/wp-content\/uploads\/2020\/12\/Wordpress_Datenjournalismus_GuidesPratiques_1200x250-940x196.jpg 940w\" sizes=\"auto, (max-width: 1200px) 100vw, 1200px\" \/><\/div><\/div><div class=\"w-separator size_small\"><\/div><div class=\"w-separator size_custom with_line width_default thick_1 style_solid color_text align_center\" style=\"height:5px\"><div class=\"w-separator-h\"><\/div><\/div><div class=\"wpb_text_column us_custom_b5399a97\" ><div class=\"wpb_wrapper\"><p>GUIDES PRATIQUES<\/p>\n<\/div><\/div><div class=\"w-separator size_custom with_line width_default thick_1 style_solid color_text align_center\" style=\"height:5px\"><div class=\"w-separator-h\"><\/div><\/div><div class=\"wpb_text_column us_custom_415a9f37\" ><div class=\"wpb_wrapper\"><p>Retrouvez tout ce que vous devez savoir pour formuler une demande d&#8217;acc\u00e8s \u00e0 l&#8217;information au Maroc, mais aussi des fiches pratiques de la formation &#8222;Fake news \u00e0 l&#8217;\u00e9preuve des faits&#8220;<\/p>\n<\/div><\/div><\/div><\/div><\/div><\/div><div class=\"w-separator size_small\"><\/div><div class=\"wpb_text_column us_custom_926e559e has_text_color\" ><div class=\"wpb_wrapper\"><p>Tout savoir sur le droit d&#8217;acc\u00e8s \u00e0 l&#8217;information au Maroc<\/p>\n<\/div><\/div><div class=\"w-separator size_small\"><\/div><div class=\"g-cols wpb_row  type_default valign_top vc_inner\"><div class=\"vc_col-sm-6 wpb_column vc_column_container\"><div class=\"vc_column-inner\"><div class=\"wpb_wrapper\"><div class=\"wpb_text_column\" ><div class=\"wpb_wrapper\"><p style=\"text-align: center;\"><a href=\"https:\/\/akademie.dw.de\/datamaroc\/wp-content\/uploads\/2020\/12\/Guide-pratique-DAI-au-Maroc.pdf\"><img loading=\"lazy\" decoding=\"async\" class=\"wp-image-3822 size-full alignleft\" src=\"https:\/\/akademie.dw.de\/datamaroc\/wp-content\/uploads\/2021\/01\/Capture-decran-2021-01-28-a-10.46.05-e1613507526647.png\" alt=\"\" width=\"1024\" height=\"540\" srcset=\"https:\/\/akademie.dw.de\/datamaroc\/wp-content\/uploads\/2021\/01\/Capture-decran-2021-01-28-a-10.46.05-e1613507526647.png 1024w, https:\/\/akademie.dw.de\/datamaroc\/wp-content\/uploads\/2021\/01\/Capture-decran-2021-01-28-a-10.46.05-e1613507526647-300x158.png 300w, https:\/\/akademie.dw.de\/datamaroc\/wp-content\/uploads\/2021\/01\/Capture-decran-2021-01-28-a-10.46.05-e1613507526647-787x415.png 787w\" sizes=\"auto, (max-width: 1024px) 100vw, 1024px\" \/><\/a><\/p>\n<\/div><\/div><\/div><\/div><\/div><div class=\"vc_col-sm-6 wpb_column vc_column_container\"><div class=\"vc_column-inner\"><div class=\"wpb_wrapper\"><div class=\"wpb_text_column\" ><div class=\"wpb_wrapper\"><p><a href=\"https:\/\/akademie.dw.de\/datamaroc\/wp-content\/uploads\/2021\/01\/Guide-pratique-DAI-au-Maroc-Arabe.pdf\"><img loading=\"lazy\" decoding=\"async\" class=\"alignnone wp-image-3821 size-full\" src=\"https:\/\/akademie.dw.de\/datamaroc\/wp-content\/uploads\/2021\/01\/Capture-decran-2021-01-28-a-10.46.27-e1613507627361.png\" alt=\"\" width=\"1026\" height=\"538\" srcset=\"https:\/\/akademie.dw.de\/datamaroc\/wp-content\/uploads\/2021\/01\/Capture-decran-2021-01-28-a-10.46.27-e1613507627361.png 1026w, https:\/\/akademie.dw.de\/datamaroc\/wp-content\/uploads\/2021\/01\/Capture-decran-2021-01-28-a-10.46.27-e1613507627361-300x157.png 300w, https:\/\/akademie.dw.de\/datamaroc\/wp-content\/uploads\/2021\/01\/Capture-decran-2021-01-28-a-10.46.27-e1613507627361-1024x537.png 1024w, https:\/\/akademie.dw.de\/datamaroc\/wp-content\/uploads\/2021\/01\/Capture-decran-2021-01-28-a-10.46.27-e1613507627361-791x415.png 791w\" sizes=\"auto, (max-width: 1026px) 100vw, 1026px\" \/><\/a><\/p>\n<\/div><\/div><\/div><\/div><\/div><\/div><div class=\"w-separator size_small\"><\/div><div class=\"w-separator size_custom with_line width_default thick_1 style_solid color_text align_center\" style=\"height:5px\"><div class=\"w-separator-h\"><\/div><\/div><div class=\"w-separator size_small\"><\/div><div class=\"wpb_text_column us_custom_926e559e has_text_color\" ><div class=\"wpb_wrapper\"><p>Les 5 \u00e9tapes du data journalisme<\/p>\n<\/div><\/div><div class=\"w-separator size_small\"><\/div><div class=\"g-cols wpb_row  type_default valign_top vc_inner\"><div class=\"vc_col-sm-12 wpb_column vc_column_container\"><div class=\"vc_column-inner\"><div class=\"wpb_wrapper\"><div class=\"wpb_text_column us_custom_c21b7b5d\" ><div class=\"wpb_wrapper\"><p><a href=\"https:\/\/akademie.dw.de\/datamaroc\/wp-content\/uploads\/2020\/12\/201107_web01-en-1.pdf\" target=\"_blank\" rel=\"noopener noreferrer\"><img loading=\"lazy\" decoding=\"async\" class=\"alignnone wp-image-3746 size-full\" src=\"https:\/\/akademie.dw.de\/datamaroc\/wp-content\/uploads\/2020\/12\/1.png\" alt=\"\" width=\"1026\" height=\"412\" srcset=\"https:\/\/akademie.dw.de\/datamaroc\/wp-content\/uploads\/2020\/12\/1.png 1026w, https:\/\/akademie.dw.de\/datamaroc\/wp-content\/uploads\/2020\/12\/1-300x120.png 300w, https:\/\/akademie.dw.de\/datamaroc\/wp-content\/uploads\/2020\/12\/1-1024x411.png 1024w, https:\/\/akademie.dw.de\/datamaroc\/wp-content\/uploads\/2020\/12\/1-940x377.png 940w\" sizes=\"auto, (max-width: 1026px) 100vw, 1026px\" \/><\/a><\/p>\n<\/div><\/div><div class=\"w-separator us_custom_73526b0d size_small\"><\/div><div class=\"wpb_text_column us_custom_73526b0d\" ><div class=\"wpb_wrapper\"><p><a href=\"https:\/\/akademie.dw.de\/datamaroc\/wp-content\/uploads\/2020\/12\/201107_web02-en.pdf\" target=\"_blank\" rel=\"noopener noreferrer\"><img loading=\"lazy\" decoding=\"async\" class=\"alignnone wp-image-3747 size-full\" src=\"https:\/\/akademie.dw.de\/datamaroc\/wp-content\/uploads\/2020\/12\/2.png\" alt=\"\" width=\"1026\" height=\"412\" srcset=\"https:\/\/akademie.dw.de\/datamaroc\/wp-content\/uploads\/2020\/12\/2.png 1026w, https:\/\/akademie.dw.de\/datamaroc\/wp-content\/uploads\/2020\/12\/2-300x120.png 300w, https:\/\/akademie.dw.de\/datamaroc\/wp-content\/uploads\/2020\/12\/2-1024x411.png 1024w, https:\/\/akademie.dw.de\/datamaroc\/wp-content\/uploads\/2020\/12\/2-940x377.png 940w\" sizes=\"auto, (max-width: 1026px) 100vw, 1026px\" \/><\/a><\/p>\n<\/div><\/div><div class=\"w-separator us_custom_73526b0d size_small\"><\/div><div class=\"wpb_text_column us_custom_73526b0d\" ><div class=\"wpb_wrapper\"><p><a href=\"https:\/\/akademie.dw.de\/datamaroc\/wp-content\/uploads\/2020\/12\/201107_web03-en.pdf\"><img loading=\"lazy\" decoding=\"async\" class=\"alignnone size-full wp-image-3748\" src=\"https:\/\/akademie.dw.de\/datamaroc\/wp-content\/uploads\/2020\/12\/3.png\" alt=\"\" width=\"1024\" height=\"412\" srcset=\"https:\/\/akademie.dw.de\/datamaroc\/wp-content\/uploads\/2020\/12\/3.png 1024w, https:\/\/akademie.dw.de\/datamaroc\/wp-content\/uploads\/2020\/12\/3-300x121.png 300w, https:\/\/akademie.dw.de\/datamaroc\/wp-content\/uploads\/2020\/12\/3-940x378.png 940w\" sizes=\"auto, (max-width: 1024px) 100vw, 1024px\" \/><\/a><\/p>\n<\/div><\/div><div class=\"w-separator us_custom_73526b0d size_small\"><\/div><div class=\"wpb_text_column\" ><div class=\"wpb_wrapper\"><p><a href=\"https:\/\/akademie.dw.de\/datamaroc\/wp-content\/uploads\/2020\/12\/201107_web04-en.pdf\"><img loading=\"lazy\" decoding=\"async\" class=\"alignnone wp-image-3749 size-full\" src=\"https:\/\/akademie.dw.de\/datamaroc\/wp-content\/uploads\/2020\/12\/4.png\" alt=\"\" width=\"1024\" height=\"414\" srcset=\"https:\/\/akademie.dw.de\/datamaroc\/wp-content\/uploads\/2020\/12\/4.png 1024w, https:\/\/akademie.dw.de\/datamaroc\/wp-content\/uploads\/2020\/12\/4-300x121.png 300w, https:\/\/akademie.dw.de\/datamaroc\/wp-content\/uploads\/2020\/12\/4-940x380.png 940w\" sizes=\"auto, (max-width: 1024px) 100vw, 1024px\" \/><\/a><\/p>\n<\/div><\/div><div class=\"w-separator us_custom_73526b0d size_small\"><\/div><div class=\"wpb_text_column\" ><div class=\"wpb_wrapper\"><p><a href=\"https:\/\/akademie.dw.de\/datamaroc\/wp-content\/uploads\/2020\/12\/201107_web05-en.pdf\"><img loading=\"lazy\" decoding=\"async\" class=\"size-full wp-image-3750\" src=\"https:\/\/akademie.dw.de\/datamaroc\/wp-content\/uploads\/2020\/12\/5.png\" alt=\"\" width=\"1024\" height=\"410\" srcset=\"https:\/\/akademie.dw.de\/datamaroc\/wp-content\/uploads\/2020\/12\/5.png 1024w, https:\/\/akademie.dw.de\/datamaroc\/wp-content\/uploads\/2020\/12\/5-300x120.png 300w, https:\/\/akademie.dw.de\/datamaroc\/wp-content\/uploads\/2020\/12\/5-940x376.png 940w\" sizes=\"auto, (max-width: 1024px) 100vw, 1024px\" \/><\/a><\/p>\n<\/div><\/div><\/div><\/div><\/div><\/div><div class=\"w-separator size_large\"><\/div><\/div><\/div><\/div><\/div><\/div><\/section>\n","protected":false},"excerpt":{"rendered":"GUIDES PRATIQUES Retrouvez tout ce que vous devez savoir pour formuler une demande d&#8217;acc\u00e8s \u00e0 l&#8217;information au Maroc, mais aussi des fiches pratiques de la formation &#8222;Fake news \u00e0 l&#8217;\u00e9preuve des faits&#8220; Tout savoir sur le droit d&#8217;acc\u00e8s \u00e0 l&#8217;information au Maroc Les 5 \u00e9tapes du data journalisme","protected":false},"author":2,"featured_media":0,"parent":0,"menu_order":0,"comment_status":"closed","ping_status":"closed","template":"","meta":{"_monsterinsights_skip_tracking":false,"_monsterinsights_sitenote_active":false,"_monsterinsights_sitenote_note":"","_monsterinsights_sitenote_category":0,"footnotes":""},"class_list":["post-3423","page","type-page","status-publish","hentry"],"_links":{"self":[{"href":"https:\/\/akademie.dw.de\/datamaroc\/wp-json\/wp\/v2\/pages\/3423","targetHints":{"allow":["GET"]}}],"collection":[{"href":"https:\/\/akademie.dw.de\/datamaroc\/wp-json\/wp\/v2\/pages"}],"about":[{"href":"https:\/\/akademie.dw.de\/datamaroc\/wp-json\/wp\/v2\/types\/page"}],"author":[{"embeddable":true,"href":"https:\/\/akademie.dw.de\/datamaroc\/wp-json\/wp\/v2\/users\/2"}],"replies":[{"embeddable":true,"href":"https:\/\/akademie.dw.de\/datamaroc\/wp-json\/wp\/v2\/comments?post=3423"}],"version-history":[{"count":28,"href":"https:\/\/akademie.dw.de\/datamaroc\/wp-json\/wp\/v2\/pages\/3423\/revisions"}],"predecessor-version":[{"id":3827,"href":"https:\/\/akademie.dw.de\/datamaroc\/wp-json\/wp\/v2\/pages\/3423\/revisions\/3827"}],"wp:attachment":[{"href":"https:\/\/akademie.dw.de\/datamaroc\/wp-json\/wp\/v2\/media?parent=3423"}],"curies":[{"name":"wp","href":"https:\/\/api.w.org\/{rel}","templated":true}]}}