{"id":3413,"date":"2020-10-19T18:04:04","date_gmt":"2020-10-19T16:04:04","guid":{"rendered":"https:\/\/akademie.dw.de\/datamaroc\/?page_id=3413"},"modified":"2020-12-16T10:08:13","modified_gmt":"2020-12-16T09:08:13","slug":"expert-sessions","status":"publish","type":"page","link":"https:\/\/akademie.dw.de\/datamaroc\/expert-sessions\/","title":{"rendered":"EXPERT SESSIONS"},"content":{"rendered":"<section class=\"l-section wpb_row height_auto\" id=\"overview\"><div class=\"l-section-h i-cf\"><div class=\"g-cols vc_row type_default valign_top\"><div class=\"vc_col-sm-12 wpb_column vc_column_container\"><div class=\"vc_column-inner\"><div class=\"wpb_wrapper\"><div class=\"g-cols wpb_row  type_default valign_top vc_inner\"><div class=\"vc_col-sm-12 wpb_column vc_column_container\"><div class=\"vc_column-inner\"><div class=\"wpb_wrapper\"><div class=\"w-separator size_small\"><\/div><div class=\"w-image align_none animate_afc\"><div class=\"w-image-h\"><img loading=\"lazy\" decoding=\"async\" width=\"1024\" height=\"213\" src=\"https:\/\/akademie.dw.de\/datamaroc\/wp-content\/uploads\/2020\/12\/Wordpress_Datenjournalismus_ExpertSessions_1200x250-1024x213.jpg\" class=\"attachment-large size-large\" alt=\"\" srcset=\"https:\/\/akademie.dw.de\/datamaroc\/wp-content\/uploads\/2020\/12\/Wordpress_Datenjournalismus_ExpertSessions_1200x250-1024x213.jpg 1024w, https:\/\/akademie.dw.de\/datamaroc\/wp-content\/uploads\/2020\/12\/Wordpress_Datenjournalismus_ExpertSessions_1200x250-300x63.jpg 300w, https:\/\/akademie.dw.de\/datamaroc\/wp-content\/uploads\/2020\/12\/Wordpress_Datenjournalismus_ExpertSessions_1200x250-940x196.jpg 940w, https:\/\/akademie.dw.de\/datamaroc\/wp-content\/uploads\/2020\/12\/Wordpress_Datenjournalismus_ExpertSessions_1200x250.jpg 1200w\" sizes=\"auto, (max-width: 1024px) 100vw, 1024px\" \/><\/div><\/div><div class=\"w-separator size_small\"><\/div><div class=\"w-separator size_custom with_line width_default thick_1 style_solid color_text align_center\" style=\"height:5px\"><div class=\"w-separator-h\"><\/div><\/div><div class=\"wpb_text_column us_custom_b5399a97\" ><div class=\"wpb_wrapper\"><p>EXPERT SESSIONS<\/p>\n<\/div><\/div><div class=\"w-separator size_custom with_line width_default thick_1 style_solid color_text align_center\" style=\"height:5px\"><div class=\"w-separator-h\"><\/div><\/div><div class=\"w-separator size_small\"><\/div><div class=\"wpb_text_column us_custom_f007461d\" ><div class=\"wpb_wrapper\"><p>Des experts en droit \u00e0 l&#8217;information, des data-journalistes renomm\u00e9s et des programmateurs vous livrent les secrets de leur savoir-faire.<\/p>\n<\/div><\/div><div class=\"w-separator size_medium\"><\/div><div class=\"wpb_text_column us_custom_f8e87445\" ><div class=\"wpb_wrapper\"><h5 class=\"title style-scope ytd-video-primary-info-renderer\">Professeur Ahmed Hidass, expert en droit \u00e0 l&#8217;information<\/h5>\n<\/div><\/div><div class=\"w-sharing type_simple align_left color_default\"><div class=\"w-sharing-list\" data-sharing-url=\"https:\/\/akademie.dw.de\/datamaroc\/wp-json\/wp\/v2\/pages\/3413\" data-sharing-image=\"\"><a class=\"w-sharing-item email\" href=\"javascript:void(0)\" title=\"E-Mail senden\" aria-label=\"E-Mail senden\"><span class=\"w-sharing-icon\"><\/span><\/a><a class=\"w-sharing-item facebook\" href=\"javascript:void(0)\" title=\"Teile dies\" aria-label=\"Teile dies\"><span class=\"w-sharing-icon\"><\/span><\/a><a class=\"w-sharing-item twitter\" href=\"javascript:void(0)\" title=\"Tweete das\" aria-label=\"Tweete das\"><span class=\"w-sharing-icon\"><\/span><\/a><a class=\"w-sharing-item linkedin\" href=\"javascript:void(0)\" title=\"Teile dies\" aria-label=\"Teile dies\"><span class=\"w-sharing-icon\"><\/span><\/a><\/div><\/div><\/div><\/div><\/div><\/div><div class=\"w-video align_left ratio_16x9\"><div class=\"w-video-h\"><iframe src=\"\/\/www.youtube.com\/embed\/TsESscpE3Mc?autoplay=0&controls=1&origin=https%3A%2F%2Fakademie.dw.de%2Fdatamaroc\" allowfullscreen=\"1\"><\/iframe><\/div><div class=\"w-video-icon\" style=\"font-size:1.5rem;background:rgba(0,0,0,0.5);color:#fff;\"><\/div><\/div><div class=\"w-separator size_small\"><\/div><div class=\"wpb_text_column us_custom_be87a6e3\" ><div class=\"wpb_wrapper\"><p>Longtemps actif \u00e0 l\u2019ISIC de Rabat, le professeur et consultant marocain Ahmed Hidass est l\u2019un des meilleurs experts en droit \u00e0 l\u2019information au Maroc.<\/p>\n<p>Il pr\u00e9sente dans cette session la nouvelle l\u00e9gislation en vigueur au Maroc, ainsi que les pas \u00e0 suivre pour formuler une demande d\u2019acc\u00e8s \u00e0 des donn\u00e9es publiques dont disposent les administrations marocaines.<\/p>\n<p>Pr\u00e9sentation : Charlotte Noblet<\/p>\n<\/div><\/div><div class=\"w-separator size_medium\"><\/div><div class=\"w-separator size_custom with_line width_default thick_1 style_solid color_text align_center\" style=\"height:5px\"><div class=\"w-separator-h\"><\/div><\/div><div class=\"w-separator size_small\"><\/div><div class=\"wpb_text_column us_custom_f8e87445\" ><div class=\"wpb_wrapper\"><h5 class=\"title style-scope ytd-video-primary-info-renderer\">Sascha Venohr, Head of Datajounalism @ Zeit Online<\/h5>\n<\/div><\/div><div class=\"w-sharing type_simple align_left color_default\"><div class=\"w-sharing-list\" data-sharing-url=\"https:\/\/akademie.dw.de\/datamaroc\/wp-json\/wp\/v2\/pages\/3413\" data-sharing-image=\"\"><a class=\"w-sharing-item email\" href=\"javascript:void(0)\" title=\"E-Mail senden\" aria-label=\"E-Mail senden\"><span class=\"w-sharing-icon\"><\/span><\/a><a class=\"w-sharing-item facebook\" href=\"javascript:void(0)\" title=\"Teile dies\" aria-label=\"Teile dies\"><span class=\"w-sharing-icon\"><\/span><\/a><a class=\"w-sharing-item twitter\" href=\"javascript:void(0)\" title=\"Tweete das\" aria-label=\"Tweete das\"><span class=\"w-sharing-icon\"><\/span><\/a><a class=\"w-sharing-item linkedin\" href=\"javascript:void(0)\" title=\"Teile dies\" aria-label=\"Teile dies\"><span class=\"w-sharing-icon\"><\/span><\/a><\/div><\/div><div class=\"w-video align_left ratio_16x9\"><div class=\"w-video-h\"><iframe src=\"\/\/www.youtube.com\/embed\/2hrAYADfSHk?autoplay=0&controls=1&origin=https%3A%2F%2Fakademie.dw.de%2Fdatamaroc\" allowfullscreen=\"1\"><\/iframe><\/div><div class=\"w-video-icon\" style=\"font-size:1.5rem;background:rgba(0,0,0,0.5);color:#fff;\"><\/div><\/div><div class=\"w-separator size_small\"><\/div><div class=\"wpb_text_column us_custom_be87a6e3\" ><div class=\"wpb_wrapper\"><p>La<strong> Zeit Online<\/strong> est l&#8217;un des avant-gardistes du journalisme de donn\u00e9es en Allemagne.<\/p>\n<p><strong>Sascha Venohr<\/strong> dirige la r\u00e9daction de data journalistes. Il a remport\u00e9 de nombreux prix pour les reportages de son \u00e9quipe, notamment pour des articles sur la crise des r\u00e9fugi\u00e9s de 2015 ou encore sur la confrontation entre le monde rural et urbain en Allemagne.<\/p>\n<p>Pr\u00e9sentation : Dina Gouda<\/p>\n<\/div><\/div><div class=\"w-separator size_medium\"><\/div><div class=\"w-separator size_custom with_line width_default thick_1 style_solid color_text align_center\" style=\"height:5px\"><div class=\"w-separator-h\"><\/div><\/div><div class=\"w-separator size_small\"><\/div><div class=\"wpb_text_column us_custom_f8e87445\" ><div class=\"wpb_wrapper\"><h5 class=\"title style-scope ytd-video-primary-info-renderer\">Mirko Lorenz, Datawrapper Founder<\/h5>\n<\/div><\/div><div class=\"w-sharing type_simple align_left color_default\"><div class=\"w-sharing-list\" data-sharing-url=\"https:\/\/akademie.dw.de\/datamaroc\/wp-json\/wp\/v2\/pages\/3413\" data-sharing-image=\"\"><a class=\"w-sharing-item email\" href=\"javascript:void(0)\" title=\"E-Mail senden\" aria-label=\"E-Mail senden\"><span class=\"w-sharing-icon\"><\/span><\/a><a class=\"w-sharing-item facebook\" href=\"javascript:void(0)\" title=\"Teile dies\" aria-label=\"Teile dies\"><span class=\"w-sharing-icon\"><\/span><\/a><a class=\"w-sharing-item twitter\" href=\"javascript:void(0)\" title=\"Tweete das\" aria-label=\"Tweete das\"><span class=\"w-sharing-icon\"><\/span><\/a><a class=\"w-sharing-item linkedin\" href=\"javascript:void(0)\" title=\"Teile dies\" aria-label=\"Teile dies\"><span class=\"w-sharing-icon\"><\/span><\/a><\/div><\/div><div class=\"w-video align_left ratio_16x9\"><div class=\"w-video-h\"><iframe src=\"\/\/www.youtube.com\/embed\/lX7wCBMgiz0?autoplay=0&controls=1&origin=https%3A%2F%2Fakademie.dw.de%2Fdatamaroc\" allowfullscreen=\"1\"><\/iframe><\/div><div class=\"w-video-icon\" style=\"font-size:1.5rem;background:rgba(0,0,0,0.5);color:#fff;\"><\/div><\/div><div class=\"w-separator size_small\"><\/div><div class=\"wpb_text_column us_custom_be87a6e3\" ><div class=\"wpb_wrapper\"><p>Pour la\u00a0visualisation de donn\u00e9es, l\u2019un des outils de r\u00e9f\u00e9rence s\u2019appelle\u00a0<b>Datawrapper<\/b>.<\/p>\n<p>Partagez une heure avec\u00a0<b>Mirko Lorenz<\/b>, qui n\u2019est autre que le\u00a0co-fondateur de Datawrapper<b> <\/b>et membre de l\u2019\u00e9quipe d\u2019innovation de la Deutsche Welle<span class=\"Apple-converted-space\">\u00a0<\/span><\/p>\n<p>Pr\u00e9sentation : Ali Srour<\/p>\n<\/div><\/div><\/div><\/div><\/div><\/div><\/div><\/section>\n","protected":false},"excerpt":{"rendered":"EXPERT SESSIONS Des experts en droit \u00e0 l&#8217;information, des data-journalistes renomm\u00e9s et des programmateurs vous livrent les secrets de leur savoir-faire. Professeur Ahmed Hidass, expert en droit \u00e0 l&#8217;information Longtemps actif \u00e0 l\u2019ISIC de Rabat, le professeur et consultant marocain Ahmed Hidass est l\u2019un des meilleurs experts en droit \u00e0 l\u2019information au Maroc. Il pr\u00e9sente...","protected":false},"author":2,"featured_media":0,"parent":0,"menu_order":0,"comment_status":"closed","ping_status":"closed","template":"","meta":{"_monsterinsights_skip_tracking":false,"_monsterinsights_sitenote_active":false,"_monsterinsights_sitenote_note":"","_monsterinsights_sitenote_category":0,"footnotes":""},"class_list":["post-3413","page","type-page","status-publish","hentry"],"_links":{"self":[{"href":"https:\/\/akademie.dw.de\/datamaroc\/wp-json\/wp\/v2\/pages\/3413","targetHints":{"allow":["GET"]}}],"collection":[{"href":"https:\/\/akademie.dw.de\/datamaroc\/wp-json\/wp\/v2\/pages"}],"about":[{"href":"https:\/\/akademie.dw.de\/datamaroc\/wp-json\/wp\/v2\/types\/page"}],"author":[{"embeddable":true,"href":"https:\/\/akademie.dw.de\/datamaroc\/wp-json\/wp\/v2\/users\/2"}],"replies":[{"embeddable":true,"href":"https:\/\/akademie.dw.de\/datamaroc\/wp-json\/wp\/v2\/comments?post=3413"}],"version-history":[{"count":29,"href":"https:\/\/akademie.dw.de\/datamaroc\/wp-json\/wp\/v2\/pages\/3413\/revisions"}],"predecessor-version":[{"id":3793,"href":"https:\/\/akademie.dw.de\/datamaroc\/wp-json\/wp\/v2\/pages\/3413\/revisions\/3793"}],"wp:attachment":[{"href":"https:\/\/akademie.dw.de\/datamaroc\/wp-json\/wp\/v2\/media?parent=3413"}],"curies":[{"name":"wp","href":"https:\/\/api.w.org\/{rel}","templated":true}]}}