{"id":3321,"date":"2020-08-27T15:59:53","date_gmt":"2020-08-27T13:59:53","guid":{"rendered":"https:\/\/akademie.dw.de\/datamaroc\/?page_id=3321"},"modified":"2021-01-28T10:13:46","modified_gmt":"2021-01-28T09:13:46","slug":"blog","status":"publish","type":"page","link":"https:\/\/akademie.dw.de\/datamaroc\/blog\/","title":{"rendered":"BLOG"},"content":{"rendered":"<section class=\"l-section wpb_row height_auto\" id=\"overview\"><div class=\"l-section-h i-cf\"><div class=\"g-cols vc_row type_default valign_top\"><div class=\"vc_col-sm-12 wpb_column vc_column_container\"><div class=\"vc_column-inner\"><div class=\"wpb_wrapper\"><div class=\"g-cols wpb_row  type_default valign_top vc_inner\"><div class=\"vc_col-sm-12 wpb_column vc_column_container\"><div class=\"vc_column-inner\"><div class=\"wpb_wrapper\"><div class=\"w-separator size_small\"><\/div><div class=\"w-image align_none\"><div class=\"w-image-h\"><img loading=\"lazy\" decoding=\"async\" width=\"1200\" height=\"250\" src=\"https:\/\/akademie.dw.de\/datamaroc\/wp-content\/uploads\/2020\/12\/Wordpress_Datenjournalismus_rBlog_1200x250.jpg\" class=\"attachment-full size-full\" alt=\"\" srcset=\"https:\/\/akademie.dw.de\/datamaroc\/wp-content\/uploads\/2020\/12\/Wordpress_Datenjournalismus_rBlog_1200x250.jpg 1200w, https:\/\/akademie.dw.de\/datamaroc\/wp-content\/uploads\/2020\/12\/Wordpress_Datenjournalismus_rBlog_1200x250-300x63.jpg 300w, https:\/\/akademie.dw.de\/datamaroc\/wp-content\/uploads\/2020\/12\/Wordpress_Datenjournalismus_rBlog_1200x250-1024x213.jpg 1024w, https:\/\/akademie.dw.de\/datamaroc\/wp-content\/uploads\/2020\/12\/Wordpress_Datenjournalismus_rBlog_1200x250-940x196.jpg 940w\" sizes=\"auto, (max-width: 1200px) 100vw, 1200px\" \/><\/div><\/div><div class=\"w-separator size_small\"><\/div><div class=\"w-separator size_custom with_line width_default thick_1 style_solid color_text align_center\" style=\"height:5px\"><div class=\"w-separator-h\"><\/div><\/div><div class=\"wpb_text_column us_custom_b5399a97\" ><div class=\"wpb_wrapper\"><p>LE MOT DES PARTICIPANTS<\/p>\n<\/div><\/div><div class=\"w-separator size_custom with_line width_default thick_1 style_solid color_text align_center\" style=\"height:5px\"><div class=\"w-separator-h\"><\/div><\/div><div class=\"w-separator size_small\"><\/div><\/div><\/div><\/div><\/div><\/div><\/div><\/div><\/div><\/div><\/section><section class=\"l-section wpb_row height_medium with_overlay\"><div class=\"l-section-overlay\" style=\"background: #f6f6f6\"><\/div><div class=\"l-section-h i-cf\"><div class=\"g-cols vc_row type_default valign_top\"><div class=\"vc_col-sm-12 wpb_column vc_column_container\"><div class=\"vc_column-inner\"><div class=\"wpb_wrapper\"><div class=\"wpb_text_column\" ><div class=\"wpb_wrapper\"><blockquote>\n<p>Le data journalisme peut \u00eatre int\u00e9ressant pour le traitement de l&#8217;actualit\u00e9 marocaine. Il permet de lutter contre les fausses informations gr\u00e2ce \u00e0 ses sources fiables. Il permet aussi de participer au d\u00e9veloppement de l&#8217;acc\u00e8s \u00e0 l&#8217;information dans le pays.<\/p>\n<\/blockquote>\n<p>_Nyabang Otto<\/p>\n<\/div><\/div><\/div><\/div><\/div><\/div><\/div><\/section><section class=\"l-section wpb_row height_medium\"><div class=\"l-section-h i-cf\"><div class=\"g-cols vc_row type_default valign_top\"><div class=\"vc_col-sm-8 wpb_column vc_column_container\"><div class=\"vc_column-inner\"><div class=\"wpb_wrapper\"><div class=\"wpb_text_column us_custom_89da4ad7 has_text_color\" ><div class=\"wpb_wrapper\"><blockquote>\n<p>Le journalisme doit s\u2019adapter \u00e0 l&#8217;\u00e8re du digital tout en int\u00e9grant des donn\u00e9es dans les articles, ce qui les rend plus fiables et plus concrets.<\/p>\n<p>Le data journalisme est int\u00e9ressant pour le traitement de l&#8217;actualit\u00e9 marocaine gr\u00e2ce \u00e0 des articles qui attirent l\u2019attention du lecteur.<\/p>\n<\/blockquote>\n<p>_Yousra Felahi<\/p>\n<\/div><\/div><\/div><\/div><\/div><div class=\"vc_col-sm-4 wpb_column vc_column_container\"><div class=\"vc_column-inner\"><div class=\"wpb_wrapper\"><div class=\"w-image us_custom_5c579657 align_none animate_afl\"><div class=\"w-image-h\"><img loading=\"lazy\" decoding=\"async\" width=\"1024\" height=\"504\" src=\"https:\/\/akademie.dw.de\/datamaroc\/wp-content\/uploads\/2021\/01\/Screenshots-Marokko-1-e1611824698868-1024x504.png\" class=\"attachment-large size-large\" alt=\"\" srcset=\"https:\/\/akademie.dw.de\/datamaroc\/wp-content\/uploads\/2021\/01\/Screenshots-Marokko-1-e1611824698868-1024x504.png 1024w, https:\/\/akademie.dw.de\/datamaroc\/wp-content\/uploads\/2021\/01\/Screenshots-Marokko-1-e1611824698868-300x148.png 300w, https:\/\/akademie.dw.de\/datamaroc\/wp-content\/uploads\/2021\/01\/Screenshots-Marokko-1-e1611824698868-844x415.png 844w, https:\/\/akademie.dw.de\/datamaroc\/wp-content\/uploads\/2021\/01\/Screenshots-Marokko-1-e1611824698868.png 1409w\" sizes=\"auto, (max-width: 1024px) 100vw, 1024px\" \/><\/div><\/div><div class=\"w-image align_none animate_afr\"><div class=\"w-image-h\"><img loading=\"lazy\" decoding=\"async\" width=\"1024\" height=\"470\" src=\"https:\/\/akademie.dw.de\/datamaroc\/wp-content\/uploads\/2021\/01\/Screenshots-Marokko-4-1024x470.png\" class=\"attachment-large size-large\" alt=\"\" srcset=\"https:\/\/akademie.dw.de\/datamaroc\/wp-content\/uploads\/2021\/01\/Screenshots-Marokko-4-1024x470.png 1024w, https:\/\/akademie.dw.de\/datamaroc\/wp-content\/uploads\/2021\/01\/Screenshots-Marokko-4-300x138.png 300w, https:\/\/akademie.dw.de\/datamaroc\/wp-content\/uploads\/2021\/01\/Screenshots-Marokko-4-904x415.png 904w, https:\/\/akademie.dw.de\/datamaroc\/wp-content\/uploads\/2021\/01\/Screenshots-Marokko-4.png 1869w\" sizes=\"auto, (max-width: 1024px) 100vw, 1024px\" \/><\/div><\/div><\/div><\/div><\/div><\/div><\/div><\/section><section class=\"l-section wpb_row height_medium\"><div class=\"l-section-h i-cf\"><div class=\"g-cols vc_row type_default valign_top\"><div class=\"vc_col-sm-12 wpb_column vc_column_container\"><div class=\"vc_column-inner\"><div class=\"wpb_wrapper\"><div class=\"w-image us_custom_5c579657 align_none animate_afr\"><div class=\"w-image-h\"><img loading=\"lazy\" decoding=\"async\" width=\"1024\" height=\"576\" src=\"https:\/\/akademie.dw.de\/datamaroc\/wp-content\/uploads\/2020\/11\/Screenshots-Marokko-12-1024x576.png\" class=\"attachment-large size-large\" alt=\"\" srcset=\"https:\/\/akademie.dw.de\/datamaroc\/wp-content\/uploads\/2020\/11\/Screenshots-Marokko-12-1024x576.png 1024w, https:\/\/akademie.dw.de\/datamaroc\/wp-content\/uploads\/2020\/11\/Screenshots-Marokko-12-300x169.png 300w, https:\/\/akademie.dw.de\/datamaroc\/wp-content\/uploads\/2020\/11\/Screenshots-Marokko-12-738x415.png 738w, https:\/\/akademie.dw.de\/datamaroc\/wp-content\/uploads\/2020\/11\/Screenshots-Marokko-12.png 1366w\" sizes=\"auto, (max-width: 1024px) 100vw, 1024px\" \/><\/div><\/div><\/div><\/div><\/div><\/div><\/div><\/section><section class=\"l-section wpb_row height_medium\"><div class=\"l-section-h i-cf\"><div class=\"g-cols vc_row type_default valign_top\"><div class=\"vc_col-sm-3 wpb_column vc_column_container\"><div class=\"vc_column-inner\"><div class=\"wpb_wrapper\"><div class=\"w-image align_none animate_afl\"><div class=\"w-image-h\"><img loading=\"lazy\" decoding=\"async\" width=\"977\" height=\"759\" src=\"https:\/\/akademie.dw.de\/datamaroc\/wp-content\/uploads\/2021\/01\/Screenshots-Marokko-8bis.png\" class=\"attachment-large size-large\" alt=\"\" srcset=\"https:\/\/akademie.dw.de\/datamaroc\/wp-content\/uploads\/2021\/01\/Screenshots-Marokko-8bis.png 977w, https:\/\/akademie.dw.de\/datamaroc\/wp-content\/uploads\/2021\/01\/Screenshots-Marokko-8bis-300x233.png 300w, https:\/\/akademie.dw.de\/datamaroc\/wp-content\/uploads\/2021\/01\/Screenshots-Marokko-8bis-534x415.png 534w\" sizes=\"auto, (max-width: 977px) 100vw, 977px\" \/><\/div><\/div><\/div><\/div><\/div><div class=\"vc_col-sm-9 wpb_column vc_column_container\"><div class=\"vc_column-inner\"><div class=\"wpb_wrapper\"><div class=\"wpb_text_column us_custom_d6a87fb5\" ><div class=\"wpb_wrapper\"><blockquote>\n<p>Pour moi, le data-journalisme a pour mission de simplifier l&#8217;information afin de faciliter sa compr\u00e9hension et d&#8217;\u00e9viter les mauvaises interpr\u00e9tations. Il permet de favoriser le sens critique et corrige la d\u00e9sinformation.<\/p>\n<\/blockquote>\n<p>_Khadija Boufous<\/p>\n<\/div><\/div><\/div><\/div><\/div><\/div><\/div><\/section><section class=\"l-section wpb_row height_medium\"><div class=\"l-section-h i-cf\"><div class=\"g-cols vc_row type_default valign_top\"><div class=\"vc_col-sm-12 wpb_column vc_column_container\"><div class=\"vc_column-inner\"><div class=\"wpb_wrapper\"><div class=\"w-image align_none animate_fade\"><div class=\"w-image-h\"><img loading=\"lazy\" decoding=\"async\" width=\"1024\" height=\"600\" src=\"https:\/\/akademie.dw.de\/datamaroc\/wp-content\/uploads\/2020\/11\/Screenshots-Marokko-1-e1605535002861-1024x600.png\" class=\"attachment-large size-large\" alt=\"\" srcset=\"https:\/\/akademie.dw.de\/datamaroc\/wp-content\/uploads\/2020\/11\/Screenshots-Marokko-1-e1605535002861-1024x600.png 1024w, https:\/\/akademie.dw.de\/datamaroc\/wp-content\/uploads\/2020\/11\/Screenshots-Marokko-1-e1605535002861-300x176.png 300w, https:\/\/akademie.dw.de\/datamaroc\/wp-content\/uploads\/2020\/11\/Screenshots-Marokko-1-e1605535002861-708x415.png 708w, https:\/\/akademie.dw.de\/datamaroc\/wp-content\/uploads\/2020\/11\/Screenshots-Marokko-1-e1605535002861.png 1176w\" sizes=\"auto, (max-width: 1024px) 100vw, 1024px\" \/><\/div><\/div><\/div><\/div><\/div><\/div><\/div><\/section><section class=\"l-section wpb_row height_medium with_overlay\"><div class=\"l-section-overlay\" style=\"background: #99d7ff\"><\/div><div class=\"l-section-h i-cf\"><div class=\"g-cols vc_row type_default valign_top\"><div class=\"vc_col-sm-12 wpb_column vc_column_container\"><div class=\"vc_column-inner\"><div class=\"wpb_wrapper\"><div class=\"wpb_text_column\" ><div class=\"wpb_wrapper\"><blockquote>\n<p>La crise sanitaire a confirm\u00e9 une chose certaine : le Maroc est encore loin d\u2019avoir instaur\u00e9 de vrais m\u00e9canismes afin d\u2019assurer un r\u00e9el acc\u00e8s aux donn\u00e9es \u00e0 utilit\u00e9 publique.<\/p>\n<p>A mon avis, le Data journalisme permet justement de comprendre l\u2019utilit\u00e9 des donn\u00e9es en temps de crise et comment elles permettent de faciliter le traitement par des journalistes.<\/p>\n<p>Il leur permet \u00e9galement de trouver d\u2019autres angles originaux, ce qui offre \u00e0 l\u2019opinion publique de nouvelles lectures relatives \u00e0 un sujet d\u2019actualit\u00e9 qui l\u2019int\u00e9resse beaucoup.<\/p>\n<\/blockquote>\n<p>_Yassine Benargane<\/p>\n<\/div><\/div><\/div><\/div><\/div><\/div><\/div><\/section>\n","protected":false},"excerpt":{"rendered":"LE MOT DES PARTICIPANTS Le data journalisme peut \u00eatre int\u00e9ressant pour le traitement de l&#8217;actualit\u00e9 marocaine. Il permet de lutter contre les fausses informations gr\u00e2ce \u00e0 ses sources fiables. Il permet aussi de participer au d\u00e9veloppement de l&#8217;acc\u00e8s \u00e0 l&#8217;information dans le pays. _Nyabang Otto Le journalisme doit s\u2019adapter \u00e0 l&#8217;\u00e8re du digital tout en...","protected":false},"author":1,"featured_media":0,"parent":0,"menu_order":0,"comment_status":"closed","ping_status":"closed","template":"","meta":{"_monsterinsights_skip_tracking":false,"_monsterinsights_sitenote_active":false,"_monsterinsights_sitenote_note":"","_monsterinsights_sitenote_category":0,"footnotes":""},"class_list":["post-3321","page","type-page","status-publish","hentry"],"_links":{"self":[{"href":"https:\/\/akademie.dw.de\/datamaroc\/wp-json\/wp\/v2\/pages\/3321","targetHints":{"allow":["GET"]}}],"collection":[{"href":"https:\/\/akademie.dw.de\/datamaroc\/wp-json\/wp\/v2\/pages"}],"about":[{"href":"https:\/\/akademie.dw.de\/datamaroc\/wp-json\/wp\/v2\/types\/page"}],"author":[{"embeddable":true,"href":"https:\/\/akademie.dw.de\/datamaroc\/wp-json\/wp\/v2\/users\/1"}],"replies":[{"embeddable":true,"href":"https:\/\/akademie.dw.de\/datamaroc\/wp-json\/wp\/v2\/comments?post=3321"}],"version-history":[{"count":28,"href":"https:\/\/akademie.dw.de\/datamaroc\/wp-json\/wp\/v2\/pages\/3321\/revisions"}],"predecessor-version":[{"id":3817,"href":"https:\/\/akademie.dw.de\/datamaroc\/wp-json\/wp\/v2\/pages\/3321\/revisions\/3817"}],"wp:attachment":[{"href":"https:\/\/akademie.dw.de\/datamaroc\/wp-json\/wp\/v2\/media?parent=3321"}],"curies":[{"name":"wp","href":"https:\/\/api.w.org\/{rel}","templated":true}]}}