{"id":1982,"date":"2021-03-19T07:32:15","date_gmt":"2021-03-19T13:32:15","guid":{"rendered":"https:\/\/akademie.dw.de\/campusami\/?page_id=1982"},"modified":"2021-10-18T05:04:05","modified_gmt":"2021-10-18T11:04:05","slug":"ami-experta","status":"publish","type":"page","link":"https:\/\/akademie.dw.de\/campusami\/ami-experta\/","title":{"rendered":"AMI Experta"},"content":{"rendered":"\t\t<div data-elementor-type=\"wp-page\" data-elementor-id=\"1982\" class=\"elementor elementor-1982\" data-elementor-post-type=\"page\">\n\t\t\t\t\t\t<section class=\"elementor-section elementor-top-section elementor-element elementor-element-84d856b elementor-section-boxed elementor-section-height-default elementor-section-height-default\" data-id=\"84d856b\" data-element_type=\"section\" data-e-type=\"section\">\n\t\t\t\t\t\t<div class=\"elementor-container elementor-column-gap-default\">\n\t\t\t\t\t<div class=\"elementor-column elementor-col-100 elementor-top-column elementor-element elementor-element-ad9bb34\" data-id=\"ad9bb34\" data-element_type=\"column\" data-e-type=\"column\">\n\t\t\t<div class=\"elementor-widget-wrap elementor-element-populated\">\n\t\t\t\t\t\t<div class=\"elementor-element elementor-element-d7af19f elementor-widget elementor-widget-heading\" data-id=\"d7af19f\" data-element_type=\"widget\" data-e-type=\"widget\" data-widget_type=\"heading.default\">\n\t\t\t\t<div class=\"elementor-widget-container\">\n\t\t\t\t\t<h2 class=\"elementor-heading-title elementor-size-default\">\u00a1Conoce AMI Experta!<\/h2>\t\t\t\t<\/div>\n\t\t\t\t<\/div>\n\t\t\t\t\t<\/div>\n\t\t<\/div>\n\t\t\t\t\t<\/div>\n\t\t<\/section>\n\t\t\t\t<section class=\"elementor-section elementor-top-section elementor-element elementor-element-83b8e80 elementor-section-boxed elementor-section-height-default elementor-section-height-default\" data-id=\"83b8e80\" data-element_type=\"section\" data-e-type=\"section\">\n\t\t\t\t\t\t<div class=\"elementor-container elementor-column-gap-default\">\n\t\t\t\t\t<div class=\"elementor-column elementor-col-100 elementor-top-column elementor-element elementor-element-42d8238\" data-id=\"42d8238\" data-element_type=\"column\" data-e-type=\"column\">\n\t\t\t<div class=\"elementor-widget-wrap elementor-element-populated\">\n\t\t\t\t\t\t<div class=\"elementor-element elementor-element-53357a7 elementor-widget elementor-widget-video\" data-id=\"53357a7\" data-element_type=\"widget\" data-e-type=\"widget\" data-settings=\"{&quot;video_type&quot;:&quot;hosted&quot;,&quot;controls&quot;:&quot;yes&quot;}\" data-widget_type=\"video.default\">\n\t\t\t\t<div class=\"elementor-widget-container\">\n\t\t\t\t\t\t\t<div class=\"e-hosted-video elementor-wrapper elementor-open-inline\">\n\t\t\t\t\t<video class=\"elementor-video\" src=\"https:\/\/akademie.dw.de\/campusami\/wp-content\/uploads\/2021\/10\/AMI-Experta-Final-DWA-con-banner-.mp4\" controls=\"\" preload=\"metadata\" controlsList=\"nodownload\"><\/video>\n\t\t\t\t<\/div>\n\t\t\t\t\t\t<\/div>\n\t\t\t\t<\/div>\n\t\t\t\t<div class=\"elementor-element elementor-element-7840211 elementor-widget-divider--view-line elementor-widget elementor-widget-global elementor-global-699 elementor-widget-divider\" data-id=\"7840211\" data-element_type=\"widget\" data-e-type=\"widget\" data-widget_type=\"divider.default\">\n\t\t\t\t<div class=\"elementor-widget-container\">\n\t\t\t\t\t\t\t<div class=\"elementor-divider\">\n\t\t\t<span class=\"elementor-divider-separator\">\n\t\t\t\t\t\t<\/span>\n\t\t<\/div>\n\t\t\t\t\t\t<\/div>\n\t\t\t\t<\/div>\n\t\t\t\t<div class=\"elementor-element elementor-element-c08411c elementor-cta--layout-image-right elementor-cta--valign-bottom elementor-cta--skin-classic elementor-animated-content elementor-bg-transform elementor-bg-transform-zoom-in elementor-widget elementor-widget-call-to-action\" data-id=\"c08411c\" data-element_type=\"widget\" data-e-type=\"widget\" data-widget_type=\"call-to-action.default\">\n\t\t\t\t<div class=\"elementor-widget-container\">\n\t\t\t\t\t\t\t<div class=\"elementor-cta\">\n\t\t\t\t\t<div class=\"elementor-cta__bg-wrapper\">\n\t\t\t\t<div class=\"elementor-cta__bg elementor-bg\" style=\"background-image: url(https:\/\/akademie.dw.de\/campusami\/wp-content\/uploads\/2021\/04\/Participantes_neu-1024x768.jpg);\" role=\"img\" aria-label=\"Participantes_neu\"><\/div>\n\t\t\t\t<div class=\"elementor-cta__bg-overlay\"><\/div>\n\t\t\t<\/div>\n\t\t\t\t\t\t\t<div class=\"elementor-cta__content\">\n\t\t\t\t\n\t\t\t\t\t\t\t\t\t<h2 class=\"elementor-cta__title elementor-cta__content-item elementor-content-item\">\n\t\t\t\t\t\tAMI Expertas\t\t\t\t\t<\/h2>\n\t\t\t\t\n\t\t\t\t\t\t\t\t\t<div class=\"elementor-cta__description elementor-cta__content-item elementor-content-item\">\n\t\t\t\t\t\tAqu\u00ed encuentras al grupo de AMI Expertas elegidos por su experticia y por su renombre en su entorno local.\n\u00a1Conoce al equipo de expertas y expertos en AMI de DW Akademie en Am\u00e9rica Latina!\n\t\t\t\t\t<\/div>\n\t\t\t\t\n\t\t\t\t\t\t\t\t\t<div class=\"elementor-cta__button-wrapper elementor-cta__content-item elementor-content-item \">\n\t\t\t\t\t<a class=\"elementor-cta__button elementor-button elementor-size-\" href=\"https:\/\/akademie.dw.de\/campusami\/ami-experta-participantes\/\">\n\t\t\t\t\t\tHaz click aqu\u00ed\t\t\t\t\t<\/a>\n\t\t\t\t\t<\/div>\n\t\t\t\t\t\t\t<\/div>\n\t\t\t\t\t\t<\/div>\n\t\t\t\t\t\t<\/div>\n\t\t\t\t<\/div>\n\t\t\t\t<div class=\"elementor-element elementor-element-8ea6f64 elementor-widget-divider--view-line elementor-widget elementor-widget-global elementor-global-699 elementor-widget-divider\" data-id=\"8ea6f64\" data-element_type=\"widget\" data-e-type=\"widget\" data-widget_type=\"divider.default\">\n\t\t\t\t<div class=\"elementor-widget-container\">\n\t\t\t\t\t\t\t<div class=\"elementor-divider\">\n\t\t\t<span class=\"elementor-divider-separator\">\n\t\t\t\t\t\t<\/span>\n\t\t<\/div>\n\t\t\t\t\t\t<\/div>\n\t\t\t\t<\/div>\n\t\t\t\t<div class=\"elementor-element elementor-element-410c817 elementor-cta--layout-image-right elementor-cta--valign-bottom elementor-cta--skin-classic elementor-animated-content elementor-bg-transform elementor-bg-transform-zoom-in elementor-widget elementor-widget-call-to-action\" data-id=\"410c817\" data-element_type=\"widget\" data-e-type=\"widget\" data-widget_type=\"call-to-action.default\">\n\t\t\t\t<div class=\"elementor-widget-container\">\n\t\t\t\t\t\t\t<div class=\"elementor-cta\">\n\t\t\t\t\t<div class=\"elementor-cta__bg-wrapper\">\n\t\t\t\t<div class=\"elementor-cta__bg elementor-bg\" style=\"background-image: url(https:\/\/akademie.dw.de\/campusami\/wp-content\/uploads\/2021\/05\/Website-Titel-Programa.jpg);\" role=\"img\" aria-label=\"Website-Titel-Programa\"><\/div>\n\t\t\t\t<div class=\"elementor-cta__bg-overlay\"><\/div>\n\t\t\t<\/div>\n\t\t\t\t\t\t\t<div class=\"elementor-cta__content\">\n\t\t\t\t\n\t\t\t\t\t\t\t\t\t<h2 class=\"elementor-cta__title elementor-cta__content-item elementor-content-item\">\n\t\t\t\t\t\tPrograma\t\t\t\t\t<\/h2>\n\t\t\t\t\n\t\t\t\t\t\t\t\t\t<div class=\"elementor-cta__description elementor-cta__content-item elementor-content-item\">\n\t\t\t\t\t\tAMI Experta es una formaci\u00f3n te\u00f3rico y pr\u00e1ctica en modalidad de trabajo aut\u00f3nomo y encuentros grupales en vivo. El programa de AMI Experta est\u00e1 compuesto por cinco m\u00f3dulos, con una estructura denominada \"Rompecabezas\".\n\n\u00a1Descubre el programa de AMI Experta!\t\t\t\t\t<\/div>\n\t\t\t\t\n\t\t\t\t\t\t\t\t\t<div class=\"elementor-cta__button-wrapper elementor-cta__content-item elementor-content-item \">\n\t\t\t\t\t<a class=\"elementor-cta__button elementor-button elementor-size-\" href=\"https:\/\/akademie.dw.de\/campusami\/ami-experta-programa\/\">\n\t\t\t\t\t\tHaz click aqu\u00ed\t\t\t\t\t<\/a>\n\t\t\t\t\t<\/div>\n\t\t\t\t\t\t\t<\/div>\n\t\t\t\t\t\t<\/div>\n\t\t\t\t\t\t<\/div>\n\t\t\t\t<\/div>\n\t\t\t\t<div class=\"elementor-element elementor-element-ada1c6f elementor-widget-divider--view-line elementor-widget elementor-widget-global elementor-global-699 elementor-widget-divider\" data-id=\"ada1c6f\" data-element_type=\"widget\" data-e-type=\"widget\" data-widget_type=\"divider.default\">\n\t\t\t\t<div class=\"elementor-widget-container\">\n\t\t\t\t\t\t\t<div class=\"elementor-divider\">\n\t\t\t<span class=\"elementor-divider-separator\">\n\t\t\t\t\t\t<\/span>\n\t\t<\/div>\n\t\t\t\t\t\t<\/div>\n\t\t\t\t<\/div>\n\t\t\t\t<div class=\"elementor-element elementor-element-946a03e elementor-cta--layout-image-right elementor-cta--valign-bottom elementor-cta--skin-classic elementor-animated-content elementor-bg-transform elementor-bg-transform-zoom-in elementor-widget elementor-widget-call-to-action\" data-id=\"946a03e\" data-element_type=\"widget\" data-e-type=\"widget\" data-widget_type=\"call-to-action.default\">\n\t\t\t\t<div class=\"elementor-widget-container\">\n\t\t\t\t\t\t\t<div class=\"elementor-cta\">\n\t\t\t\t\t<div class=\"elementor-cta__bg-wrapper\">\n\t\t\t\t<div class=\"elementor-cta__bg elementor-bg\" style=\"background-image: url(https:\/\/akademie.dw.de\/campusami\/wp-content\/uploads\/2021\/07\/AMI-Experta_Equipo-1.png);\" role=\"img\" aria-label=\"AMI-Experta_Equipo (1)\"><\/div>\n\t\t\t\t<div class=\"elementor-cta__bg-overlay\"><\/div>\n\t\t\t<\/div>\n\t\t\t\t\t\t\t<div class=\"elementor-cta__content\">\n\t\t\t\t\n\t\t\t\t\t\t\t\t\t<h2 class=\"elementor-cta__title elementor-cta__content-item elementor-content-item\">\n\t\t\t\t\t\tEquipo\t\t\t\t\t<\/h2>\n\t\t\t\t\n\t\t\t\t\t\t\t\t\t<div class=\"elementor-cta__description elementor-cta__content-item elementor-content-item\">\n\t\t\t\t\t\tLa internacionalidad del programa tambi\u00e9n se refleja en el equipo capacitador de AMI Experta: las ideas cruzan oc\u00e9anos y fronteras; mientras una parte del equipo se encuentra en Guatemala otra est\u00e1 en Alemania. Ellas y ellos moldean la metodolog\u00eda del programa, los contenidos y los encuentros en vivo, sin temor a las diferencias horarias ni a los obst\u00e1culos de conectividad - \u00a1con\u00f3celos!\t\t\t\t\t<\/div>\n\t\t\t\t\n\t\t\t\t\t\t\t\t\t<div class=\"elementor-cta__button-wrapper elementor-cta__content-item elementor-content-item \">\n\t\t\t\t\t<a class=\"elementor-cta__button elementor-button elementor-size-\" href=\"https:\/\/akademie.dw.de\/campusami\/ami-experta-equipo\/\">\n\t\t\t\t\t\tHaz click aqu\u00ed\t\t\t\t\t<\/a>\n\t\t\t\t\t<\/div>\n\t\t\t\t\t\t\t<\/div>\n\t\t\t\t\t\t<\/div>\n\t\t\t\t\t\t<\/div>\n\t\t\t\t<\/div>\n\t\t\t\t<div class=\"elementor-element elementor-element-35b421e elementor-widget elementor-widget-image\" data-id=\"35b421e\" data-element_type=\"widget\" data-e-type=\"widget\" data-widget_type=\"image.default\">\n\t\t\t\t<div class=\"elementor-widget-container\">\n\t\t\t\t\t\t\t\t\t\t\t\t\t\t\t<img decoding=\"async\" src=\"https:\/\/akademie.dw.de\/campusami\/wp-content\/uploads\/2021\/04\/MicrosoftTeams-image-6.png\" title=\"\" alt=\"\" loading=\"lazy\" \/>\t\t\t\t\t\t\t\t\t\t\t\t\t\t\t<\/div>\n\t\t\t\t<\/div>\n\t\t\t\t\t<\/div>\n\t\t<\/div>\n\t\t\t\t\t<\/div>\n\t\t<\/section>\n\t\t\t\t<section class=\"elementor-section elementor-top-section elementor-element elementor-element-784aead elementor-section-boxed elementor-section-height-default elementor-section-height-default\" data-id=\"784aead\" data-element_type=\"section\" data-e-type=\"section\">\n\t\t\t\t\t\t<div class=\"elementor-container elementor-column-gap-default\">\n\t\t\t\t\t<div class=\"elementor-column elementor-col-100 elementor-top-column elementor-element elementor-element-fdefc68\" data-id=\"fdefc68\" data-element_type=\"column\" data-e-type=\"column\">\n\t\t\t<div class=\"elementor-widget-wrap elementor-element-populated\">\n\t\t\t\t\t\t<div class=\"elementor-element elementor-element-0f770f1 elementor-widget-divider--view-line elementor-widget elementor-widget-divider\" data-id=\"0f770f1\" data-element_type=\"widget\" data-e-type=\"widget\" data-widget_type=\"divider.default\">\n\t\t\t\t<div class=\"elementor-widget-container\">\n\t\t\t\t\t\t\t<div class=\"elementor-divider\">\n\t\t\t<span class=\"elementor-divider-separator\">\n\t\t\t\t\t\t<\/span>\n\t\t<\/div>\n\t\t\t\t\t\t<\/div>\n\t\t\t\t<\/div>\n\t\t\t\t<div class=\"elementor-element elementor-element-3638418 elementor-widget elementor-widget-image\" data-id=\"3638418\" data-element_type=\"widget\" data-e-type=\"widget\" data-widget_type=\"image.default\">\n\t\t\t\t<div class=\"elementor-widget-container\">\n\t\t\t\t\t\t\t\t\t\t\t\t\t\t\t<img fetchpriority=\"high\" decoding=\"async\" width=\"768\" height=\"200\" src=\"https:\/\/akademie.dw.de\/campusami\/wp-content\/uploads\/2021\/05\/MicrosoftTeams-image-1-768x200.png\" class=\"attachment-medium_large size-medium_large wp-image-2231\" alt=\"\" srcset=\"https:\/\/akademie.dw.de\/campusami\/wp-content\/uploads\/2021\/05\/MicrosoftTeams-image-1-768x200.png 768w, https:\/\/akademie.dw.de\/campusami\/wp-content\/uploads\/2021\/05\/MicrosoftTeams-image-1-300x78.png 300w, https:\/\/akademie.dw.de\/campusami\/wp-content\/uploads\/2021\/05\/MicrosoftTeams-image-1-1024x267.png 1024w, https:\/\/akademie.dw.de\/campusami\/wp-content\/uploads\/2021\/05\/MicrosoftTeams-image-1-1536x401.png 1536w, https:\/\/akademie.dw.de\/campusami\/wp-content\/uploads\/2021\/05\/MicrosoftTeams-image-1-2048x534.png 2048w\" sizes=\"(max-width: 768px) 100vw, 768px\" \/>\t\t\t\t\t\t\t\t\t\t\t\t\t\t\t<\/div>\n\t\t\t\t<\/div>\n\t\t\t\t<div class=\"elementor-element elementor-element-6d53bcd elementor-widget-divider--view-line elementor-widget elementor-widget-divider\" data-id=\"6d53bcd\" data-element_type=\"widget\" data-e-type=\"widget\" data-widget_type=\"divider.default\">\n\t\t\t\t<div class=\"elementor-widget-container\">\n\t\t\t\t\t\t\t<div class=\"elementor-divider\">\n\t\t\t<span class=\"elementor-divider-separator\">\n\t\t\t\t\t\t<\/span>\n\t\t<\/div>\n\t\t\t\t\t\t<\/div>\n\t\t\t\t<\/div>\n\t\t\t\t\t<\/div>\n\t\t<\/div>\n\t\t\t\t\t<\/div>\n\t\t<\/section>\n\t\t\t\t<\/div>\n\t\t","protected":false},"excerpt":{"rendered":"<p>\u00a1Conoce AMI Experta! https:\/\/akademie.dw.de\/campusami\/wp-content\/uploads\/2021\/10\/AMI-Experta-Final-DWA-con-banner-.mp4 AMI Expertas Aqu\u00ed encuentras al grupo de AMI Expertas elegidos por su experticia y por su renombre en su entorno local. \u00a1Conoce al equipo de expertas y expertos en AMI de DW Akademie en Am\u00e9rica Latina! Haz click aqu\u00ed Programa AMI Experta es una formaci\u00f3n te\u00f3rico y pr\u00e1ctica en modalidad de <a class=\"read-more\" href=\"https:\/\/akademie.dw.de\/campusami\/ami-experta\/\">READ MORE<\/a><\/p>\n","protected":false},"author":3,"featured_media":319,"parent":0,"menu_order":0,"comment_status":"closed","ping_status":"closed","template":"elementor_header_footer","meta":{"footnotes":""},"class_list":["post-1982","page","type-page","status-publish","has-post-thumbnail","hentry"],"_links":{"self":[{"href":"https:\/\/akademie.dw.de\/campusami\/wp-json\/wp\/v2\/pages\/1982","targetHints":{"allow":["GET"]}}],"collection":[{"href":"https:\/\/akademie.dw.de\/campusami\/wp-json\/wp\/v2\/pages"}],"about":[{"href":"https:\/\/akademie.dw.de\/campusami\/wp-json\/wp\/v2\/types\/page"}],"author":[{"embeddable":true,"href":"https:\/\/akademie.dw.de\/campusami\/wp-json\/wp\/v2\/users\/3"}],"replies":[{"embeddable":true,"href":"https:\/\/akademie.dw.de\/campusami\/wp-json\/wp\/v2\/comments?post=1982"}],"version-history":[{"count":127,"href":"https:\/\/akademie.dw.de\/campusami\/wp-json\/wp\/v2\/pages\/1982\/revisions"}],"predecessor-version":[{"id":2761,"href":"https:\/\/akademie.dw.de\/campusami\/wp-json\/wp\/v2\/pages\/1982\/revisions\/2761"}],"wp:featuredmedia":[{"embeddable":true,"href":"https:\/\/akademie.dw.de\/campusami\/wp-json\/wp\/v2\/media\/319"}],"wp:attachment":[{"href":"https:\/\/akademie.dw.de\/campusami\/wp-json\/wp\/v2\/media?parent=1982"}],"curies":[{"name":"wp","href":"https:\/\/api.w.org\/{rel}","templated":true}]}}